{"id":5809,"date":"2023-05-21T18:20:36","date_gmt":"2023-05-21T18:20:36","guid":{"rendered":"https:\/\/millenniumthaimassage.com\/terms-of-use\/"},"modified":"2024-06-27T15:46:39","modified_gmt":"2024-06-27T13:46:39","slug":"benutzungsbedingungen","status":"publish","type":"page","link":"https:\/\/millenniumthaimassage.com\/de\/terms-of-use\/","title":{"rendered":"Nutzungsbedingungen"},"content":{"rendered":"<h1>Bedingungen und Konditionen<\/h1>\n<p>Diese Bedingungen regeln Ihren Zugang zu und die Nutzung aller Inhalte, Produkte und Dienstleistungen, die auf der Website https:\/\/millenniumthaimassage.com (der \"Service\"), die von Millennium Thai Massage (\"uns\", \"wir\" oder \"unser\") betrieben wird, verf\u00fcgbar sind.<\/p>\n<p>Ihr Zugang zu unseren Diensten unterliegt Ihrer unver\u00e4nderten Zustimmung zu allen hierin enthaltenen Bestimmungen und Bedingungen sowie zu allen anderen von uns ver\u00f6ffentlichten Betriebsregeln und Richtlinien, die von Zeit zu Zeit ver\u00f6ffentlicht werden k\u00f6nnen.<\/p>\n<p>Bitte lesen Sie die Vereinbarung sorgf\u00e4ltig durch, bevor Sie auf unsere Dienste zugreifen oder diese nutzen. Indem Sie auf unsere Dienste zugreifen oder diese nutzen, erkl\u00e4ren Sie sich mit den vorliegenden Bedingungen einverstanden. Wenn Sie mit irgendeinem Teil der Bedingungen der Vereinbarung nicht einverstanden sind, d\u00fcrfen Sie nicht auf unsere Dienste zugreifen oder sie nutzen.<\/p>\n<h2>Geistiges Eigentum<\/h2>\n<p>Die Vereinbarung \u00fcbertr\u00e4gt Ihnen nicht unser geistiges Eigentum oder das geistige Eigentum Dritter, und alle Rechte, Anspr\u00fcche und Interessen an diesem Eigentum verbleiben (zwischen den Parteien) ausschlie\u00dflich bei Millennium Thai Massage und seinen Lizenzgebern.<\/p>\n<h3>Dienstleistungen von Dritten<\/h3>\n<p>Bei der Nutzung der Dienste k\u00f6nnen Sie Dienste, Produkte, Software, Einbettungen oder Anwendungen Dritter nutzen, die von Dritten entwickelt wurden (\"Dienste Dritter\").<\/p>\n<p>Wenn Sie Dienste von Drittanbietern nutzen, verstehen Sie, dass:<\/p>\n<ul>\n<li>Die Nutzung von Diensten Dritter erfolgt auf Ihr eigenes Risiko, und wir sind gegen\u00fcber niemandem verantwortlich oder haftbar f\u00fcr Websites oder Dienste Dritter.<\/li>\n<li>Sie erkennen an und stimmen zu, dass wir nicht verantwortlich oder haftbar sind f\u00fcr Sch\u00e4den oder Verluste, die durch oder in Verbindung mit der Nutzung solcher Inhalte, Waren oder Dienstleistungen, die auf oder \u00fcber solche Websites oder Dienste verf\u00fcgbar sind, verursacht wurden oder angeblich verursacht wurden.<\/li>\n<\/ul>\n<h2>Konten<\/h2>\n<p>Wenn f\u00fcr die Nutzung eines Teils unserer Dienste ein Konto erforderlich ist, verpflichten Sie sich, uns bei der Registrierung f\u00fcr ein Konto vollst\u00e4ndige und korrekte Informationen zu geben.<\/p>\n<p>Sie sind allein verantwortlich und haftbar f\u00fcr alle Aktivit\u00e4ten, die \u00fcber Ihr Konto erfolgen. Sie sind daf\u00fcr verantwortlich, Ihre Kontoinformationen auf dem neuesten Stand zu halten und Ihr Passwort sicher aufzubewahren.<\/p>\n<p>Sie sind f\u00fcr die Aufrechterhaltung der Sicherheit Ihres Kontos, das Sie f\u00fcr den Zugriff auf den Dienst verwenden, verantwortlich. Sie d\u00fcrfen Ihre Zugangsdaten nicht weitergeben oder missbrauchen. Sie m\u00fcssen uns unverz\u00fcglich \u00fcber jede unbefugte Nutzung Ihres Kontos oder \u00fcber jede andere Verletzung der Sicherheit informieren.<\/p>\n<h2>Terminierung<\/h2>\n<p>Wir k\u00f6nnen Ihren Zugang zu allen oder einem Teil unserer Dienste jederzeit, mit oder ohne Grund, mit oder ohne Vorank\u00fcndigung mit sofortiger Wirkung k\u00fcndigen oder aussetzen.<\/p>\n<p>Wenn Sie die Vereinbarung oder Ihr Millennium Thai Massage Konto k\u00fcndigen m\u00f6chten, k\u00f6nnen Sie einfach aufh\u00f6ren, unsere Dienste zu nutzen.<\/p>\n<p>Alle Bestimmungen der Vereinbarung, die ihrer Natur nach die Beendigung \u00fcberdauern sollten, \u00fcberdauern die Beendigung, einschlie\u00dflich, aber nicht beschr\u00e4nkt auf Eigentumsbestimmungen, Gew\u00e4hrleistungsausschl\u00fcsse, Entsch\u00e4digung und Haftungsbeschr\u00e4nkungen.<\/p>\n<h2>Haftungsausschluss<\/h2>\n<p>Unsere Dienstleistungen werden \"AS IS.\" und \"AS AVAILABLE\" Basis zur Verf\u00fcgung gestellt. Millennium Thai Massage und seine Lieferanten und Lizenzgeber lehnen hiermit alle ausdr\u00fccklichen oder stillschweigenden Garantien jeglicher Art ab, einschlie\u00dflich, aber nicht beschr\u00e4nkt auf die Garantien der Marktg\u00e4ngigkeit, der Eignung f\u00fcr einen bestimmten Zweck und der Nichtverletzung von Rechten. Weder Millennium Thai Massage noch seine Lieferanten und Lizenzgeber garantieren, dass unsere Dienste fehlerfrei sind oder dass der Zugang zu ihnen kontinuierlich oder ununterbrochen ist. Sie nehmen zur Kenntnis, dass das Herunterladen von unseren Diensten oder der anderweitige Bezug von Inhalten oder Diensten \u00fcber unsere Dienste nach Ihrem eigenen Ermessen und auf Ihr eigenes Risiko erfolgt.<\/p>\n<h3>Zust\u00e4ndigkeit und anwendbares Recht<\/h3>\n<p>Sofern das anwendbare Recht nichts anderes vorsieht, unterliegen die Vereinbarung und der Zugang zu unseren Diensten sowie deren Nutzung den Gesetzen Spaniens.<\/p>\n<p>Gerichtsstand f\u00fcr alle Streitigkeiten, die sich aus oder im Zusammenhang mit der Vereinbarung und dem Zugriff auf oder der Nutzung unserer Dienste ergeben, sind die Staats- und Bundesgerichte in Spanien.<\/p>\n<h2>\u00c4nderungen<\/h2>\n<p>Millennium Thai Massage beh\u00e4lt sich das Recht vor, diese Bedingungen nach eigenem Ermessen jederzeit zu \u00e4ndern oder zu ersetzen.<\/p>\n<p>Wenn wir \u00c4nderungen vornehmen, die wesentlich sind, werden wir Sie durch Ver\u00f6ffentlichung auf unserer Website oder durch Zusendung einer E-Mail oder einer anderen Mitteilung informieren, bevor die \u00c4nderungen in Kraft treten. In der Mitteilung wird ein angemessener Zeitraum angegeben, nach dem die neuen Bedingungen in Kraft treten.<\/p>\n<p>Wenn Sie mit unseren \u00c4nderungen nicht einverstanden sind, sollten Sie die Nutzung unserer Dienste innerhalb der vorgesehenen K\u00fcndigungsfrist oder mit Inkrafttreten der \u00c4nderungen einstellen.<\/p>\n<p>Ihre weitere Nutzung unserer Dienste unterliegt den neuen Bedingungen.<\/p>","protected":false},"excerpt":{"rendered":"<p>Terms and Conditions These Terms govern your access to, usage of all content, Product and Services available at https:\/\/millenniumthaimassage.com website (the \u201cService\u201d) operated by Millennium Thai Massage (\u201cus\u201d, \u201cwe\u201d, or \u201cour\u201d). Your access to our services are subject to your acceptance, without modification, of all of the terms and conditions contained herein and all other [&hellip;]<\/p>\n","protected":false},"author":8,"featured_media":0,"parent":0,"menu_order":0,"comment_status":"closed","ping_status":"closed","template":"","meta":{"footnotes":""},"class_list":["post-5809","page","type-page","status-publish","hentry"],"blocksy_meta":[],"featured_image_urls":{"full":"","thumbnail":"","medium":"","medium_large":"","large":"","1536x1536":"","2048x2048":"","trp-custom-language-flag":"","voucher-thumb":"","voucher-medium":""},"post_excerpt_stackable":"<p>Terms and Conditions These Terms govern your access to, usage of all content, Product and Services available at https:\/\/millenniumthaimassage.com website (the \u201cService\u201d) operated by Millennium Thai Massage (\u201cus\u201d, \u201cwe\u201d, or \u201cour\u201d). Your access to our services are subject to your acceptance, without modification, of all of the terms and conditions contained herein and all other operating rules and policies published and that may be published from time to time by us. Please read the Agreement carefully before accessing or using our Services. By accessing or using any part of our Services, you agree to be bound by these Terms. If&hellip;<\/p>\n","category_list":"","author_info":{"name":"JOHN","url":"https:\/\/millenniumthaimassage.com\/de\/author\/john\/"},"comments_num":"0 comments","yoast_head":"<!-- This site is optimized with the Yoast SEO Premium plugin v27.2 (Yoast SEO v27.3) - https:\/\/yoast.com\/product\/yoast-seo-premium-wordpress\/ -->\n<title>Terms of Use for Our Website - Millennium Thai Massage<\/title>\n<meta name=\"description\" content=\"Before using our website, read our terms. Be aware of our policies as you use the site \u2013 we hope to provide you a comfortable experience. Call: 34692475239\" \/>\n<meta name=\"robots\" content=\"index, follow, max-snippet:-1, max-image-preview:large, max-video-preview:-1\" \/>\n<link rel=\"canonical\" href=\"https:\/\/millenniumthaimassage.com\/de\/benutzungsbedingungen\/\" \/>\n<meta property=\"og:locale\" content=\"de_DE\" \/>\n<meta property=\"og:type\" content=\"article\" \/>\n<meta property=\"og:title\" content=\"Terms of Use\" \/>\n<meta property=\"og:description\" content=\"Before using our website, read our terms. Be aware of our policies as you use the site \u2013 we hope to provide you a comfortable experience. Call: 34692475239\" \/>\n<meta property=\"og:url\" content=\"https:\/\/millenniumthaimassage.com\/de\/benutzungsbedingungen\/\" \/>\n<meta property=\"og:site_name\" content=\"MILLENNIUM THAI MASSAGE\" \/>\n<meta property=\"article:modified_time\" content=\"2024-06-27T13:46:39+00:00\" \/>\n<meta name=\"twitter:card\" content=\"summary_large_image\" \/>\n<meta name=\"twitter:label1\" content=\"Gesch\u00e4tzte Lesezeit\" \/>\n\t<meta name=\"twitter:data1\" content=\"4\u00a0Minuten\" \/>\n<script type=\"application\/ld+json\" class=\"yoast-schema-graph\">{\"@context\":\"https:\\\/\\\/schema.org\",\"@graph\":[{\"@type\":\"WebPage\",\"@id\":\"https:\\\/\\\/millenniumthaimassage.com\\\/terms-of-use\\\/\",\"url\":\"https:\\\/\\\/millenniumthaimassage.com\\\/terms-of-use\\\/\",\"name\":\"Terms of Use for Our Website - Millennium Thai Massage\",\"isPartOf\":{\"@id\":\"https:\\\/\\\/millenniumthaimassage.com\\\/#website\"},\"datePublished\":\"2023-05-21T18:20:36+00:00\",\"dateModified\":\"2024-06-27T13:46:39+00:00\",\"description\":\"Before using our website, read our terms. Be aware of our policies as you use the site \u2013 we hope to provide you a comfortable experience. Call: 34692475239\",\"breadcrumb\":{\"@id\":\"https:\\\/\\\/millenniumthaimassage.com\\\/terms-of-use\\\/#breadcrumb\"},\"inLanguage\":\"de\",\"potentialAction\":[{\"@type\":\"ReadAction\",\"target\":[\"https:\\\/\\\/millenniumthaimassage.com\\\/terms-of-use\\\/\"]}]},{\"@type\":\"BreadcrumbList\",\"@id\":\"https:\\\/\\\/millenniumthaimassage.com\\\/terms-of-use\\\/#breadcrumb\",\"itemListElement\":[{\"@type\":\"ListItem\",\"position\":1,\"name\":\"Home\",\"item\":\"https:\\\/\\\/millenniumthaimassage.com\\\/\"},{\"@type\":\"ListItem\",\"position\":2,\"name\":\"Terms of Use\"}]},{\"@type\":\"WebSite\",\"@id\":\"https:\\\/\\\/millenniumthaimassage.com\\\/#website\",\"url\":\"https:\\\/\\\/millenniumthaimassage.com\\\/\",\"name\":\"MILLENNIUM THAI MASSAGE\",\"description\":\"Thai massage\",\"publisher\":{\"@id\":\"https:\\\/\\\/millenniumthaimassage.com\\\/#\\\/schema\\\/person\\\/5da4bdaab162dbb3348e937e27398319\"},\"potentialAction\":[{\"@type\":\"SearchAction\",\"target\":{\"@type\":\"EntryPoint\",\"urlTemplate\":\"https:\\\/\\\/millenniumthaimassage.com\\\/?s={search_term_string}\"},\"query-input\":{\"@type\":\"PropertyValueSpecification\",\"valueRequired\":true,\"valueName\":\"search_term_string\"}}],\"inLanguage\":\"de\"},{\"@type\":[\"Person\",\"Organization\"],\"@id\":\"https:\\\/\\\/millenniumthaimassage.com\\\/#\\\/schema\\\/person\\\/5da4bdaab162dbb3348e937e27398319\",\"name\":\"JOHN\",\"image\":{\"@type\":\"ImageObject\",\"inLanguage\":\"de\",\"@id\":\"https:\\\/\\\/millenniumthaimassage.com\\\/wp-content\\\/uploads\\\/2024\\\/12\\\/LOGO-04-Millennium-Thai-Massage-png-scaled.webp\",\"url\":\"https:\\\/\\\/millenniumthaimassage.com\\\/wp-content\\\/uploads\\\/2024\\\/12\\\/LOGO-04-Millennium-Thai-Massage-png-scaled.webp\",\"contentUrl\":\"https:\\\/\\\/millenniumthaimassage.com\\\/wp-content\\\/uploads\\\/2024\\\/12\\\/LOGO-04-Millennium-Thai-Massage-png-scaled.webp\",\"width\":2560,\"height\":2560,\"caption\":\"JOHN\"},\"logo\":{\"@id\":\"https:\\\/\\\/millenniumthaimassage.com\\\/wp-content\\\/uploads\\\/2024\\\/12\\\/LOGO-04-Millennium-Thai-Massage-png-scaled.webp\"},\"sameAs\":[\"http:\\\/\\\/millenniumthaimassage.com\"],\"description\":\"At Millennium Massage, we\u2019re committed to helping you feel and look your best. Our range of special treatments is designed to address a variety of health concerns, including improving circulation, reducing stress and anxiety, and alleviating the unique physical stresses of pregnancy with our pregnancy massage. We also offer beauty services like facials to help you achieve your desired look.\",\"telephone\":\"+34692475239\",\"legalName\":\"MILLENNIUM THAI MASSAGE\"}]}<\/script>\n<!-- \/ Yoast SEO Premium plugin. -->","yoast_head_json":{"title":"Nutzungsbedingungen f\u00fcr unsere Website - Millennium Thai Massage","description":"Bevor Sie unsere Website nutzen, lesen Sie unsere Bedingungen. Beachten Sie bei der Nutzung der Website unsere Richtlinien - wir hoffen, Ihnen eine angenehme Erfahrung bieten zu k\u00f6nnen. Rufen Sie an: 34692475239","robots":{"index":"index","follow":"follow","max-snippet":"max-snippet:-1","max-image-preview":"max-image-preview:large","max-video-preview":"max-video-preview:-1"},"canonical":"https:\/\/millenniumthaimassage.com\/de\/benutzungsbedingungen\/","og_locale":"de_DE","og_type":"article","og_title":"Terms of Use","og_description":"Before using our website, read our terms. Be aware of our policies as you use the site \u2013 we hope to provide you a comfortable experience. Call: 34692475239","og_url":"https:\/\/millenniumthaimassage.com\/de\/benutzungsbedingungen\/","og_site_name":"MILLENNIUM THAI MASSAGE","article_modified_time":"2024-06-27T13:46:39+00:00","twitter_card":"summary_large_image","twitter_misc":{"Gesch\u00e4tzte Lesezeit":"4\u00a0Minuten"},"schema":{"@context":"https:\/\/schema.org","@graph":[{"@type":"WebPage","@id":"https:\/\/millenniumthaimassage.com\/terms-of-use\/","url":"https:\/\/millenniumthaimassage.com\/terms-of-use\/","name":"Nutzungsbedingungen f\u00fcr unsere Website - Millennium Thai Massage","isPartOf":{"@id":"https:\/\/millenniumthaimassage.com\/#website"},"datePublished":"2023-05-21T18:20:36+00:00","dateModified":"2024-06-27T13:46:39+00:00","description":"Bevor Sie unsere Website nutzen, lesen Sie unsere Bedingungen. Beachten Sie bei der Nutzung der Website unsere Richtlinien - wir hoffen, Ihnen eine angenehme Erfahrung bieten zu k\u00f6nnen. Rufen Sie an: 34692475239","breadcrumb":{"@id":"https:\/\/millenniumthaimassage.com\/terms-of-use\/#breadcrumb"},"inLanguage":"de","potentialAction":[{"@type":"ReadAction","target":["https:\/\/millenniumthaimassage.com\/terms-of-use\/"]}]},{"@type":"BreadcrumbList","@id":"https:\/\/millenniumthaimassage.com\/terms-of-use\/#breadcrumb","itemListElement":[{"@type":"ListItem","position":1,"name":"Home","item":"https:\/\/millenniumthaimassage.com\/"},{"@type":"ListItem","position":2,"name":"Terms of Use"}]},{"@type":"WebSite","@id":"https:\/\/millenniumthaimassage.com\/#website","url":"https:\/\/millenniumthaimassage.com\/","name":"MILLENNIUM THAI MASSAGE","description":"Thai-Massage","publisher":{"@id":"https:\/\/millenniumthaimassage.com\/#\/schema\/person\/5da4bdaab162dbb3348e937e27398319"},"potentialAction":[{"@type":"SearchAction","target":{"@type":"EntryPoint","urlTemplate":"https:\/\/millenniumthaimassage.com\/?s={search_term_string}"},"query-input":{"@type":"PropertyValueSpecification","valueRequired":true,"valueName":"search_term_string"}}],"inLanguage":"de"},{"@type":["Person","Organization"],"@id":"https:\/\/millenniumthaimassage.com\/#\/schema\/person\/5da4bdaab162dbb3348e937e27398319","name":"JOHN","image":{"@type":"ImageObject","inLanguage":"de","@id":"https:\/\/millenniumthaimassage.com\/wp-content\/uploads\/2024\/12\/LOGO-04-Millennium-Thai-Massage-png-scaled.webp","url":"https:\/\/millenniumthaimassage.com\/wp-content\/uploads\/2024\/12\/LOGO-04-Millennium-Thai-Massage-png-scaled.webp","contentUrl":"https:\/\/millenniumthaimassage.com\/wp-content\/uploads\/2024\/12\/LOGO-04-Millennium-Thai-Massage-png-scaled.webp","width":2560,"height":2560,"caption":"JOHN"},"logo":{"@id":"https:\/\/millenniumthaimassage.com\/wp-content\/uploads\/2024\/12\/LOGO-04-Millennium-Thai-Massage-png-scaled.webp"},"sameAs":["http:\/\/millenniumthaimassage.com"],"description":"Bei Millennium Massage haben wir uns verpflichtet, Ihnen dabei zu helfen, sich gut zu f\u00fchlen und gut auszusehen. Unser Angebot an Spezialbehandlungen ist auf eine Vielzahl von gesundheitlichen Problemen ausgerichtet, darunter die Verbesserung der Durchblutung, der Abbau von Stress und \u00c4ngsten und die Linderung der besonderen k\u00f6rperlichen Belastungen w\u00e4hrend der Schwangerschaft durch unsere Schwangerschaftsmassage. Wir bieten auch Sch\u00f6nheitsdienstleistungen wie Gesichtsbehandlungen an, um Ihnen zu Ihrem gew\u00fcnschten Aussehen zu verhelfen.","telephone":"+34692475239","legalName":"MILLENNIUM THAI MASSAGE"}]}},"_links":{"self":[{"href":"https:\/\/millenniumthaimassage.com\/de\/wp-json\/wp\/v2\/pages\/5809","targetHints":{"allow":["GET"]}}],"collection":[{"href":"https:\/\/millenniumthaimassage.com\/de\/wp-json\/wp\/v2\/pages"}],"about":[{"href":"https:\/\/millenniumthaimassage.com\/de\/wp-json\/wp\/v2\/types\/page"}],"author":[{"embeddable":true,"href":"https:\/\/millenniumthaimassage.com\/de\/wp-json\/wp\/v2\/users\/8"}],"replies":[{"embeddable":true,"href":"https:\/\/millenniumthaimassage.com\/de\/wp-json\/wp\/v2\/comments?post=5809"}],"version-history":[{"count":2,"href":"https:\/\/millenniumthaimassage.com\/de\/wp-json\/wp\/v2\/pages\/5809\/revisions"}],"predecessor-version":[{"id":7167,"href":"https:\/\/millenniumthaimassage.com\/de\/wp-json\/wp\/v2\/pages\/5809\/revisions\/7167"}],"wp:attachment":[{"href":"https:\/\/millenniumthaimassage.com\/de\/wp-json\/wp\/v2\/media?parent=5809"}],"curies":[{"name":"wp","href":"https:\/\/api.w.org\/{rel}","templated":true}]}}