{"id":5810,"date":"2023-05-21T18:20:40","date_gmt":"2023-05-21T18:20:40","guid":{"rendered":"https:\/\/millenniumthaimassage.com\/privacy-policy\/"},"modified":"2024-06-27T15:45:27","modified_gmt":"2024-06-27T13:45:27","slug":"datenschutzbestimmungen","status":"publish","type":"page","link":"https:\/\/millenniumthaimassage.com\/de\/privacy-policy\/","title":{"rendered":"Datenschutzbestimmungen"},"content":{"rendered":"<h1>Datenschutzbestimmungen<\/h1>\n<p>Diese Erkl\u00e4rung regelt unsere Datenschutzrichtlinien in Bezug auf die Benutzer der Website (\"Besucher\"), die die Website besuchen, ohne Gesch\u00e4fte abzuschlie\u00dfen, und die Besucher, die sich registrieren lassen, um Gesch\u00e4fte auf der Website abzuschlie\u00dfen und die verschiedenen von Millennium Thai Massage angebotenen Dienstleistungen (zusammenfassend als \"Dienstleistungen\" bezeichnet) in Anspruch zu nehmen (\"autorisierte Kunden\").<\/p>\n<p><span style=\"font-weight: bold;\">\"Pers\u00f6nlich identifizierbare Informationen\" <\/span><\/p>\n<p>bezieht sich auf alle Informationen, die die Person, auf die sich diese Informationen beziehen, identifizieren oder dazu verwendet werden k\u00f6nnen, sie zu identifizieren, zu kontaktieren oder ausfindig zu machen, einschlie\u00dflich, aber nicht beschr\u00e4nkt auf, Name, Adresse, Telefonnummer, Faxnummer, E-Mail-Adresse, Finanzprofile, Sozialversicherungsnummer und Kreditkarteninformationen. Pers\u00f6nlich identifizierbare Informationen umfassen keine Informationen, die anonym (d.h. ohne Identifizierung des einzelnen Nutzers) oder demografische Informationen, die nicht mit einer identifizierten Person verbunden sind, gesammelt werden.<\/p>\n<p><span style=\"font-weight: bold;\">Welche pers\u00f6nlich identifizierbaren Informationen werden gesammelt? <\/span><\/p>\n<p>Wir k\u00f6nnen grundlegende Benutzerprofilinformationen von allen unseren Besuchern sammeln. Wir sammeln die folgenden zus\u00e4tzlichen Informationen von unseren autorisierten Kunden: die Namen, Adressen, Telefonnummern und E-Mail-Adressen der autorisierten Kunden, die Art und Gr\u00f6\u00dfe des Unternehmens sowie die Art und Gr\u00f6\u00dfe des Werbeinventars, das der autorisierte Kunde zu kaufen oder zu verkaufen beabsichtigt.<\/p>\n<p><span style=\"font-weight: bold;\">Welche Organisationen sammeln die Informationen? <\/span><\/p>\n<p>Zus\u00e4tzlich zu unserer direkten Sammlung von Informationen k\u00f6nnen unsere Drittanbieter (wie Kreditkartenunternehmen, Verrechnungsstellen und Banken), die Dienstleistungen wie Kredit-, Versicherungs- und Treuhanddienste anbieten, diese Informationen von unseren Besuchern und autorisierten Kunden sammeln. Wir kontrollieren nicht, wie diese Dritten solche Informationen verwenden, aber wir bitten sie, offenzulegen, wie sie pers\u00f6nliche Informationen verwenden, die ihnen von Besuchern und autorisierten Kunden zur Verf\u00fcgung gestellt werden. Einige dieser Drittparteien k\u00f6nnen Vermittler sein, die lediglich als Glieder in der Vertriebskette fungieren und die an sie weitergegebenen Informationen nicht speichern, aufbewahren oder verwenden.<\/p>\n<p><span style=\"font-weight: bold;\">Wie verwendet die Website personenbezogene Daten?<\/span><\/p>\n<p>Wir verwenden personenbezogene Daten, um die Website anzupassen, geeignete Serviceangebote zu machen und um Kauf- und Verkaufsanfragen auf der Website zu erf\u00fcllen. Wir k\u00f6nnen Besucher und autorisierte Kunden per E-Mail \u00fcber Forschungs- oder Kauf- und Verkaufsm\u00f6glichkeiten auf der Website oder \u00fcber Informationen, die sich auf das Thema der Website beziehen, informieren. Wir k\u00f6nnen personenbezogene Daten auch verwenden, um Besucher und autorisierte Kunden als Antwort auf spezifische Anfragen zu kontaktieren oder um angeforderte Informationen bereitzustellen.<\/p>\n<p><span style=\"font-weight: bold;\">An wen d\u00fcrfen die Informationen weitergegeben werden?<\/span><\/p>\n<p>Pers\u00f6nlich identifizierbare Informationen \u00fcber autorisierte Kunden k\u00f6nnen mit anderen autorisierten Kunden geteilt werden, die potenzielle Transaktionen mit anderen autorisierten Kunden bewerten m\u00f6chten. Wir k\u00f6nnen zusammengefasste Informationen \u00fcber unsere Besucher, einschlie\u00dflich der demographischen Daten unserer Besucher und autorisierten Kunden, mit unseren angeschlossenen Agenturen und Drittanbietern teilen. Wir bieten Ihnen auch die M\u00f6glichkeit, den Erhalt von Informationen oder die Kontaktaufnahme durch uns oder durch eine in unserem Namen handelnde Agentur abzulehnen.<\/p>\n<p><span style=\"font-weight: bold;\">Wie werden pers\u00f6nlich identifizierbare Informationen gespeichert?<\/span><\/p>\n<p>Pers\u00f6nlich identifizierbare Informationen, die von Millennium Thai Massage gesammelt werden, werden sicher aufbewahrt und sind weder f\u00fcr Dritte noch f\u00fcr Mitarbeiter von Millennium Thai Massage zug\u00e4nglich, au\u00dfer zur Verwendung wie oben angegeben.<\/p>\n<p><span style=\"font-weight: bold;\">Welche Wahlm\u00f6glichkeiten haben die Besucher in Bezug auf die Sammlung, Verwendung und Verbreitung der Informationen?<\/span><\/p>\n<p>Besucher und autorisierte Kunden k\u00f6nnen den Erhalt von unaufgeforderten Informationen oder die Kontaktaufnahme durch uns und\/oder unsere Verk\u00e4ufer und angeschlossenen Agenturen ablehnen, indem sie auf E-Mails wie angewiesen antworten oder uns unter Llevante beach, Av. Madrid 1 Edi. Estacha Local 1, 03503 Benidorm, Spanien<\/p>\n<p><span style=\"font-weight: bold;\">Werden auf der Website Cookies verwendet?<\/span><\/p>\n<p>Cookies werden aus einer Vielzahl von Gr\u00fcnden verwendet. Wir verwenden Cookies, um Informationen \u00fcber die Pr\u00e4ferenzen unserer Besucher und die von ihnen gew\u00e4hlten Dienste zu erhalten. Wir verwenden Cookies auch zu Sicherheitszwecken, um unsere autorisierten Kunden zu sch\u00fctzen. Wenn zum Beispiel ein autorisierter Kunde angemeldet ist und die Seite l\u00e4nger als 10 Minuten nicht benutzt wird, melden wir den autorisierten Kunden automatisch ab.<\/p>\n<p><span style=\"font-weight: bold;\">Wie verwendet Millennium Thai Massage die Anmeldeinformationen? <\/span><\/p>\n<p>Millennium Thai Massage verwendet Anmeldeinformationen, einschlie\u00dflich, aber nicht beschr\u00e4nkt auf, IP-Adressen, ISPs und Browsertypen, um Trends zu analysieren, die Website zu verwalten, die Bewegungen und die Nutzung eines Benutzers zu verfolgen und breite demografische Informationen zu sammeln.<\/p>\n<p><span style=\"font-weight: bold;\">Welche Partner oder Dienstleister haben Zugriff auf personenbezogene Daten von Besuchern und\/oder autorisierten Kunden auf der Website?<\/span><\/p>\n<p>Millennium Thai Massage ist Partnerschaften und andere Verbindungen mit einer Reihe von Anbietern eingegangen und wird dies auch weiterhin tun, die Zugang zu bestimmten pers\u00f6nlich identifizierbaren Informationen haben, um autorisierte Kunden auf ihre Eignung f\u00fcr Dienstleistungen zu pr\u00fcfen. Unsere Datenschutzrichtlinien gelten nicht f\u00fcr die Sammlung oder Verwendung dieser Informationen. Offenlegung von personenbezogenen Daten zur Einhaltung von Gesetzen. Wir legen personenbezogene Daten offen, um einer gerichtlichen Anordnung oder Vorladung oder einer Aufforderung einer Strafverfolgungsbeh\u00f6rde zur Herausgabe von Informationen nachzukommen. Wir werden auch pers\u00f6nlich identifizierbare Informationen offenlegen, wenn dies vern\u00fcnftigerweise notwendig ist, um die Sicherheit unserer Besucher und autorisierten Kunden zu sch\u00fctzen.<\/p>\n<p><span style=\"font-weight: bold;\">Wie werden personenbezogene Daten auf der Website gesch\u00fctzt?<\/span><\/p>\n<p>Alle unsere Mitarbeiter sind mit unserer Sicherheitspolitik und -praxis vertraut. Die personenbezogenen Daten unserer Besucher und autorisierten Kunden sind nur einer begrenzten Anzahl von qualifizierten Mitarbeitern zug\u00e4nglich, die ein Passwort erhalten, um Zugang zu den Informationen zu erhalten. Wir \u00fcberpr\u00fcfen unsere Sicherheitssysteme und -prozesse regelm\u00e4\u00dfig. Sensible Informationen wie Kreditkartennummern oder Sozialversicherungsnummern werden durch Verschl\u00fcsselungsprotokolle gesch\u00fctzt, die zum Schutz von \u00fcber das Internet gesendeten Informationen eingesetzt werden. Obwohl wir wirtschaftlich angemessene Ma\u00dfnahmen ergreifen, um eine sichere Website aufrechtzuerhalten, unterliegen elektronische Kommunikation und Datenbanken Fehlern, Manipulationen und Einbr\u00fcchen, und wir k\u00f6nnen nicht garantieren oder gew\u00e4hrleisten, dass solche Ereignisse nicht stattfinden, und wir haften gegen\u00fcber Besuchern oder autorisierten Kunden nicht f\u00fcr solche Vorkommnisse.<\/p>\n<p><span style=\"font-weight: bold;\">Wie k\u00f6nnen die Besucher etwaige Ungenauigkeiten in den personenbezogenen Daten korrigieren?<\/span><\/p>\n<p>Besucher und autorisierte Kunden k\u00f6nnen sich mit uns in Verbindung setzen, um pers\u00f6nlich identifizierbare Informationen \u00fcber sie zu aktualisieren oder Ungenauigkeiten zu korrigieren, indem sie uns eine E-Mail an info@millenniumthaimassage.com schicken.<\/p>\n<p><span style=\"font-weight: bold;\">Kann ein Besucher die von der Website erfassten personenbezogenen Daten l\u00f6schen oder deaktivieren?<\/span><\/p>\n<p>Wir stellen Besuchern und autorisierten Kunden einen Mechanismus zur Verf\u00fcgung, um pers\u00f6nlich identifizierbare Informationen aus der Datenbank der Website zu l\u00f6schen\/deaktivieren, indem sie sich an . Aufgrund von Sicherungskopien und Aufzeichnungen von L\u00f6schungen kann es jedoch unm\u00f6glich sein, den Eintrag eines Besuchers zu l\u00f6schen, ohne dass einige Restinformationen erhalten bleiben. Personen, die die Deaktivierung personenbezogener Daten beantragen, werden diese Daten funktionell gel\u00f6scht, und wir werden personenbezogene Daten, die sich auf diese Person beziehen, nicht verkaufen, \u00fcbertragen oder in irgendeiner Weise verwenden.<\/p>\n<p><span style=\"font-weight: bold;\">Was passiert, wenn sich die Datenschutzbestimmungen \u00e4ndern?<\/span><\/p>\n<p>Wir werden unsere Besucher und autorisierten Kunden \u00fcber \u00c4nderungen unserer Datenschutzrichtlinien informieren, indem wir solche \u00c4nderungen auf der Website ver\u00f6ffentlichen. Wenn wir jedoch unsere Datenschutzrichtlinien in einer Weise \u00e4ndern, die zur Offenlegung personenbezogener Daten f\u00fchren k\u00f6nnte, die ein Besucher oder autorisierter Kunde zuvor beantragt hat, nicht offengelegt zu werden, werden wir diesen Besucher oder autorisierten Kunden kontaktieren, um ihm die M\u00f6glichkeit zu geben, diese Offenlegung zu verhindern.<\/p>\n<p><span style=\"font-weight: bold;\">Links:<\/span><\/p>\n<p>https:\/\/millenniumthaimassage.com enth\u00e4lt Links zu anderen Websites. Bitte beachten Sie, dass Sie beim Anklicken eines dieser Links auf eine andere Website wechseln. Wir empfehlen Ihnen, die Datenschutzerkl\u00e4rungen dieser verlinkten Websites zu lesen, da sich deren Datenschutzrichtlinien von unseren unterscheiden k\u00f6nnen.<\/p>","protected":false},"excerpt":{"rendered":"<p>Privacy Policy Welcome to https:\/\/millenniumthaimassage.com (the \u201dSite\u201d).We understand that privacy online is important to users of our Site, especially when conducting business.This statement governs our privacy policies with respect to those users of the Site (\u201dVisitors\u201d) who visit without transacting business and Visitors who register to transact business on the Site and make use of [&hellip;]<\/p>\n","protected":false},"author":8,"featured_media":0,"parent":0,"menu_order":0,"comment_status":"closed","ping_status":"closed","template":"","meta":{"footnotes":""},"class_list":["post-5810","page","type-page","status-publish","hentry"],"blocksy_meta":[],"featured_image_urls":{"full":"","thumbnail":"","medium":"","medium_large":"","large":"","1536x1536":"","2048x2048":"","trp-custom-language-flag":"","voucher-thumb":"","voucher-medium":""},"post_excerpt_stackable":"<p>Privacy Policy Welcome to https:\/\/millenniumthaimassage.com (the \u201dSite\u201d).We understand that privacy online is important to users of our Site, especially when conducting business.This statement governs our privacy policies with respect to those users of the Site (\u201dVisitors\u201d) who visit without transacting business and Visitors who register to transact business on the Site and make use of the various services offered by Millennium Thai Massage (collectively, \u201dServices\u201d) (\u201dAuthorized Customers\u201d). \u201dPersonally Identifiable Information\u201d refers to any information that identifies or can be used to identify, contact, or locate the person to whom such information pertains, including, but not limited to, name, address, phone&hellip;<\/p>\n","category_list":"","author_info":{"name":"JOHN","url":"https:\/\/millenniumthaimassage.com\/de\/author\/john\/"},"comments_num":"0 comments","yoast_head":"<!-- This site is optimized with the Yoast SEO Premium plugin v27.2 (Yoast SEO v27.3) - https:\/\/yoast.com\/product\/yoast-seo-premium-wordpress\/ -->\n<title>Read Millennium Thai Massage\u2019s Privacy Policy<\/title>\n<meta name=\"description\" content=\"Your privacy comes first for us. Get details on how we collect and use private information and how we protect it. Call: 34692475239\" \/>\n<meta name=\"robots\" content=\"index, follow, max-snippet:-1, max-image-preview:large, max-video-preview:-1\" \/>\n<link rel=\"canonical\" href=\"https:\/\/millenniumthaimassage.com\/de\/datenschutzbestimmungen\/\" \/>\n<meta property=\"og:locale\" content=\"de_DE\" \/>\n<meta property=\"og:type\" content=\"article\" \/>\n<meta property=\"og:title\" content=\"Privacy Policy\" \/>\n<meta property=\"og:description\" content=\"Your privacy comes first for us. Get details on how we collect and use private information and how we protect it. Call: 34692475239\" \/>\n<meta property=\"og:url\" content=\"https:\/\/millenniumthaimassage.com\/de\/datenschutzbestimmungen\/\" \/>\n<meta property=\"og:site_name\" content=\"MILLENNIUM THAI MASSAGE\" \/>\n<meta property=\"article:modified_time\" content=\"2024-06-27T13:45:27+00:00\" \/>\n<meta name=\"twitter:card\" content=\"summary_large_image\" \/>\n<meta name=\"twitter:label1\" content=\"Gesch\u00e4tzte Lesezeit\" \/>\n\t<meta name=\"twitter:data1\" content=\"6\u00a0Minuten\" \/>\n<script type=\"application\/ld+json\" class=\"yoast-schema-graph\">{\"@context\":\"https:\\\/\\\/schema.org\",\"@graph\":[{\"@type\":\"WebPage\",\"@id\":\"https:\\\/\\\/millenniumthaimassage.com\\\/privacy-policy\\\/\",\"url\":\"https:\\\/\\\/millenniumthaimassage.com\\\/privacy-policy\\\/\",\"name\":\"Read Millennium Thai Massage\u2019s Privacy Policy\",\"isPartOf\":{\"@id\":\"https:\\\/\\\/millenniumthaimassage.com\\\/#website\"},\"datePublished\":\"2023-05-21T18:20:40+00:00\",\"dateModified\":\"2024-06-27T13:45:27+00:00\",\"description\":\"Your privacy comes first for us. Get details on how we collect and use private information and how we protect it. Call: 34692475239\",\"breadcrumb\":{\"@id\":\"https:\\\/\\\/millenniumthaimassage.com\\\/privacy-policy\\\/#breadcrumb\"},\"inLanguage\":\"de\",\"potentialAction\":[{\"@type\":\"ReadAction\",\"target\":[\"https:\\\/\\\/millenniumthaimassage.com\\\/privacy-policy\\\/\"]}]},{\"@type\":\"BreadcrumbList\",\"@id\":\"https:\\\/\\\/millenniumthaimassage.com\\\/privacy-policy\\\/#breadcrumb\",\"itemListElement\":[{\"@type\":\"ListItem\",\"position\":1,\"name\":\"Home\",\"item\":\"https:\\\/\\\/millenniumthaimassage.com\\\/\"},{\"@type\":\"ListItem\",\"position\":2,\"name\":\"Privacy Policy\"}]},{\"@type\":\"WebSite\",\"@id\":\"https:\\\/\\\/millenniumthaimassage.com\\\/#website\",\"url\":\"https:\\\/\\\/millenniumthaimassage.com\\\/\",\"name\":\"MILLENNIUM THAI MASSAGE\",\"description\":\"Thai massage\",\"publisher\":{\"@id\":\"https:\\\/\\\/millenniumthaimassage.com\\\/#\\\/schema\\\/person\\\/5da4bdaab162dbb3348e937e27398319\"},\"potentialAction\":[{\"@type\":\"SearchAction\",\"target\":{\"@type\":\"EntryPoint\",\"urlTemplate\":\"https:\\\/\\\/millenniumthaimassage.com\\\/?s={search_term_string}\"},\"query-input\":{\"@type\":\"PropertyValueSpecification\",\"valueRequired\":true,\"valueName\":\"search_term_string\"}}],\"inLanguage\":\"de\"},{\"@type\":[\"Person\",\"Organization\"],\"@id\":\"https:\\\/\\\/millenniumthaimassage.com\\\/#\\\/schema\\\/person\\\/5da4bdaab162dbb3348e937e27398319\",\"name\":\"JOHN\",\"image\":{\"@type\":\"ImageObject\",\"inLanguage\":\"de\",\"@id\":\"https:\\\/\\\/millenniumthaimassage.com\\\/wp-content\\\/uploads\\\/2024\\\/12\\\/LOGO-04-Millennium-Thai-Massage-png-scaled.webp\",\"url\":\"https:\\\/\\\/millenniumthaimassage.com\\\/wp-content\\\/uploads\\\/2024\\\/12\\\/LOGO-04-Millennium-Thai-Massage-png-scaled.webp\",\"contentUrl\":\"https:\\\/\\\/millenniumthaimassage.com\\\/wp-content\\\/uploads\\\/2024\\\/12\\\/LOGO-04-Millennium-Thai-Massage-png-scaled.webp\",\"width\":2560,\"height\":2560,\"caption\":\"JOHN\"},\"logo\":{\"@id\":\"https:\\\/\\\/millenniumthaimassage.com\\\/wp-content\\\/uploads\\\/2024\\\/12\\\/LOGO-04-Millennium-Thai-Massage-png-scaled.webp\"},\"sameAs\":[\"http:\\\/\\\/millenniumthaimassage.com\"],\"description\":\"At Millennium Massage, we\u2019re committed to helping you feel and look your best. Our range of special treatments is designed to address a variety of health concerns, including improving circulation, reducing stress and anxiety, and alleviating the unique physical stresses of pregnancy with our pregnancy massage. We also offer beauty services like facials to help you achieve your desired look.\",\"telephone\":\"+34692475239\",\"legalName\":\"MILLENNIUM THAI MASSAGE\"}]}<\/script>\n<!-- \/ Yoast SEO Premium plugin. -->","yoast_head_json":{"title":"Lesen Sie die Datenschutzbestimmungen von Millennium Thai Massage","description":"Ihre Privatsph\u00e4re steht f\u00fcr uns an erster Stelle. Informieren Sie sich dar\u00fcber, wie wir private Daten sammeln und verwenden und wie wir sie sch\u00fctzen. Rufen Sie an: 34692475239","robots":{"index":"index","follow":"follow","max-snippet":"max-snippet:-1","max-image-preview":"max-image-preview:large","max-video-preview":"max-video-preview:-1"},"canonical":"https:\/\/millenniumthaimassage.com\/de\/datenschutzbestimmungen\/","og_locale":"de_DE","og_type":"article","og_title":"Privacy Policy","og_description":"Your privacy comes first for us. Get details on how we collect and use private information and how we protect it. Call: 34692475239","og_url":"https:\/\/millenniumthaimassage.com\/de\/datenschutzbestimmungen\/","og_site_name":"MILLENNIUM THAI MASSAGE","article_modified_time":"2024-06-27T13:45:27+00:00","twitter_card":"summary_large_image","twitter_misc":{"Gesch\u00e4tzte Lesezeit":"6\u00a0Minuten"},"schema":{"@context":"https:\/\/schema.org","@graph":[{"@type":"WebPage","@id":"https:\/\/millenniumthaimassage.com\/privacy-policy\/","url":"https:\/\/millenniumthaimassage.com\/privacy-policy\/","name":"Lesen Sie die Datenschutzbestimmungen von Millennium Thai Massage","isPartOf":{"@id":"https:\/\/millenniumthaimassage.com\/#website"},"datePublished":"2023-05-21T18:20:40+00:00","dateModified":"2024-06-27T13:45:27+00:00","description":"Ihre Privatsph\u00e4re steht f\u00fcr uns an erster Stelle. Informieren Sie sich dar\u00fcber, wie wir private Daten sammeln und verwenden und wie wir sie sch\u00fctzen. Rufen Sie an: 34692475239","breadcrumb":{"@id":"https:\/\/millenniumthaimassage.com\/privacy-policy\/#breadcrumb"},"inLanguage":"de","potentialAction":[{"@type":"ReadAction","target":["https:\/\/millenniumthaimassage.com\/privacy-policy\/"]}]},{"@type":"BreadcrumbList","@id":"https:\/\/millenniumthaimassage.com\/privacy-policy\/#breadcrumb","itemListElement":[{"@type":"ListItem","position":1,"name":"Home","item":"https:\/\/millenniumthaimassage.com\/"},{"@type":"ListItem","position":2,"name":"Privacy Policy"}]},{"@type":"WebSite","@id":"https:\/\/millenniumthaimassage.com\/#website","url":"https:\/\/millenniumthaimassage.com\/","name":"MILLENNIUM THAI MASSAGE","description":"Thai-Massage","publisher":{"@id":"https:\/\/millenniumthaimassage.com\/#\/schema\/person\/5da4bdaab162dbb3348e937e27398319"},"potentialAction":[{"@type":"SearchAction","target":{"@type":"EntryPoint","urlTemplate":"https:\/\/millenniumthaimassage.com\/?s={search_term_string}"},"query-input":{"@type":"PropertyValueSpecification","valueRequired":true,"valueName":"search_term_string"}}],"inLanguage":"de"},{"@type":["Person","Organization"],"@id":"https:\/\/millenniumthaimassage.com\/#\/schema\/person\/5da4bdaab162dbb3348e937e27398319","name":"JOHN","image":{"@type":"ImageObject","inLanguage":"de","@id":"https:\/\/millenniumthaimassage.com\/wp-content\/uploads\/2024\/12\/LOGO-04-Millennium-Thai-Massage-png-scaled.webp","url":"https:\/\/millenniumthaimassage.com\/wp-content\/uploads\/2024\/12\/LOGO-04-Millennium-Thai-Massage-png-scaled.webp","contentUrl":"https:\/\/millenniumthaimassage.com\/wp-content\/uploads\/2024\/12\/LOGO-04-Millennium-Thai-Massage-png-scaled.webp","width":2560,"height":2560,"caption":"JOHN"},"logo":{"@id":"https:\/\/millenniumthaimassage.com\/wp-content\/uploads\/2024\/12\/LOGO-04-Millennium-Thai-Massage-png-scaled.webp"},"sameAs":["http:\/\/millenniumthaimassage.com"],"description":"Bei Millennium Massage haben wir uns verpflichtet, Ihnen dabei zu helfen, sich gut zu f\u00fchlen und gut auszusehen. Unser Angebot an Spezialbehandlungen ist auf eine Vielzahl von gesundheitlichen Problemen ausgerichtet, darunter die Verbesserung der Durchblutung, der Abbau von Stress und \u00c4ngsten und die Linderung der besonderen k\u00f6rperlichen Belastungen w\u00e4hrend der Schwangerschaft durch unsere Schwangerschaftsmassage. Wir bieten auch Sch\u00f6nheitsdienstleistungen wie Gesichtsbehandlungen an, um Ihnen zu Ihrem gew\u00fcnschten Aussehen zu verhelfen.","telephone":"+34692475239","legalName":"MILLENNIUM THAI MASSAGE"}]}},"_links":{"self":[{"href":"https:\/\/millenniumthaimassage.com\/de\/wp-json\/wp\/v2\/pages\/5810","targetHints":{"allow":["GET"]}}],"collection":[{"href":"https:\/\/millenniumthaimassage.com\/de\/wp-json\/wp\/v2\/pages"}],"about":[{"href":"https:\/\/millenniumthaimassage.com\/de\/wp-json\/wp\/v2\/types\/page"}],"author":[{"embeddable":true,"href":"https:\/\/millenniumthaimassage.com\/de\/wp-json\/wp\/v2\/users\/8"}],"replies":[{"embeddable":true,"href":"https:\/\/millenniumthaimassage.com\/de\/wp-json\/wp\/v2\/comments?post=5810"}],"version-history":[{"count":4,"href":"https:\/\/millenniumthaimassage.com\/de\/wp-json\/wp\/v2\/pages\/5810\/revisions"}],"predecessor-version":[{"id":7675,"href":"https:\/\/millenniumthaimassage.com\/de\/wp-json\/wp\/v2\/pages\/5810\/revisions\/7675"}],"wp:attachment":[{"href":"https:\/\/millenniumthaimassage.com\/de\/wp-json\/wp\/v2\/media?parent=5810"}],"curies":[{"name":"wp","href":"https:\/\/api.w.org\/{rel}","templated":true}]}}