{"id":5809,"date":"2023-05-21T18:20:36","date_gmt":"2023-05-21T18:20:36","guid":{"rendered":"https:\/\/millenniumthaimassage.com\/terms-of-use\/"},"modified":"2024-06-27T15:46:39","modified_gmt":"2024-06-27T13:46:39","slug":"condiciones-de-uso","status":"publish","type":"page","link":"https:\/\/millenniumthaimassage.com\/es\/terms-of-use\/","title":{"rendered":"Condiciones de uso"},"content":{"rendered":"<h1>Condiciones generales<\/h1>\n<p>Estos T\u00e9rminos rigen su acceso y uso de todos los contenidos, productos y servicios disponibles en el sitio web https:\/\/millenniumthaimassage.com (el \"Servicio\") operado por Millennium Thai Massage (\"nosotros\" o \"nuestro\").<\/p>\n<p>Su acceso a nuestros servicios est\u00e1 sujeto a su aceptaci\u00f3n, sin modificaci\u00f3n alguna, de todos los t\u00e9rminos y condiciones aqu\u00ed contenidos y de todas las dem\u00e1s normas y pol\u00edticas de funcionamiento publicadas y que podamos publicar peri\u00f3dicamente.<\/p>\n<p>Por favor, lea atentamente el Acuerdo antes de acceder o utilizar nuestros Servicios. Al acceder o utilizar cualquier parte de nuestros Servicios, usted acepta quedar vinculado por estas Condiciones. Si no est\u00e1 de acuerdo con alguna parte de los t\u00e9rminos del Acuerdo, no podr\u00e1 acceder ni utilizar nuestros Servicios.<\/p>\n<h2>Propiedad intelectual<\/h2>\n<p>El Acuerdo no transfiere de nosotros a usted cualquiera de los nuestros o de propiedad intelectual de terceros, y todos los derechos, t\u00edtulos e intereses sobre y para dicha propiedad permanecer\u00e1 (entre las partes) \u00fanicamente con Millennium Thai Massage y sus licenciantes.<\/p>\n<h3>Servicios de terceros<\/h3>\n<p>Al utilizar los Servicios, puede utilizar servicios, productos, software, incrustaciones o aplicaciones de terceros desarrollados por terceros (\"Servicios de terceros\").<\/p>\n<p>Si utiliza cualquier Servicio de Terceros, usted entiende que:<\/p>\n<ul>\n<li>Cualquier uso de un Servicio de Terceros corre por su cuenta y riesgo, y no seremos responsables ante nadie por los sitios web o Servicios de Terceros.<\/li>\n<li>Usted reconoce y acepta que no seremos responsables de cualquier da\u00f1o o p\u00e9rdida causada o supuestamente causada por o en conexi\u00f3n con el uso de cualquier contenido, bienes o servicios disponibles en o a trav\u00e9s de cualquiera de dichos sitios web o servicios.<\/li>\n<\/ul>\n<h2>Cuentas<\/h2>\n<p>Cuando el uso de cualquier parte de nuestros Servicios requiera una cuenta, usted se compromete a proporcionarnos informaci\u00f3n completa y precisa cuando se registre para obtener una cuenta.<\/p>\n<p>Usted ser\u00e1 el \u00fanico responsable de cualquier actividad que se produzca en su cuenta. Usted es responsable de mantener actualizada la informaci\u00f3n de su cuenta y de mantener segura su contrase\u00f1a.<\/p>\n<p>Usted es responsable de mantener la seguridad de la cuenta que utiliza para acceder al Servicio. No compartir\u00e1 ni utilizar\u00e1 indebidamente sus credenciales de acceso. Deber\u00e1 notificarnos inmediatamente cualquier uso no autorizado de su cuenta o cuando tenga conocimiento de cualquier otra violaci\u00f3n de la seguridad.<\/p>\n<h2>Terminaci\u00f3n<\/h2>\n<p>Podemos terminar o suspender su acceso a todos o parte de nuestros Servicios en cualquier momento, con o sin causa, con o sin previo aviso, con efecto inmediato.<\/p>\n<p>Si desea rescindir el Acuerdo o su cuenta de Millennium Thai Massage, puede simplemente dejar de utilizar nuestros Servicios.<\/p>\n<p>Todas las disposiciones del Contrato que, por su naturaleza, deban seguir vigentes tras la rescisi\u00f3n, seguir\u00e1n vigentes tras la rescisi\u00f3n, incluidas, entre otras, las disposiciones sobre propiedad, exclusi\u00f3n de garant\u00edas, indemnizaciones y limitaciones de responsabilidad.<\/p>\n<h2>Descargo de responsabilidad<\/h2>\n<p>Nuestros Servicios se proporcionan \"TAL CUAL\" y \"SEG\u00daN DISPONIBILIDAD\". Millennium Thai Massage y sus proveedores y licenciantes renuncian a todas las garant\u00edas de cualquier tipo, expresa o impl\u00edcita, incluyendo, sin limitaci\u00f3n, las garant\u00edas de comerciabilidad, idoneidad para un prop\u00f3sito particular y no infracci\u00f3n. Ni Millennium Thai Massage, ni sus proveedores y licenciantes, garantizan que nuestros Servicios est\u00e9n libres de errores o que el acceso a los mismos sea continuo o ininterrumpido. Usted entiende que descarga u obtiene contenidos o servicios a trav\u00e9s de nuestros Servicios bajo su propia discreci\u00f3n y riesgo.<\/p>\n<h3>Jurisdicci\u00f3n y ley aplicable<\/h3>\n<p>Salvo en la medida en que la legislaci\u00f3n aplicable disponga lo contrario, el Contrato y cualquier acceso o uso de nuestros Servicios se regir\u00e1n por las leyes de Espa\u00f1a.<\/p>\n<p>El lugar adecuado para cualquier disputa que surja de o est\u00e9 relacionada con el Acuerdo y cualquier acceso o uso de nuestros Servicios ser\u00e1n los tribunales estatales y federales ubicados en Espa\u00f1a.<\/p>\n<h2>Cambios<\/h2>\n<p>Millennium Thai Massage se reserva el derecho, a su entera discreci\u00f3n, de modificar o sustituir estas Condiciones en cualquier momento.<\/p>\n<p>Si introducimos cambios sustanciales, se lo haremos saber public\u00e1ndolos en nuestro sitio web o envi\u00e1ndole un correo electr\u00f3nico u otro tipo de comunicaci\u00f3n antes de que los cambios entren en vigor. En la notificaci\u00f3n se indicar\u00e1 un plazo razonable tras el cual entrar\u00e1n en vigor las nuevas condiciones.<\/p>\n<p>Si no est\u00e1 de acuerdo con nuestros cambios, debe dejar de utilizar nuestros Servicios dentro del plazo de notificaci\u00f3n designado, o una vez que los cambios entren en vigor.<\/p>\n<p>Su uso continuado de nuestros Servicios estar\u00e1 sujeto a los nuevos t\u00e9rminos.<\/p>","protected":false},"excerpt":{"rendered":"<p>Terms and Conditions These Terms govern your access to, usage of all content, Product and Services available at https:\/\/millenniumthaimassage.com website (the \u201cService\u201d) operated by Millennium Thai Massage (\u201cus\u201d, \u201cwe\u201d, or \u201cour\u201d). Your access to our services are subject to your acceptance, without modification, of all of the terms and conditions contained herein and all other [&hellip;]<\/p>\n","protected":false},"author":8,"featured_media":0,"parent":0,"menu_order":0,"comment_status":"closed","ping_status":"closed","template":"","meta":{"footnotes":""},"class_list":["post-5809","page","type-page","status-publish","hentry"],"blocksy_meta":[],"featured_image_urls":{"full":"","thumbnail":"","medium":"","medium_large":"","large":"","1536x1536":"","2048x2048":"","trp-custom-language-flag":"","voucher-thumb":"","voucher-medium":""},"post_excerpt_stackable":"<p>Terms and Conditions These Terms govern your access to, usage of all content, Product and Services available at https:\/\/millenniumthaimassage.com website (the \u201cService\u201d) operated by Millennium Thai Massage (\u201cus\u201d, \u201cwe\u201d, or \u201cour\u201d). Your access to our services are subject to your acceptance, without modification, of all of the terms and conditions contained herein and all other operating rules and policies published and that may be published from time to time by us. Please read the Agreement carefully before accessing or using our Services. By accessing or using any part of our Services, you agree to be bound by these Terms. If&hellip;<\/p>\n","category_list":"","author_info":{"name":"JUAN","url":"https:\/\/millenniumthaimassage.com\/es\/author\/john\/"},"comments_num":"0 comentarios","yoast_head":"<!-- This site is optimized with the Yoast SEO Premium plugin v27.2 (Yoast SEO v27.3) - https:\/\/yoast.com\/product\/yoast-seo-premium-wordpress\/ -->\n<title>Terms of Use for Our Website - Millennium Thai Massage<\/title>\n<meta name=\"description\" content=\"Before using our website, read our terms. Be aware of our policies as you use the site \u2013 we hope to provide you a comfortable experience. Call: 34692475239\" \/>\n<meta name=\"robots\" content=\"index, follow, max-snippet:-1, max-image-preview:large, max-video-preview:-1\" \/>\n<link rel=\"canonical\" href=\"https:\/\/millenniumthaimassage.com\/es\/condiciones-de-uso\/\" \/>\n<meta property=\"og:locale\" content=\"es_ES\" \/>\n<meta property=\"og:type\" content=\"article\" \/>\n<meta property=\"og:title\" content=\"Terms of Use\" \/>\n<meta property=\"og:description\" content=\"Before using our website, read our terms. Be aware of our policies as you use the site \u2013 we hope to provide you a comfortable experience. Call: 34692475239\" \/>\n<meta property=\"og:url\" content=\"https:\/\/millenniumthaimassage.com\/es\/condiciones-de-uso\/\" \/>\n<meta property=\"og:site_name\" content=\"MILLENNIUM THAI MASSAGE\" \/>\n<meta property=\"article:modified_time\" content=\"2024-06-27T13:46:39+00:00\" \/>\n<meta name=\"twitter:card\" content=\"summary_large_image\" \/>\n<meta name=\"twitter:label1\" content=\"Tiempo de lectura\" \/>\n\t<meta name=\"twitter:data1\" content=\"4 minutos\" \/>\n<script type=\"application\/ld+json\" class=\"yoast-schema-graph\">{\"@context\":\"https:\\\/\\\/schema.org\",\"@graph\":[{\"@type\":\"WebPage\",\"@id\":\"https:\\\/\\\/millenniumthaimassage.com\\\/terms-of-use\\\/\",\"url\":\"https:\\\/\\\/millenniumthaimassage.com\\\/terms-of-use\\\/\",\"name\":\"Terms of Use for Our Website - Millennium Thai Massage\",\"isPartOf\":{\"@id\":\"https:\\\/\\\/millenniumthaimassage.com\\\/#website\"},\"datePublished\":\"2023-05-21T18:20:36+00:00\",\"dateModified\":\"2024-06-27T13:46:39+00:00\",\"description\":\"Before using our website, read our terms. Be aware of our policies as you use the site \u2013 we hope to provide you a comfortable experience. Call: 34692475239\",\"breadcrumb\":{\"@id\":\"https:\\\/\\\/millenniumthaimassage.com\\\/terms-of-use\\\/#breadcrumb\"},\"inLanguage\":\"es\",\"potentialAction\":[{\"@type\":\"ReadAction\",\"target\":[\"https:\\\/\\\/millenniumthaimassage.com\\\/terms-of-use\\\/\"]}]},{\"@type\":\"BreadcrumbList\",\"@id\":\"https:\\\/\\\/millenniumthaimassage.com\\\/terms-of-use\\\/#breadcrumb\",\"itemListElement\":[{\"@type\":\"ListItem\",\"position\":1,\"name\":\"Home\",\"item\":\"https:\\\/\\\/millenniumthaimassage.com\\\/\"},{\"@type\":\"ListItem\",\"position\":2,\"name\":\"Terms of Use\"}]},{\"@type\":\"WebSite\",\"@id\":\"https:\\\/\\\/millenniumthaimassage.com\\\/#website\",\"url\":\"https:\\\/\\\/millenniumthaimassage.com\\\/\",\"name\":\"MILLENNIUM THAI MASSAGE\",\"description\":\"Thai massage\",\"publisher\":{\"@id\":\"https:\\\/\\\/millenniumthaimassage.com\\\/#\\\/schema\\\/person\\\/5da4bdaab162dbb3348e937e27398319\"},\"potentialAction\":[{\"@type\":\"SearchAction\",\"target\":{\"@type\":\"EntryPoint\",\"urlTemplate\":\"https:\\\/\\\/millenniumthaimassage.com\\\/?s={search_term_string}\"},\"query-input\":{\"@type\":\"PropertyValueSpecification\",\"valueRequired\":true,\"valueName\":\"search_term_string\"}}],\"inLanguage\":\"es\"},{\"@type\":[\"Person\",\"Organization\"],\"@id\":\"https:\\\/\\\/millenniumthaimassage.com\\\/#\\\/schema\\\/person\\\/5da4bdaab162dbb3348e937e27398319\",\"name\":\"JOHN\",\"image\":{\"@type\":\"ImageObject\",\"inLanguage\":\"es\",\"@id\":\"https:\\\/\\\/millenniumthaimassage.com\\\/wp-content\\\/uploads\\\/2024\\\/12\\\/LOGO-04-Millennium-Thai-Massage-png-scaled.webp\",\"url\":\"https:\\\/\\\/millenniumthaimassage.com\\\/wp-content\\\/uploads\\\/2024\\\/12\\\/LOGO-04-Millennium-Thai-Massage-png-scaled.webp\",\"contentUrl\":\"https:\\\/\\\/millenniumthaimassage.com\\\/wp-content\\\/uploads\\\/2024\\\/12\\\/LOGO-04-Millennium-Thai-Massage-png-scaled.webp\",\"width\":2560,\"height\":2560,\"caption\":\"JOHN\"},\"logo\":{\"@id\":\"https:\\\/\\\/millenniumthaimassage.com\\\/wp-content\\\/uploads\\\/2024\\\/12\\\/LOGO-04-Millennium-Thai-Massage-png-scaled.webp\"},\"sameAs\":[\"http:\\\/\\\/millenniumthaimassage.com\"],\"description\":\"At Millennium Massage, we\u2019re committed to helping you feel and look your best. Our range of special treatments is designed to address a variety of health concerns, including improving circulation, reducing stress and anxiety, and alleviating the unique physical stresses of pregnancy with our pregnancy massage. We also offer beauty services like facials to help you achieve your desired look.\",\"telephone\":\"+34692475239\",\"legalName\":\"MILLENNIUM THAI MASSAGE\"}]}<\/script>\n<!-- \/ Yoast SEO Premium plugin. -->","yoast_head_json":{"title":"Condiciones de uso de nuestro sitio web - Millennium Thai Massage","description":"Antes de utilizar nuestro sitio web, lea nuestras condiciones. Conozca nuestras pol\u00edticas a medida que utiliza el sitio: esperamos proporcionarle una experiencia c\u00f3moda. Llame a 34692475239","robots":{"index":"index","follow":"follow","max-snippet":"max-snippet:-1","max-image-preview":"max-image-preview:large","max-video-preview":"max-video-preview:-1"},"canonical":"https:\/\/millenniumthaimassage.com\/es\/condiciones-de-uso\/","og_locale":"es_ES","og_type":"article","og_title":"Terms of Use","og_description":"Before using our website, read our terms. Be aware of our policies as you use the site \u2013 we hope to provide you a comfortable experience. Call: 34692475239","og_url":"https:\/\/millenniumthaimassage.com\/es\/condiciones-de-uso\/","og_site_name":"MILLENNIUM THAI MASSAGE","article_modified_time":"2024-06-27T13:46:39+00:00","twitter_card":"summary_large_image","twitter_misc":{"Tiempo de lectura":"4 minutos"},"schema":{"@context":"https:\/\/schema.org","@graph":[{"@type":"WebPage","@id":"https:\/\/millenniumthaimassage.com\/terms-of-use\/","url":"https:\/\/millenniumthaimassage.com\/terms-of-use\/","name":"Condiciones de uso de nuestro sitio web - Millennium Thai Massage","isPartOf":{"@id":"https:\/\/millenniumthaimassage.com\/#website"},"datePublished":"2023-05-21T18:20:36+00:00","dateModified":"2024-06-27T13:46:39+00:00","description":"Antes de utilizar nuestro sitio web, lea nuestras condiciones. Conozca nuestras pol\u00edticas a medida que utiliza el sitio: esperamos proporcionarle una experiencia c\u00f3moda. Llame a 34692475239","breadcrumb":{"@id":"https:\/\/millenniumthaimassage.com\/terms-of-use\/#breadcrumb"},"inLanguage":"es","potentialAction":[{"@type":"ReadAction","target":["https:\/\/millenniumthaimassage.com\/terms-of-use\/"]}]},{"@type":"BreadcrumbList","@id":"https:\/\/millenniumthaimassage.com\/terms-of-use\/#breadcrumb","itemListElement":[{"@type":"ListItem","position":1,"name":"Home","item":"https:\/\/millenniumthaimassage.com\/"},{"@type":"ListItem","position":2,"name":"Terms of Use"}]},{"@type":"WebSite","@id":"https:\/\/millenniumthaimassage.com\/#website","url":"https:\/\/millenniumthaimassage.com\/","name":"MILENIO MASAJE TAILAND\u00c9S","description":"Masaje tailand\u00e9s","publisher":{"@id":"https:\/\/millenniumthaimassage.com\/#\/schema\/person\/5da4bdaab162dbb3348e937e27398319"},"potentialAction":[{"@type":"SearchAction","target":{"@type":"EntryPoint","urlTemplate":"https:\/\/millenniumthaimassage.com\/?s={search_term_string}"},"query-input":{"@type":"PropertyValueSpecification","valueRequired":true,"valueName":"search_term_string"}}],"inLanguage":"es"},{"@type":["Person","Organization"],"@id":"https:\/\/millenniumthaimassage.com\/#\/schema\/person\/5da4bdaab162dbb3348e937e27398319","name":"JUAN","image":{"@type":"ImageObject","inLanguage":"es","@id":"https:\/\/millenniumthaimassage.com\/wp-content\/uploads\/2024\/12\/LOGO-04-Millennium-Thai-Massage-png-scaled.webp","url":"https:\/\/millenniumthaimassage.com\/wp-content\/uploads\/2024\/12\/LOGO-04-Millennium-Thai-Massage-png-scaled.webp","contentUrl":"https:\/\/millenniumthaimassage.com\/wp-content\/uploads\/2024\/12\/LOGO-04-Millennium-Thai-Massage-png-scaled.webp","width":2560,"height":2560,"caption":"JOHN"},"logo":{"@id":"https:\/\/millenniumthaimassage.com\/wp-content\/uploads\/2024\/12\/LOGO-04-Millennium-Thai-Massage-png-scaled.webp"},"sameAs":["http:\/\/millenniumthaimassage.com"],"description":"En Millennium Massage, estamos comprometidos a ayudarle a sentirse y verse lo mejor posible. Nuestra gama de tratamientos especiales est\u00e1 dise\u00f1ado para hacer frente a una variedad de problemas de salud, incluyendo la mejora de la circulaci\u00f3n, reducir el estr\u00e9s y la ansiedad, y aliviar las tensiones f\u00edsicas \u00fanicas de embarazo con nuestro masaje de embarazo. Tambi\u00e9n ofrecemos servicios de belleza como tratamientos faciales para ayudarle a conseguir el aspecto deseado.","telephone":"+34692475239","legalName":"MILLENNIUM THAI MASSAGE"}]}},"_links":{"self":[{"href":"https:\/\/millenniumthaimassage.com\/es\/wp-json\/wp\/v2\/pages\/5809","targetHints":{"allow":["GET"]}}],"collection":[{"href":"https:\/\/millenniumthaimassage.com\/es\/wp-json\/wp\/v2\/pages"}],"about":[{"href":"https:\/\/millenniumthaimassage.com\/es\/wp-json\/wp\/v2\/types\/page"}],"author":[{"embeddable":true,"href":"https:\/\/millenniumthaimassage.com\/es\/wp-json\/wp\/v2\/users\/8"}],"replies":[{"embeddable":true,"href":"https:\/\/millenniumthaimassage.com\/es\/wp-json\/wp\/v2\/comments?post=5809"}],"version-history":[{"count":2,"href":"https:\/\/millenniumthaimassage.com\/es\/wp-json\/wp\/v2\/pages\/5809\/revisions"}],"predecessor-version":[{"id":7167,"href":"https:\/\/millenniumthaimassage.com\/es\/wp-json\/wp\/v2\/pages\/5809\/revisions\/7167"}],"wp:attachment":[{"href":"https:\/\/millenniumthaimassage.com\/es\/wp-json\/wp\/v2\/media?parent=5809"}],"curies":[{"name":"wp","href":"https:\/\/api.w.org\/{rel}","templated":true}]}}