{"id":5810,"date":"2023-05-21T18:20:40","date_gmt":"2023-05-21T18:20:40","guid":{"rendered":"https:\/\/millenniumthaimassage.com\/privacy-policy\/"},"modified":"2026-04-24T01:21:24","modified_gmt":"2026-04-23T23:21:24","slug":"politica-de-privacidad","status":"publish","type":"page","link":"https:\/\/millenniumthaimassage.com\/es\/privacy-policy\/","title":{"rendered":"Pol\u00edtica de privacidad"},"content":{"rendered":"<h1>Pol\u00edtica de privacidad<\/h1>\n<p>Welcome to <a href=\"https:\/\/millenniumthaimassage.com\/es\/\" target=\"_blank\">https:\/\/millenniumthaimassage.com<\/a> (the \u201dSite\u201d).We understand that privacy online is important to users of our Site, especially when conducting business.This statement governs our privacy policies with respect to those users of the Site (\u201dVisitors\u201d) who visit without transacting business and Visitors who register to transact business on the Site and make use of the various services offered by Millennium Thai Massage (collectively, \u201dServices\u201d) (\u201dAuthorized Customers\u201d).<\/p>\n<p><span style=\"font-weight: bold\">\"Informaci\u00f3n personal identificable\" <\/span><\/p>\n<p>se refiere a cualquier informaci\u00f3n que identifique o pueda utilizarse para identificar, contactar o localizar a la persona a la que pertenece dicha informaci\u00f3n, incluidos, entre otros, nombre, direcci\u00f3n, n\u00famero de tel\u00e9fono, n\u00famero de fax, direcci\u00f3n de correo electr\u00f3nico, perfiles financieros, n\u00famero de la seguridad social e informaci\u00f3n sobre tarjetas de cr\u00e9dito. La informaci\u00f3n de identificaci\u00f3n personal no incluye la informaci\u00f3n que se recoge de forma an\u00f3nima (es decir, sin identificaci\u00f3n del usuario individual) ni la informaci\u00f3n demogr\u00e1fica no relacionada con un individuo identificado.<\/p>\n<p><span style=\"font-weight: bold\">\u00bfQu\u00e9 datos personales se recogen? <\/span><\/p>\n<p>Podemos recopilar informaci\u00f3n b\u00e1sica sobre el perfil de usuario de todos nuestros Visitantes. Recopilamos la siguiente informaci\u00f3n adicional de nuestros Clientes Autorizados: los nombres, direcciones, n\u00fameros de tel\u00e9fono y direcciones de correo electr\u00f3nico de los Clientes Autorizados, la naturaleza y el tama\u00f1o del negocio, y la naturaleza y el tama\u00f1o del inventario publicitario que el Cliente Autorizado pretende comprar o vender.<\/p>\n<p><span style=\"font-weight: bold\">\u00bfQu\u00e9 organizaciones recopilan la informaci\u00f3n? <\/span><\/p>\n<p>Adem\u00e1s de nuestra recopilaci\u00f3n directa de informaci\u00f3n, nuestros proveedores de servicios externos (como compa\u00f1\u00edas de tarjetas de cr\u00e9dito, c\u00e1maras de compensaci\u00f3n y bancos), que pueden proporcionar servicios como cr\u00e9ditos, seguros y servicios de custodia, pueden recopilar esta informaci\u00f3n de nuestros visitantes y clientes autorizados. No controlamos la forma en que estos terceros utilizan dicha informaci\u00f3n, pero les pedimos que revelen c\u00f3mo utilizan la informaci\u00f3n personal que les proporcionan los Visitantes y Clientes Autorizados. Algunos de estos terceros pueden ser intermediarios que act\u00faan \u00fanicamente como eslabones de la cadena de distribuci\u00f3n y no almacenan, conservan ni utilizan la informaci\u00f3n que se les facilita.<\/p>\n<p><span style=\"font-weight: bold\">\u00bfC\u00f3mo utiliza el sitio web la informaci\u00f3n de identificaci\u00f3n personal?<\/span><\/p>\n<p>Utilizamos los Datos Personales para personalizar el Sitio, ofrecer los servicios adecuados y satisfacer las solicitudes de compra y venta en el Sitio. Podemos enviar correos electr\u00f3nicos a los visitantes y clientes autorizados sobre oportunidades de investigaci\u00f3n o de compra y venta en el sitio o informaci\u00f3n relacionada con el tema del sitio. Tambi\u00e9n podemos utilizar los Datos Personales para ponernos en contacto con los Visitantes y Clientes Autorizados en respuesta a consultas espec\u00edficas, o para proporcionar la informaci\u00f3n solicitada.<\/p>\n<p><span style=\"font-weight: bold\">\u00bfCon qui\u00e9n puede compartirse la informaci\u00f3n?<\/span><\/p>\n<p>La informaci\u00f3n de identificaci\u00f3n personal sobre los clientes autorizados puede compartirse con otros clientes autorizados que deseen evaluar posibles transacciones con otros clientes autorizados. Podemos compartir informaci\u00f3n agregada sobre nuestros visitantes, incluidos los datos demogr\u00e1ficos de nuestros visitantes y clientes autorizados, con nuestras agencias afiliadas y proveedores externos. Tambi\u00e9n ofrecemos la oportunidad de \"optar por no\" recibir informaci\u00f3n o ser contactado por nosotros o por cualquier agencia que act\u00fae en nuestro nombre.<\/p>\n<p><span style=\"font-weight: bold\">\u00bfC\u00f3mo se almacena la informaci\u00f3n de identificaci\u00f3n personal?<\/span><\/p>\n<p>La informaci\u00f3n de identificaci\u00f3n personal recopilada por Millennium Thai Massage se almacena de forma segura y no es accesible a terceros ni a los empleados de Millennium Thai Massage, excepto para el uso indicado anteriormente.<\/p>\n<p><span style=\"font-weight: bold\">\u00bfQu\u00e9 opciones tienen los visitantes respecto a la recogida, uso y distribuci\u00f3n de la informaci\u00f3n?<\/span><\/p>\n<p>Los visitantes y clientes autorizados pueden optar por no recibir informaci\u00f3n no solicitada o por no ser contactados por nosotros y\/o nuestros proveedores y agencias afiliadas respondiendo a los correos electr\u00f3nicos como se indica, o poni\u00e9ndose en contacto con nosotros en la playa Llevante, Av. Madrid 1 Edi. Estacha Local 1, 03503 Benidorm, Espa\u00f1a<\/p>\n<p><span style=\"font-weight: bold\">\u00bfSe utilizan cookies en el sitio web?<\/span><\/p>\n<p>Las cookies se utilizan por diversas razones. Utilizamos Cookies para obtener informaci\u00f3n sobre las preferencias de nuestros Visitantes y los servicios que seleccionan. Tambi\u00e9n utilizamos Cookies con fines de seguridad para proteger a nuestros Clientes Autorizados. Por ejemplo, si un Cliente Autorizado est\u00e1 conectado y el sitio no se utiliza durante m\u00e1s de 10 minutos, cerraremos autom\u00e1ticamente la sesi\u00f3n del Cliente Autorizado.<\/p>\n<p><span style=\"font-weight: bold\">\u00bfC\u00f3mo utiliza Millennium Thai Massage los datos de acceso? <\/span><\/p>\n<p>Millennium Thai Massage utiliza la informaci\u00f3n de acceso, incluyendo, pero no limitado a, direcciones IP, ISP, y tipos de navegador, para analizar tendencias, administrar el sitio, rastrear el movimiento y uso de un usuario, y recopilar informaci\u00f3n demogr\u00e1fica.<\/p>\n<p><span style=\"font-weight: bold\">\u00bfQu\u00e9 socios o proveedores de servicios tienen acceso a la Informaci\u00f3n Personal de los Visitantes y\/o Clientes Autorizados en el Sitio?<\/span><\/p>\n<p>Millennium Thai Massage ha entrado y seguir\u00e1 entrando en asociaciones y otras afiliaciones con una serie de proveedores que pueden tener acceso a cierta informaci\u00f3n de identificaci\u00f3n personal sobre la base de la necesidad de saber para evaluar a los clientes autorizados para la elegibilidad del servicio. Nuestra pol\u00edtica de privacidad no cubre la recopilaci\u00f3n o el uso de esta informaci\u00f3n. Divulgaci\u00f3n de datos de identificaci\u00f3n personal para cumplir la ley. Divulgaremos datos personales para cumplir una orden judicial o una citaci\u00f3n, o una solicitud de divulgaci\u00f3n de informaci\u00f3n por parte de un organismo encargado de hacer cumplir la ley. Tambi\u00e9n revelaremos datos personales cuando sea razonablemente necesario para proteger la seguridad de nuestros visitantes y clientes autorizados.<\/p>\n<p><span style=\"font-weight: bold\">\u00bfC\u00f3mo protege el sitio la informaci\u00f3n personal?<\/span><\/p>\n<p>Todos nuestros empleados est\u00e1n familiarizados con nuestra pol\u00edtica y pr\u00e1cticas de seguridad. La informaci\u00f3n personal identificable de nuestros visitantes y clientes autorizados s\u00f3lo es accesible a un n\u00famero limitado de empleados cualificados a los que se proporciona una contrase\u00f1a para acceder a la informaci\u00f3n. Realizamos auditor\u00edas peri\u00f3dicas de nuestros sistemas y procesos de seguridad. La informaci\u00f3n confidencial, como los n\u00fameros de tarjetas de cr\u00e9dito o de la seguridad social, est\u00e1 protegida por protocolos de encriptaci\u00f3n, establecidos para proteger la informaci\u00f3n enviada por Internet. Aunque tomamos medidas comercialmente razonables para mantener un sitio seguro, las comunicaciones electr\u00f3nicas y las bases de datos est\u00e1n sujetas a errores, manipulaciones y allanamientos, y no podemos garantizar ni asegurar que tales hechos no se produzcan, por lo que no seremos responsables ante los Visitantes o Clientes Autorizados por tales sucesos.<\/p>\n<p><span style=\"font-weight: bold\">\u00bfC\u00f3mo pueden los visitantes corregir cualquier inexactitud en la informaci\u00f3n de identificaci\u00f3n personal?<\/span><\/p>\n<p>Los visitantes y clientes autorizados pueden ponerse en contacto con nosotros para actualizar sus datos personales o corregir cualquier inexactitud envi\u00e1ndonos un correo electr\u00f3nico a info@millenniumthaimassage.com.<\/p>\n<p><span style=\"font-weight: bold\">\u00bfPuede un visitante borrar o desactivar la informaci\u00f3n personal recopilada por el sitio?<\/span><\/p>\n<p>Proporcionamos a los Visitantes y Clientes Autorizados un mecanismo para eliminar\/desactivar la Informaci\u00f3n de Identificaci\u00f3n Personal de la base de datos del Sitio poni\u00e9ndose en contacto con . Sin embargo, debido a las copias de seguridad y a los registros de eliminaciones, puede resultar imposible eliminar la entrada de un Visitante sin conservar alguna informaci\u00f3n residual. En el caso de que una persona solicite la desactivaci\u00f3n de sus datos personales, \u00e9stos se eliminar\u00e1n funcionalmente y no se vender\u00e1n, transferir\u00e1n ni utilizar\u00e1n de ning\u00fan modo en el futuro.<\/p>\n<p><span style=\"font-weight: bold\">\u00bfQu\u00e9 ocurre si cambia la Pol\u00edtica de privacidad?<\/span><\/p>\n<p>Informaremos a nuestros visitantes y clientes autorizados de los cambios en nuestra pol\u00edtica de privacidad publicando dichos cambios en el sitio. Sin embargo, si cambiamos nuestra pol\u00edtica de privacidad de manera que pueda causar la divulgaci\u00f3n de Informaci\u00f3n de Identificaci\u00f3n Personal que un Visitante o Cliente Autorizado haya solicitado previamente que no se divulgue, nos pondremos en contacto con dicho Visitante o Cliente Autorizado para permitir que dicho Visitante o Cliente Autorizado evite dicha divulgaci\u00f3n.<\/p>\n<p><span style=\"font-weight: bold\">Enlaces:<\/span><\/p>\n<p><a href=\"https:\/\/millenniumthaimassage.com\/es\/\" target=\"_blank\">https:\/\/millenniumthaimassage.com<\/a> contains links to other web sites. Please note that when you click on one of these links, you are moving to another web site. We encourage you to read the privacy statements of these linked sites as their privacy policies may differ from ours.<\/p>","protected":false},"excerpt":{"rendered":"<p>Privacy Policy Welcome to (the \u201dSite\u201d).We understand that privacy online is important to users of our Site, especially when conducting business.This statement governs our privacy policies with respect to those users of the Site (\u201dVisitors\u201d) who visit without transacting business and Visitors who register to transact business on the Site and make use of the [&hellip;]<\/p>\n","protected":false},"author":8,"featured_media":0,"parent":0,"menu_order":0,"comment_status":"closed","ping_status":"closed","template":"","meta":{"footnotes":""},"class_list":["post-5810","page","type-page","status-publish","hentry"],"blocksy_meta":[],"yoast_head":"<!-- This site is optimized with the Yoast SEO Premium plugin v27.4 (Yoast SEO v27.5) - https:\/\/yoast.com\/product\/yoast-seo-premium-wordpress\/ -->\n<title>Read Millennium Thai Massage\u2019s Privacy Policy<\/title>\n<meta name=\"description\" content=\"Your privacy comes first for us. Get details on how we collect and use private information and how we protect it. Call: 34692475239\" \/>\n<meta name=\"robots\" content=\"index, follow, max-snippet:-1, max-image-preview:large, max-video-preview:-1\" \/>\n<link rel=\"canonical\" href=\"https:\/\/millenniumthaimassage.com\/es\/politica-de-privacidad\/\" \/>\n<meta property=\"og:locale\" content=\"es_ES\" \/>\n<meta property=\"og:type\" content=\"article\" \/>\n<meta property=\"og:title\" content=\"Privacy Policy\" \/>\n<meta property=\"og:description\" content=\"Your privacy comes first for us. Get details on how we collect and use private information and how we protect it. Call: 34692475239\" \/>\n<meta property=\"og:url\" content=\"https:\/\/millenniumthaimassage.com\/es\/politica-de-privacidad\/\" \/>\n<meta property=\"og:site_name\" content=\"MILLENNIUM THAI MASSAGE\" \/>\n<meta property=\"article:modified_time\" content=\"2026-04-23T23:21:24+00:00\" \/>\n<meta name=\"twitter:card\" content=\"summary_large_image\" \/>\n<meta name=\"twitter:label1\" content=\"Tiempo de lectura\" \/>\n\t<meta name=\"twitter:data1\" content=\"6 minutos\" \/>\n<script type=\"application\/ld+json\" class=\"yoast-schema-graph\">{\"@context\":\"https:\\\/\\\/schema.org\",\"@graph\":[{\"@type\":\"WebPage\",\"@id\":\"https:\\\/\\\/millenniumthaimassage.com\\\/privacy-policy\\\/\",\"url\":\"https:\\\/\\\/millenniumthaimassage.com\\\/privacy-policy\\\/\",\"name\":\"Read Millennium Thai Massage\u2019s Privacy Policy\",\"isPartOf\":{\"@id\":\"https:\\\/\\\/millenniumthaimassage.com\\\/#website\"},\"datePublished\":\"2023-05-21T18:20:40+00:00\",\"dateModified\":\"2026-04-23T23:21:24+00:00\",\"description\":\"Your privacy comes first for us. Get details on how we collect and use private information and how we protect it. Call: 34692475239\",\"breadcrumb\":{\"@id\":\"https:\\\/\\\/millenniumthaimassage.com\\\/privacy-policy\\\/#breadcrumb\"},\"inLanguage\":\"es\",\"potentialAction\":[{\"@type\":\"ReadAction\",\"target\":[\"https:\\\/\\\/millenniumthaimassage.com\\\/privacy-policy\\\/\"]}]},{\"@type\":\"BreadcrumbList\",\"@id\":\"https:\\\/\\\/millenniumthaimassage.com\\\/privacy-policy\\\/#breadcrumb\",\"itemListElement\":[{\"@type\":\"ListItem\",\"position\":1,\"name\":\"Home\",\"item\":\"https:\\\/\\\/millenniumthaimassage.com\\\/\"},{\"@type\":\"ListItem\",\"position\":2,\"name\":\"Privacy Policy\"}]},{\"@type\":\"WebSite\",\"@id\":\"https:\\\/\\\/millenniumthaimassage.com\\\/#website\",\"url\":\"https:\\\/\\\/millenniumthaimassage.com\\\/\",\"name\":\"MILLENNIUM THAI MASSAGE\",\"description\":\"Thai massage\",\"publisher\":{\"@id\":\"https:\\\/\\\/millenniumthaimassage.com\\\/#\\\/schema\\\/person\\\/5da4bdaab162dbb3348e937e27398319\"},\"potentialAction\":[{\"@type\":\"SearchAction\",\"target\":{\"@type\":\"EntryPoint\",\"urlTemplate\":\"https:\\\/\\\/millenniumthaimassage.com\\\/?s={search_term_string}\"},\"query-input\":{\"@type\":\"PropertyValueSpecification\",\"valueRequired\":true,\"valueName\":\"search_term_string\"}}],\"inLanguage\":\"es\"},{\"@type\":[\"Person\",\"Organization\"],\"@id\":\"https:\\\/\\\/millenniumthaimassage.com\\\/#\\\/schema\\\/person\\\/5da4bdaab162dbb3348e937e27398319\",\"name\":\"JOHN\",\"image\":{\"@type\":\"ImageObject\",\"inLanguage\":\"es\",\"@id\":\"https:\\\/\\\/millenniumthaimassage.com\\\/wp-content\\\/uploads\\\/2024\\\/12\\\/LOGO-04-Millennium-Thai-Massage-png-scaled.webp\",\"url\":\"https:\\\/\\\/millenniumthaimassage.com\\\/wp-content\\\/uploads\\\/2024\\\/12\\\/LOGO-04-Millennium-Thai-Massage-png-scaled.webp\",\"contentUrl\":\"https:\\\/\\\/millenniumthaimassage.com\\\/wp-content\\\/uploads\\\/2024\\\/12\\\/LOGO-04-Millennium-Thai-Massage-png-scaled.webp\",\"width\":2560,\"height\":2560,\"caption\":\"JOHN\"},\"logo\":{\"@id\":\"https:\\\/\\\/millenniumthaimassage.com\\\/wp-content\\\/uploads\\\/2024\\\/12\\\/LOGO-04-Millennium-Thai-Massage-png-scaled.webp\"},\"sameAs\":[\"http:\\\/\\\/millenniumthaimassage.com\"],\"description\":\"At Millennium Massage, we\u2019re committed to helping you feel and look your best. Our range of special treatments is designed to address a variety of health concerns, including improving circulation, reducing stress and anxiety, and alleviating the unique physical stresses of pregnancy with our pregnancy massage. We also offer beauty services like facials to help you achieve your desired look.\",\"telephone\":\"+34692475239\",\"legalName\":\"MILLENNIUM THAI MASSAGE\"}]}<\/script>\n<!-- \/ Yoast SEO Premium plugin. -->","yoast_head_json":{"title":"Lea la Pol\u00edtica de privacidad de Millennium Thai Massage","description":"Su privacidad es lo primero para nosotros. Obtenga informaci\u00f3n detallada sobre c\u00f3mo recopilamos y utilizamos la informaci\u00f3n privada y c\u00f3mo la protegemos. Llame a 34692475239","robots":{"index":"index","follow":"follow","max-snippet":"max-snippet:-1","max-image-preview":"max-image-preview:large","max-video-preview":"max-video-preview:-1"},"canonical":"https:\/\/millenniumthaimassage.com\/es\/politica-de-privacidad\/","og_locale":"es_ES","og_type":"article","og_title":"Privacy Policy","og_description":"Your privacy comes first for us. Get details on how we collect and use private information and how we protect it. Call: 34692475239","og_url":"https:\/\/millenniumthaimassage.com\/es\/politica-de-privacidad\/","og_site_name":"MILLENNIUM THAI MASSAGE","article_modified_time":"2026-04-23T23:21:24+00:00","twitter_card":"summary_large_image","twitter_misc":{"Tiempo de lectura":"6 minutos"},"schema":{"@context":"https:\/\/schema.org","@graph":[{"@type":"WebPage","@id":"https:\/\/millenniumthaimassage.com\/privacy-policy\/","url":"https:\/\/millenniumthaimassage.com\/privacy-policy\/","name":"Lea la Pol\u00edtica de privacidad de Millennium Thai Massage","isPartOf":{"@id":"https:\/\/millenniumthaimassage.com\/#website"},"datePublished":"2023-05-21T18:20:40+00:00","dateModified":"2026-04-23T23:21:24+00:00","description":"Su privacidad es lo primero para nosotros. Obtenga informaci\u00f3n detallada sobre c\u00f3mo recopilamos y utilizamos la informaci\u00f3n privada y c\u00f3mo la protegemos. Llame a 34692475239","breadcrumb":{"@id":"https:\/\/millenniumthaimassage.com\/privacy-policy\/#breadcrumb"},"inLanguage":"es","potentialAction":[{"@type":"ReadAction","target":["https:\/\/millenniumthaimassage.com\/privacy-policy\/"]}]},{"@type":"BreadcrumbList","@id":"https:\/\/millenniumthaimassage.com\/privacy-policy\/#breadcrumb","itemListElement":[{"@type":"ListItem","position":1,"name":"Home","item":"https:\/\/millenniumthaimassage.com\/"},{"@type":"ListItem","position":2,"name":"Privacy Policy"}]},{"@type":"WebSite","@id":"https:\/\/millenniumthaimassage.com\/#website","url":"https:\/\/millenniumthaimassage.com\/","name":"MILENIO MASAJE TAILAND\u00c9S","description":"Masaje tailand\u00e9s","publisher":{"@id":"https:\/\/millenniumthaimassage.com\/#\/schema\/person\/5da4bdaab162dbb3348e937e27398319"},"potentialAction":[{"@type":"SearchAction","target":{"@type":"EntryPoint","urlTemplate":"https:\/\/millenniumthaimassage.com\/?s={search_term_string}"},"query-input":{"@type":"PropertyValueSpecification","valueRequired":true,"valueName":"search_term_string"}}],"inLanguage":"es"},{"@type":["Person","Organization"],"@id":"https:\/\/millenniumthaimassage.com\/#\/schema\/person\/5da4bdaab162dbb3348e937e27398319","name":"JUAN","image":{"@type":"ImageObject","inLanguage":"es","@id":"https:\/\/millenniumthaimassage.com\/wp-content\/uploads\/2024\/12\/LOGO-04-Millennium-Thai-Massage-png-scaled.webp","url":"https:\/\/millenniumthaimassage.com\/wp-content\/uploads\/2024\/12\/LOGO-04-Millennium-Thai-Massage-png-scaled.webp","contentUrl":"https:\/\/millenniumthaimassage.com\/wp-content\/uploads\/2024\/12\/LOGO-04-Millennium-Thai-Massage-png-scaled.webp","width":2560,"height":2560,"caption":"JOHN"},"logo":{"@id":"https:\/\/millenniumthaimassage.com\/wp-content\/uploads\/2024\/12\/LOGO-04-Millennium-Thai-Massage-png-scaled.webp"},"sameAs":["http:\/\/millenniumthaimassage.com"],"description":"En Millennium Massage, estamos comprometidos a ayudarle a sentirse y verse lo mejor posible. Nuestra gama de tratamientos especiales est\u00e1 dise\u00f1ado para hacer frente a una variedad de problemas de salud, incluyendo la mejora de la circulaci\u00f3n, reducir el estr\u00e9s y la ansiedad, y aliviar las tensiones f\u00edsicas \u00fanicas de embarazo con nuestro masaje de embarazo. Tambi\u00e9n ofrecemos servicios de belleza como tratamientos faciales para ayudarle a conseguir el aspecto deseado.","telephone":"+34692475239","legalName":"MILLENNIUM THAI MASSAGE"}]}},"_links":{"self":[{"href":"https:\/\/millenniumthaimassage.com\/es\/wp-json\/wp\/v2\/pages\/5810","targetHints":{"allow":["GET"]}}],"collection":[{"href":"https:\/\/millenniumthaimassage.com\/es\/wp-json\/wp\/v2\/pages"}],"about":[{"href":"https:\/\/millenniumthaimassage.com\/es\/wp-json\/wp\/v2\/types\/page"}],"author":[{"embeddable":true,"href":"https:\/\/millenniumthaimassage.com\/es\/wp-json\/wp\/v2\/users\/8"}],"replies":[{"embeddable":true,"href":"https:\/\/millenniumthaimassage.com\/es\/wp-json\/wp\/v2\/comments?post=5810"}],"version-history":[{"count":5,"href":"https:\/\/millenniumthaimassage.com\/es\/wp-json\/wp\/v2\/pages\/5810\/revisions"}],"predecessor-version":[{"id":8785,"href":"https:\/\/millenniumthaimassage.com\/es\/wp-json\/wp\/v2\/pages\/5810\/revisions\/8785"}],"wp:attachment":[{"href":"https:\/\/millenniumthaimassage.com\/es\/wp-json\/wp\/v2\/media?parent=5810"}],"curies":[{"name":"wp","href":"https:\/\/api.w.org\/{rel}","templated":true}]}}