{"id":5816,"date":"2023-05-21T18:25:07","date_gmt":"2023-05-21T18:25:07","guid":{"rendered":"https:\/\/millenniumthaimassage.com\/?page_id=5816"},"modified":"2024-06-27T15:44:36","modified_gmt":"2024-06-27T13:44:36","slug":"politica-de-masajes","status":"publish","type":"page","link":"https:\/\/millenniumthaimassage.com\/es\/massage-policy\/","title":{"rendered":"Pol\u00edtica de masajes"},"content":{"rendered":"<h1>Pol\u00edtica de masajes<\/h1>\n<p>Bienvenido a Millennium Thai Massage, donde pretendemos ofrecer servicios profesionales y terap\u00e9uticos en un ambiente relajante y acogedor adaptado a sus necesidades. Nos comprometemos a ofrecer a todos nuestros clientes una experiencia excepcional y \u00fanica.<\/p>\n\n\n\n<p>Teniendo en cuenta el tiempo de nuestros terapeutas y el suyo propio, hemos establecido las siguientes pol\u00edticas y procedimientos para sus primeras y repetidas visitas.<\/p>\n\n\n\n<h6 class=\"wp-block-heading\" id=\"h-nbsp-nbsp-nbsp-arrival-at-your-massage-treatment\"><strong>&nbsp; &nbsp; &nbsp; Llegada a su tratamiento de masaje<\/strong><\/h6>\n\n\n\n<ul class=\"wp-block-list\">\n<li>Aseg\u00farese de llegar al menos 10 minutos antes de la hora de inicio de su cita. As\u00ed tendr\u00e1 tiempo suficiente para rellenar los formularios necesarios, cambiarse y prepararse para el servicio. Dado que todas las sesiones de tratamiento tienen un horario espec\u00edfico, llegar pronto le garantizar\u00e1 una experiencia relajada y sin prisas. Si inevitablemente llega tarde, es posible que su servicio se acorte para mantener el horario y que se le cobre el tiempo de tratamiento original.<\/li>\n<\/ul>\n\n\n\n<h6 class=\"wp-block-heading\" id=\"h-nbsp-nbsp-nbsp-cancellation-policy-and-fees\">&nbsp; &nbsp; &nbsp; <strong>Pol\u00edtica de cancelaci\u00f3n y tasas<\/strong><\/h6>\n\n\n\n<ul class=\"wp-block-list\">\n<li>Valoramos su negocio y hemos reservado sus horas de terapia exclusivamente para usted. Por favor, respete nuestras pol\u00edticas de programaci\u00f3n de oficina notific\u00e1ndonos al menos 24 horas antes de que necesite cancelar o reprogramar su cita. A los clientes que falten a sus citas sin notificaci\u00f3n previa se les cobrar\u00e1 el total de la sesi\u00f3n programada. Cualquier cancelaci\u00f3n de un servicio con menos de 24 horas de antelaci\u00f3n tendr\u00e1 un coste de cancelaci\u00f3n. Entendemos que pueden surgir imprevistos, y le animamos a que nos llame si necesita cambiar su cita.<\/li>\n<\/ul>\n\n\n\n<h6 class=\"wp-block-heading\" id=\"h-nbsp-nbsp-nbsp-nbsp-late-arrival-policy\">&nbsp; &nbsp; &nbsp; &nbsp;<strong>Pol\u00edtica de retrasos<\/strong><\/h6>\n\n\n\n<ul class=\"wp-block-list\">\n<li>Todas las sesiones de tratamiento est\u00e1n programadas para horas espec\u00edficas y, lamentablemente, las personas que lleguen tarde no podr\u00e1n recibir una pr\u00f3rroga de sus citas programadas. Si nuestro horario lo permite, podemos acomodar una cita parcial o completa en casos especiales, s\u00f3lo con la notificaci\u00f3n correcta y anticipada de su llegada tard\u00eda. Nos reservamos el derecho de cobrar la tarifa de reserva original.<\/li>\n<\/ul>\n\n\n\n<h6 class=\"wp-block-heading\" id=\"h-nbsp-nbsp-nbsp-no-show-policy\">&nbsp; &nbsp; &nbsp; <strong>Pol\u00edtica de no presentaci\u00f3n<\/strong><\/h6>\n\n\n\n<ul class=\"wp-block-list\">\n<li>Entendemos que en la vida de todos ocurren situaciones imprevistas. Si no puede acudir a su cita, ll\u00e1menos para notific\u00e1rnoslo. Los clientes que falten a las citas sin previo aviso pueden costarle el importe \u00edntegro del servicio programado.<\/li>\n<\/ul>\n\n\n\n<h6 class=\"wp-block-heading\" id=\"h-nbsp-nbsp-nbsp-informed-consent\">&nbsp; &nbsp; &nbsp; <strong>Consentimiento informado<\/strong><\/h6>\n\n\n\n<ul class=\"wp-block-list\">\n<li>Antes de cada sesi\u00f3n de masaje, nuestros terapeutas discutir\u00e1n el plan de tratamiento con usted. Lea y firme nuestro formulario de consentimiento de tratamiento, indicando que comprende y acepta cumplir nuestras pol\u00edticas y procedimientos de terapia de masaje profesional. Los clientes que no nos han visitado durante al menos un a\u00f1o tambi\u00e9n pueden ser obligados a completar este formulario.<\/li>\n<\/ul>\n\n\n\n<h6 class=\"wp-block-heading\" id=\"h-nbsp-nbsp-nbsp-scope-of-practice\">&nbsp; &nbsp; &nbsp;<strong> \u00c1mbito de actuaci\u00f3n<\/strong><\/h6>\n\n\n\n<ul class=\"wp-block-list\">\n<li>Nuestros profesionales titulados se rigen por las normas m\u00e1s estrictas de la profesi\u00f3n de masajista terap\u00e9utico. La terapia de masaje, la acupuntura y la reflexolog\u00eda implican t\u00e9cnicas manuales y pueden incluir terapias complementarias para afectar positivamente a la salud y el bienestar de nuestros clientes. Sin embargo, nuestros terapeutas no diagnostican ni prescriben afecciones m\u00e9dicas, y es posible que le remitamos a un m\u00e9dico para su diagn\u00f3stico o tratamiento. Nuestros servicios no pretenden ser una alternativa a la atenci\u00f3n m\u00e9dica adecuada para condiciones espec\u00edficas, as\u00ed que por favor consulte a un m\u00e9dico para cualquier condici\u00f3n que requiera tratamiento m\u00e9dico.<\/li>\n<\/ul>\n\n\n\n<h6 class=\"wp-block-heading\" id=\"h-nbsp-nbsp-nbsp-respect-for-client-needs-and-boundaries\">&nbsp; &nbsp; &nbsp; <strong>Respeto de las necesidades y l\u00edmites del cliente<\/strong><\/h6>\n\n\n\n<ul class=\"wp-block-list\">\n<li>Para garantizar que todo el mundo se sienta c\u00f3modo y a gusto, esperamos que todos los clientes sigan ciertas normas de decoro mientras se encuentren en nuestras instalaciones. Los clientes deben comportarse de forma respetuosa y adecuada con el personal y los dem\u00e1s clientes. Esto incluye abstenerse de utilizar cualquier lenguaje o comportamiento discriminatorio, ofensivo o amenazador. Adem\u00e1s, los clientes deben respetar en todo momento los l\u00edmites personales y los niveles de comodidad de nuestros masajistas. Proporcionaremos directrices claras a nuestros clientes a su llegada a nuestro centro, incluida informaci\u00f3n sobre la vestimenta adecuada, la conducta durante el masaje y cualquier otra pol\u00edtica pertinente. Pedimos a los clientes que lean y respeten estas directrices durante toda su visita.<\/li>\n<\/ul>\n\n\n\n<h6 class=\"wp-block-heading\" id=\"h-nbsp-nbsp-nbsp-nbsp-payment-policy\">&nbsp; &nbsp; &nbsp; &nbsp;<strong>Pol\u00edtica de pagos<\/strong><\/h6>\n\n\n\n<ul class=\"wp-block-list\">\n<li>En MillenniumThai Massage, aceptamos varias formas de pago, incluyendo tarjetas de cr\u00e9dito\/d\u00e9bito, efectivo y tarjetas regalo. El pago debe efectuarse en el momento de cualquier servicio, y no proporcionamos servicios de cr\u00e9dito o facturaci\u00f3n. No recopilamos la informaci\u00f3n de su tarjeta de cr\u00e9dito para uso futuro y no realizaremos ning\u00fan cargo en su tarjeta sin su consentimiento.<\/li>\n<\/ul>\n\n\n\n<h6 class=\"wp-block-heading\" id=\"h-nbsp-nbsp-nbsp-gratuity-policy\">&nbsp; &nbsp; &nbsp; <strong>Pol\u00edtica de gratificaciones<\/strong><\/h6>\n\n\n\n<ul class=\"wp-block-list\">\n<li>La propina no forma parte del precio de nuestros servicios. Aunque no es obligatorio, es costumbre dejar una propina a su terapeuta si est\u00e1 satisfecho con su servicio y la cantidad depende de usted. Usted puede dejar dinero en efectivo o a\u00f1adir la propina a su pago con tarjeta de cr\u00e9dito al final de su cita.<\/li>\n<\/ul>\n\n\n\n<h6 class=\"wp-block-heading\" id=\"h-nbsp-nbsp-nbsp-mobile-phone-policy\">&nbsp; &nbsp; &nbsp;<strong> Pol\u00edtica de telefon\u00eda m\u00f3vil<\/strong><\/h6>\n\n\n\n<ul class=\"wp-block-list\">\n<li>Para garantizar un entorno relajante para todos los hu\u00e9spedes, apague el tel\u00e9fono m\u00f3vil o p\u00f3ngalo en modo silencioso mientras est\u00e9 en el centro terap\u00e9utico. Si tiene una llamada urgente, salga de la sala de tratamiento para no molestar a los dem\u00e1s hu\u00e9spedes.<\/li>\n<\/ul>\n\n\n\n<h6 class=\"wp-block-heading\" id=\"h-nbsp-nbsp-nbsp-health-conditions-and-medications\">&nbsp; &nbsp; &nbsp; <strong>Enfermedades y medicaci\u00f3n<\/strong><\/h6>\n\n\n\n<ul class=\"wp-block-list\">\n<li>Debe informar a su terapeuta de cualquier problema de salud, lesi\u00f3n o medicaci\u00f3n que est\u00e9 tomando antes de su cita. Esto nos ayudar\u00e1 a adaptar el tratamiento a sus necesidades y a garantizar su seguridad. Si tiene dudas sobre si la terapia de masaje es segura para usted, consulte a su m\u00e9dico antes de concertar una cita.<\/li>\n<\/ul>\n\n\n\n<h6 class=\"wp-block-heading\" id=\"h-nbsp-nbsp-nbsp-child-policy\"><strong>&nbsp; &nbsp; &nbsp;Pol\u00edtica de la infancia<\/strong><\/h6>\n\n\n\n<ul class=\"wp-block-list\">\n<li>No proporcionamos servicios de guarder\u00eda y le pedimos que s\u00f3lo traiga ni\u00f1os a su cita si reciben un servicio. Si tiene que traer a un ni\u00f1o, aseg\u00farese de que se comporta bien y puede ocuparse tranquilamente de \u00e9l durante la consulta. Los menores de 18 a\u00f1os deben ir acompa\u00f1ados por uno de sus padres o un tutor legal.<\/li>\n<\/ul>\n\n\n\n<h6 class=\"wp-block-heading\" id=\"h-nbsp-nbsp-nbsp-feedback-policy\"><strong>&nbsp; &nbsp; &nbsp; Pol\u00edtica de comentarios<\/strong><\/h6>\n\n\n\n<ul class=\"wp-block-list\">\n<li>Valoramos sus comentarios y nos esforzamos por ofrecerle un servicio excepcional. Por favor, h\u00e1ganos saber si tiene alguna preocupaci\u00f3n o sugerencia sobre su tratamiento o nuestras pol\u00edticas. Agradecemos sus comentarios y haremos todo lo posible por resolver cualquier problema lo antes posible.<\/li>\n<\/ul>\n\n\n\n<h6 class=\"wp-block-heading\" id=\"h-nbsp-nbsp-nbsp-violence-policy\"><strong>&nbsp; &nbsp; &nbsp;Pol\u00edtica de violencia<\/strong><\/h6>\n\n\n\n<ul class=\"wp-block-list\">\n<li>En MillenniumThai Massage, proporcionamos un entorno seguro y respetuoso para todos los clientes y empleados. Tenemos una pol\u00edtica de tolerancia cero para la violencia, la agresi\u00f3n o el acoso. A cualquier persona que incurra en este tipo de comportamientos se le pedir\u00e1 que abandone el local inmediatamente y, si es necesario, podemos recurrir a las autoridades. Adem\u00e1s, se prohibir\u00e1 la entrada en nuestras instalaciones a cualquier cliente que muestre un comportamiento violento o agresivo, y podremos presentar cargos contra \u00e9l. Nos reservamos el derecho a tomar las medidas necesarias para garantizar la seguridad y el bienestar de nuestros clientes y empleados.<\/li>\n<\/ul>\n\n\n\n<p>Al programar una cita con Millennium Thai Massage, usted reconoce y acepta estas pol\u00edticas y procedimientos. Esperamos poder ofrecerle una experiencia relajante y terap\u00e9utica.<\/p>","protected":false},"excerpt":{"rendered":"<p>Massage Policy Welcome to Millennium Thai Massage, where we intend to provide professional and therapeutic services in a relaxing and friendly environment tailored to your needs. We are committed to offering all our clients an outstanding and unique experience. Considering our therapists\u2019 and your time, we have established the following policies and procedures for your [&hellip;]<\/p>\n","protected":false},"author":8,"featured_media":0,"parent":0,"menu_order":0,"comment_status":"closed","ping_status":"closed","template":"","meta":{"footnotes":""},"class_list":["post-5816","page","type-page","status-publish","hentry"],"blocksy_meta":[],"featured_image_urls":{"full":"","thumbnail":"","medium":"","medium_large":"","large":"","1536x1536":"","2048x2048":"","trp-custom-language-flag":"","voucher-thumb":"","voucher-medium":""},"post_excerpt_stackable":"<p>Massage Policy Welcome to Millennium Thai Massage, where we intend to provide professional and therapeutic services in a relaxing and friendly environment tailored to your needs. We are committed to offering all our clients an outstanding and unique experience. Considering our therapists\u2019 and your time, we have established the following policies and procedures for your first-time and repeat visits. &nbsp; &nbsp; &nbsp; Arrival at Your Massage Treatment Make sure to arrive at least 10 minutes before your appointment\u2019s starting time. This will give you enough time to fill out any necessary client forms, change and prepare for your service. Since&hellip;<\/p>\n","category_list":"","author_info":{"name":"JUAN","url":"https:\/\/millenniumthaimassage.com\/es\/author\/john\/"},"comments_num":"0 comentarios","yoast_head":"<!-- This site is optimized with the Yoast SEO Premium plugin v27.2 (Yoast SEO v27.3) - https:\/\/yoast.com\/product\/yoast-seo-premium-wordpress\/ -->\n<title>Know Millennium Thai Massage\u2019s Massage Policy<\/title>\n<meta name=\"description\" content=\"Take some time to read all about our massage policy. We provide professional therapeutic services. Experience our calming Thai massages today.\" \/>\n<meta name=\"robots\" content=\"index, follow, max-snippet:-1, max-image-preview:large, max-video-preview:-1\" \/>\n<link rel=\"canonical\" href=\"https:\/\/millenniumthaimassage.com\/es\/politica-de-masajes\/\" \/>\n<meta property=\"og:locale\" content=\"es_ES\" \/>\n<meta property=\"og:type\" content=\"article\" \/>\n<meta property=\"og:title\" content=\"Massage Policy\" \/>\n<meta property=\"og:description\" content=\"Take some time to read all about our massage policy. We provide professional therapeutic services. Experience our calming Thai massages today.\" \/>\n<meta property=\"og:url\" content=\"https:\/\/millenniumthaimassage.com\/es\/politica-de-masajes\/\" \/>\n<meta property=\"og:site_name\" content=\"MILLENNIUM THAI MASSAGE\" \/>\n<meta property=\"article:modified_time\" content=\"2024-06-27T13:44:36+00:00\" \/>\n<meta name=\"twitter:card\" content=\"summary_large_image\" \/>\n<meta name=\"twitter:label1\" content=\"Tiempo de lectura\" \/>\n\t<meta name=\"twitter:data1\" content=\"5 minutos\" \/>\n<script type=\"application\/ld+json\" class=\"yoast-schema-graph\">{\"@context\":\"https:\\\/\\\/schema.org\",\"@graph\":[{\"@type\":\"WebPage\",\"@id\":\"https:\\\/\\\/millenniumthaimassage.com\\\/massage-policy\\\/\",\"url\":\"https:\\\/\\\/millenniumthaimassage.com\\\/massage-policy\\\/\",\"name\":\"Know Millennium Thai Massage\u2019s Massage Policy\",\"isPartOf\":{\"@id\":\"https:\\\/\\\/millenniumthaimassage.com\\\/#website\"},\"datePublished\":\"2023-05-21T18:25:07+00:00\",\"dateModified\":\"2024-06-27T13:44:36+00:00\",\"description\":\"Take some time to read all about our massage policy. We provide professional therapeutic services. Experience our calming Thai massages today.\",\"breadcrumb\":{\"@id\":\"https:\\\/\\\/millenniumthaimassage.com\\\/massage-policy\\\/#breadcrumb\"},\"inLanguage\":\"es\",\"potentialAction\":[{\"@type\":\"ReadAction\",\"target\":[\"https:\\\/\\\/millenniumthaimassage.com\\\/massage-policy\\\/\"]}]},{\"@type\":\"BreadcrumbList\",\"@id\":\"https:\\\/\\\/millenniumthaimassage.com\\\/massage-policy\\\/#breadcrumb\",\"itemListElement\":[{\"@type\":\"ListItem\",\"position\":1,\"name\":\"Home\",\"item\":\"https:\\\/\\\/millenniumthaimassage.com\\\/\"},{\"@type\":\"ListItem\",\"position\":2,\"name\":\"Massage Policy\"}]},{\"@type\":\"WebSite\",\"@id\":\"https:\\\/\\\/millenniumthaimassage.com\\\/#website\",\"url\":\"https:\\\/\\\/millenniumthaimassage.com\\\/\",\"name\":\"MILLENNIUM THAI MASSAGE\",\"description\":\"Thai massage\",\"publisher\":{\"@id\":\"https:\\\/\\\/millenniumthaimassage.com\\\/#\\\/schema\\\/person\\\/5da4bdaab162dbb3348e937e27398319\"},\"potentialAction\":[{\"@type\":\"SearchAction\",\"target\":{\"@type\":\"EntryPoint\",\"urlTemplate\":\"https:\\\/\\\/millenniumthaimassage.com\\\/?s={search_term_string}\"},\"query-input\":{\"@type\":\"PropertyValueSpecification\",\"valueRequired\":true,\"valueName\":\"search_term_string\"}}],\"inLanguage\":\"es\"},{\"@type\":[\"Person\",\"Organization\"],\"@id\":\"https:\\\/\\\/millenniumthaimassage.com\\\/#\\\/schema\\\/person\\\/5da4bdaab162dbb3348e937e27398319\",\"name\":\"JOHN\",\"image\":{\"@type\":\"ImageObject\",\"inLanguage\":\"es\",\"@id\":\"https:\\\/\\\/millenniumthaimassage.com\\\/wp-content\\\/uploads\\\/2024\\\/12\\\/LOGO-04-Millennium-Thai-Massage-png-scaled.webp\",\"url\":\"https:\\\/\\\/millenniumthaimassage.com\\\/wp-content\\\/uploads\\\/2024\\\/12\\\/LOGO-04-Millennium-Thai-Massage-png-scaled.webp\",\"contentUrl\":\"https:\\\/\\\/millenniumthaimassage.com\\\/wp-content\\\/uploads\\\/2024\\\/12\\\/LOGO-04-Millennium-Thai-Massage-png-scaled.webp\",\"width\":2560,\"height\":2560,\"caption\":\"JOHN\"},\"logo\":{\"@id\":\"https:\\\/\\\/millenniumthaimassage.com\\\/wp-content\\\/uploads\\\/2024\\\/12\\\/LOGO-04-Millennium-Thai-Massage-png-scaled.webp\"},\"sameAs\":[\"http:\\\/\\\/millenniumthaimassage.com\"],\"description\":\"At Millennium Massage, we\u2019re committed to helping you feel and look your best. Our range of special treatments is designed to address a variety of health concerns, including improving circulation, reducing stress and anxiety, and alleviating the unique physical stresses of pregnancy with our pregnancy massage. We also offer beauty services like facials to help you achieve your desired look.\",\"telephone\":\"+34692475239\",\"legalName\":\"MILLENNIUM THAI MASSAGE\"}]}<\/script>\n<!-- \/ Yoast SEO Premium plugin. -->","yoast_head_json":{"title":"Conoce la Pol\u00edtica de Masajes de Millennium Thai Massage","description":"T\u00f3mese su tiempo para leer todo sobre nuestra pol\u00edtica de masajes. Ofrecemos servicios terap\u00e9uticos profesionales. Experimente hoy mismo nuestros relajantes masajes tailandeses.","robots":{"index":"index","follow":"follow","max-snippet":"max-snippet:-1","max-image-preview":"max-image-preview:large","max-video-preview":"max-video-preview:-1"},"canonical":"https:\/\/millenniumthaimassage.com\/es\/politica-de-masajes\/","og_locale":"es_ES","og_type":"article","og_title":"Massage Policy","og_description":"Take some time to read all about our massage policy. We provide professional therapeutic services. Experience our calming Thai massages today.","og_url":"https:\/\/millenniumthaimassage.com\/es\/politica-de-masajes\/","og_site_name":"MILLENNIUM THAI MASSAGE","article_modified_time":"2024-06-27T13:44:36+00:00","twitter_card":"summary_large_image","twitter_misc":{"Tiempo de lectura":"5 minutos"},"schema":{"@context":"https:\/\/schema.org","@graph":[{"@type":"WebPage","@id":"https:\/\/millenniumthaimassage.com\/massage-policy\/","url":"https:\/\/millenniumthaimassage.com\/massage-policy\/","name":"Conoce la Pol\u00edtica de Masajes de Millennium Thai Massage","isPartOf":{"@id":"https:\/\/millenniumthaimassage.com\/#website"},"datePublished":"2023-05-21T18:25:07+00:00","dateModified":"2024-06-27T13:44:36+00:00","description":"T\u00f3mese su tiempo para leer todo sobre nuestra pol\u00edtica de masajes. Ofrecemos servicios terap\u00e9uticos profesionales. Experimente hoy mismo nuestros relajantes masajes tailandeses.","breadcrumb":{"@id":"https:\/\/millenniumthaimassage.com\/massage-policy\/#breadcrumb"},"inLanguage":"es","potentialAction":[{"@type":"ReadAction","target":["https:\/\/millenniumthaimassage.com\/massage-policy\/"]}]},{"@type":"BreadcrumbList","@id":"https:\/\/millenniumthaimassage.com\/massage-policy\/#breadcrumb","itemListElement":[{"@type":"ListItem","position":1,"name":"Home","item":"https:\/\/millenniumthaimassage.com\/"},{"@type":"ListItem","position":2,"name":"Massage Policy"}]},{"@type":"WebSite","@id":"https:\/\/millenniumthaimassage.com\/#website","url":"https:\/\/millenniumthaimassage.com\/","name":"MILENIO MASAJE TAILAND\u00c9S","description":"Masaje tailand\u00e9s","publisher":{"@id":"https:\/\/millenniumthaimassage.com\/#\/schema\/person\/5da4bdaab162dbb3348e937e27398319"},"potentialAction":[{"@type":"SearchAction","target":{"@type":"EntryPoint","urlTemplate":"https:\/\/millenniumthaimassage.com\/?s={search_term_string}"},"query-input":{"@type":"PropertyValueSpecification","valueRequired":true,"valueName":"search_term_string"}}],"inLanguage":"es"},{"@type":["Person","Organization"],"@id":"https:\/\/millenniumthaimassage.com\/#\/schema\/person\/5da4bdaab162dbb3348e937e27398319","name":"JUAN","image":{"@type":"ImageObject","inLanguage":"es","@id":"https:\/\/millenniumthaimassage.com\/wp-content\/uploads\/2024\/12\/LOGO-04-Millennium-Thai-Massage-png-scaled.webp","url":"https:\/\/millenniumthaimassage.com\/wp-content\/uploads\/2024\/12\/LOGO-04-Millennium-Thai-Massage-png-scaled.webp","contentUrl":"https:\/\/millenniumthaimassage.com\/wp-content\/uploads\/2024\/12\/LOGO-04-Millennium-Thai-Massage-png-scaled.webp","width":2560,"height":2560,"caption":"JOHN"},"logo":{"@id":"https:\/\/millenniumthaimassage.com\/wp-content\/uploads\/2024\/12\/LOGO-04-Millennium-Thai-Massage-png-scaled.webp"},"sameAs":["http:\/\/millenniumthaimassage.com"],"description":"En Millennium Massage, estamos comprometidos a ayudarle a sentirse y verse lo mejor posible. Nuestra gama de tratamientos especiales est\u00e1 dise\u00f1ado para hacer frente a una variedad de problemas de salud, incluyendo la mejora de la circulaci\u00f3n, reducir el estr\u00e9s y la ansiedad, y aliviar las tensiones f\u00edsicas \u00fanicas de embarazo con nuestro masaje de embarazo. Tambi\u00e9n ofrecemos servicios de belleza como tratamientos faciales para ayudarle a conseguir el aspecto deseado.","telephone":"+34692475239","legalName":"MILLENNIUM THAI MASSAGE"}]}},"_links":{"self":[{"href":"https:\/\/millenniumthaimassage.com\/es\/wp-json\/wp\/v2\/pages\/5816","targetHints":{"allow":["GET"]}}],"collection":[{"href":"https:\/\/millenniumthaimassage.com\/es\/wp-json\/wp\/v2\/pages"}],"about":[{"href":"https:\/\/millenniumthaimassage.com\/es\/wp-json\/wp\/v2\/types\/page"}],"author":[{"embeddable":true,"href":"https:\/\/millenniumthaimassage.com\/es\/wp-json\/wp\/v2\/users\/8"}],"replies":[{"embeddable":true,"href":"https:\/\/millenniumthaimassage.com\/es\/wp-json\/wp\/v2\/comments?post=5816"}],"version-history":[{"count":19,"href":"https:\/\/millenniumthaimassage.com\/es\/wp-json\/wp\/v2\/pages\/5816\/revisions"}],"predecessor-version":[{"id":7649,"href":"https:\/\/millenniumthaimassage.com\/es\/wp-json\/wp\/v2\/pages\/5816\/revisions\/7649"}],"wp:attachment":[{"href":"https:\/\/millenniumthaimassage.com\/es\/wp-json\/wp\/v2\/media?parent=5816"}],"curies":[{"name":"wp","href":"https:\/\/api.w.org\/{rel}","templated":true}]}}