{"id":7762,"date":"2024-07-18T17:11:22","date_gmt":"2024-07-18T15:11:22","guid":{"rendered":"https:\/\/millenniumthaimassage.com\/voucher-payment-successful\/"},"modified":"2025-10-19T13:39:51","modified_gmt":"2025-10-19T11:39:51","slug":"pago-correcto-del-vale","status":"publish","type":"page","link":"https:\/\/millenniumthaimassage.com\/es\/voucher-payment-successful\/","title":{"rendered":"Pago correcto del vale"},"content":{"rendered":"<div class=\"success\"><p>\u00a1Hemos recibido su pedido! E-Mail enviado con \u00e9xito a . Para continuar con la p\u00e1gina de inicio haga clic aqu\u00ed <a href=\"https:\/\/millenniumthaimassage.com\/es\/\">P\u00e1gina de inicio<\/a><\/p><\/div>\n\n\n<p><\/p>","protected":false},"excerpt":{"rendered":"","protected":false},"author":8,"featured_media":0,"parent":0,"menu_order":0,"comment_status":"closed","ping_status":"closed","template":"","meta":{"footnotes":""},"class_list":["post-7762","page","type-page","status-publish","hentry"],"blocksy_meta":[],"featured_image_urls":{"full":"","thumbnail":"","medium":"","medium_large":"","large":"","1536x1536":"","2048x2048":"","trp-custom-language-flag":"","voucher-thumb":"","voucher-medium":""},"post_excerpt_stackable":"<p>We have got your order! E-Mail Sent Successfully to . To continue to the home page please click here Home Page<\/p>\n","category_list":"","author_info":{"name":"JUAN","url":"https:\/\/millenniumthaimassage.com\/es\/author\/john\/"},"comments_num":"0 comentarios","yoast_head":"<!-- This site is optimized with the Yoast SEO Premium plugin v27.2 (Yoast SEO v27.3) - https:\/\/yoast.com\/product\/yoast-seo-premium-wordpress\/ -->\n<title>Voucher Payment Successful - MILLENNIUM THAI MASSAGE<\/title>\n<meta name=\"robots\" content=\"index, follow, max-snippet:-1, max-image-preview:large, max-video-preview:-1\" \/>\n<link rel=\"canonical\" href=\"https:\/\/millenniumthaimassage.com\/es\/pago-correcto-del-vale\/\" \/>\n<meta property=\"og:locale\" content=\"es_ES\" \/>\n<meta property=\"og:type\" content=\"article\" \/>\n<meta property=\"og:title\" content=\"Voucher Payment Successful\" \/>\n<meta property=\"og:url\" content=\"https:\/\/millenniumthaimassage.com\/es\/pago-correcto-del-vale\/\" \/>\n<meta property=\"og:site_name\" content=\"MILLENNIUM THAI MASSAGE\" \/>\n<meta property=\"article:modified_time\" content=\"2025-10-19T11:39:51+00:00\" \/>\n<meta name=\"twitter:card\" content=\"summary_large_image\" \/>\n<meta name=\"twitter:label1\" content=\"Tiempo de lectura\" \/>\n\t<meta name=\"twitter:data1\" content=\"1 minuto\" \/>\n<script type=\"application\/ld+json\" class=\"yoast-schema-graph\">{\"@context\":\"https:\\\/\\\/schema.org\",\"@graph\":[{\"@type\":\"WebPage\",\"@id\":\"https:\\\/\\\/millenniumthaimassage.com\\\/voucher-payment-successful\\\/\",\"url\":\"https:\\\/\\\/millenniumthaimassage.com\\\/voucher-payment-successful\\\/\",\"name\":\"Voucher Payment Successful - MILLENNIUM THAI MASSAGE\",\"isPartOf\":{\"@id\":\"https:\\\/\\\/millenniumthaimassage.com\\\/#website\"},\"datePublished\":\"2024-07-18T15:11:22+00:00\",\"dateModified\":\"2025-10-19T11:39:51+00:00\",\"breadcrumb\":{\"@id\":\"https:\\\/\\\/millenniumthaimassage.com\\\/voucher-payment-successful\\\/#breadcrumb\"},\"inLanguage\":\"es\",\"potentialAction\":[{\"@type\":\"ReadAction\",\"target\":[\"https:\\\/\\\/millenniumthaimassage.com\\\/voucher-payment-successful\\\/\"]}]},{\"@type\":\"BreadcrumbList\",\"@id\":\"https:\\\/\\\/millenniumthaimassage.com\\\/voucher-payment-successful\\\/#breadcrumb\",\"itemListElement\":[{\"@type\":\"ListItem\",\"position\":1,\"name\":\"Home\",\"item\":\"https:\\\/\\\/millenniumthaimassage.com\\\/\"},{\"@type\":\"ListItem\",\"position\":2,\"name\":\"Voucher Payment Successful\"}]},{\"@type\":\"WebSite\",\"@id\":\"https:\\\/\\\/millenniumthaimassage.com\\\/#website\",\"url\":\"https:\\\/\\\/millenniumthaimassage.com\\\/\",\"name\":\"MILLENNIUM THAI MASSAGE\",\"description\":\"Thai massage\",\"publisher\":{\"@id\":\"https:\\\/\\\/millenniumthaimassage.com\\\/#\\\/schema\\\/person\\\/5da4bdaab162dbb3348e937e27398319\"},\"potentialAction\":[{\"@type\":\"SearchAction\",\"target\":{\"@type\":\"EntryPoint\",\"urlTemplate\":\"https:\\\/\\\/millenniumthaimassage.com\\\/?s={search_term_string}\"},\"query-input\":{\"@type\":\"PropertyValueSpecification\",\"valueRequired\":true,\"valueName\":\"search_term_string\"}}],\"inLanguage\":\"es\"},{\"@type\":[\"Person\",\"Organization\"],\"@id\":\"https:\\\/\\\/millenniumthaimassage.com\\\/#\\\/schema\\\/person\\\/5da4bdaab162dbb3348e937e27398319\",\"name\":\"JOHN\",\"image\":{\"@type\":\"ImageObject\",\"inLanguage\":\"es\",\"@id\":\"https:\\\/\\\/millenniumthaimassage.com\\\/wp-content\\\/uploads\\\/2024\\\/12\\\/LOGO-04-Millennium-Thai-Massage-png-scaled.webp\",\"url\":\"https:\\\/\\\/millenniumthaimassage.com\\\/wp-content\\\/uploads\\\/2024\\\/12\\\/LOGO-04-Millennium-Thai-Massage-png-scaled.webp\",\"contentUrl\":\"https:\\\/\\\/millenniumthaimassage.com\\\/wp-content\\\/uploads\\\/2024\\\/12\\\/LOGO-04-Millennium-Thai-Massage-png-scaled.webp\",\"width\":2560,\"height\":2560,\"caption\":\"JOHN\"},\"logo\":{\"@id\":\"https:\\\/\\\/millenniumthaimassage.com\\\/wp-content\\\/uploads\\\/2024\\\/12\\\/LOGO-04-Millennium-Thai-Massage-png-scaled.webp\"},\"sameAs\":[\"http:\\\/\\\/millenniumthaimassage.com\"],\"description\":\"At Millennium Massage, we\u2019re committed to helping you feel and look your best. Our range of special treatments is designed to address a variety of health concerns, including improving circulation, reducing stress and anxiety, and alleviating the unique physical stresses of pregnancy with our pregnancy massage. We also offer beauty services like facials to help you achieve your desired look.\",\"telephone\":\"+34692475239\",\"legalName\":\"MILLENNIUM THAI MASSAGE\"}]}<\/script>\n<!-- \/ Yoast SEO Premium plugin. -->","yoast_head_json":{"title":"Pago con \u00e9xito - MILLENNIUM THAI MASSAGE","robots":{"index":"index","follow":"follow","max-snippet":"max-snippet:-1","max-image-preview":"max-image-preview:large","max-video-preview":"max-video-preview:-1"},"canonical":"https:\/\/millenniumthaimassage.com\/es\/pago-correcto-del-vale\/","og_locale":"es_ES","og_type":"article","og_title":"Voucher Payment Successful","og_url":"https:\/\/millenniumthaimassage.com\/es\/pago-correcto-del-vale\/","og_site_name":"MILLENNIUM THAI MASSAGE","article_modified_time":"2025-10-19T11:39:51+00:00","twitter_card":"summary_large_image","twitter_misc":{"Tiempo de lectura":"1 minuto"},"schema":{"@context":"https:\/\/schema.org","@graph":[{"@type":"WebPage","@id":"https:\/\/millenniumthaimassage.com\/voucher-payment-successful\/","url":"https:\/\/millenniumthaimassage.com\/voucher-payment-successful\/","name":"Pago con \u00e9xito - MILLENNIUM THAI MASSAGE","isPartOf":{"@id":"https:\/\/millenniumthaimassage.com\/#website"},"datePublished":"2024-07-18T15:11:22+00:00","dateModified":"2025-10-19T11:39:51+00:00","breadcrumb":{"@id":"https:\/\/millenniumthaimassage.com\/voucher-payment-successful\/#breadcrumb"},"inLanguage":"es","potentialAction":[{"@type":"ReadAction","target":["https:\/\/millenniumthaimassage.com\/voucher-payment-successful\/"]}]},{"@type":"BreadcrumbList","@id":"https:\/\/millenniumthaimassage.com\/voucher-payment-successful\/#breadcrumb","itemListElement":[{"@type":"ListItem","position":1,"name":"Home","item":"https:\/\/millenniumthaimassage.com\/"},{"@type":"ListItem","position":2,"name":"Voucher Payment Successful"}]},{"@type":"WebSite","@id":"https:\/\/millenniumthaimassage.com\/#website","url":"https:\/\/millenniumthaimassage.com\/","name":"MILENIO MASAJE TAILAND\u00c9S","description":"Masaje tailand\u00e9s","publisher":{"@id":"https:\/\/millenniumthaimassage.com\/#\/schema\/person\/5da4bdaab162dbb3348e937e27398319"},"potentialAction":[{"@type":"SearchAction","target":{"@type":"EntryPoint","urlTemplate":"https:\/\/millenniumthaimassage.com\/?s={search_term_string}"},"query-input":{"@type":"PropertyValueSpecification","valueRequired":true,"valueName":"search_term_string"}}],"inLanguage":"es"},{"@type":["Person","Organization"],"@id":"https:\/\/millenniumthaimassage.com\/#\/schema\/person\/5da4bdaab162dbb3348e937e27398319","name":"JUAN","image":{"@type":"ImageObject","inLanguage":"es","@id":"https:\/\/millenniumthaimassage.com\/wp-content\/uploads\/2024\/12\/LOGO-04-Millennium-Thai-Massage-png-scaled.webp","url":"https:\/\/millenniumthaimassage.com\/wp-content\/uploads\/2024\/12\/LOGO-04-Millennium-Thai-Massage-png-scaled.webp","contentUrl":"https:\/\/millenniumthaimassage.com\/wp-content\/uploads\/2024\/12\/LOGO-04-Millennium-Thai-Massage-png-scaled.webp","width":2560,"height":2560,"caption":"JOHN"},"logo":{"@id":"https:\/\/millenniumthaimassage.com\/wp-content\/uploads\/2024\/12\/LOGO-04-Millennium-Thai-Massage-png-scaled.webp"},"sameAs":["http:\/\/millenniumthaimassage.com"],"description":"En Millennium Massage, estamos comprometidos a ayudarle a sentirse y verse lo mejor posible. Nuestra gama de tratamientos especiales est\u00e1 dise\u00f1ado para hacer frente a una variedad de problemas de salud, incluyendo la mejora de la circulaci\u00f3n, reducir el estr\u00e9s y la ansiedad, y aliviar las tensiones f\u00edsicas \u00fanicas de embarazo con nuestro masaje de embarazo. Tambi\u00e9n ofrecemos servicios de belleza como tratamientos faciales para ayudarle a conseguir el aspecto deseado.","telephone":"+34692475239","legalName":"MILLENNIUM THAI MASSAGE"}]}},"_links":{"self":[{"href":"https:\/\/millenniumthaimassage.com\/es\/wp-json\/wp\/v2\/pages\/7762","targetHints":{"allow":["GET"]}}],"collection":[{"href":"https:\/\/millenniumthaimassage.com\/es\/wp-json\/wp\/v2\/pages"}],"about":[{"href":"https:\/\/millenniumthaimassage.com\/es\/wp-json\/wp\/v2\/types\/page"}],"author":[{"embeddable":true,"href":"https:\/\/millenniumthaimassage.com\/es\/wp-json\/wp\/v2\/users\/8"}],"replies":[{"embeddable":true,"href":"https:\/\/millenniumthaimassage.com\/es\/wp-json\/wp\/v2\/comments?post=7762"}],"version-history":[{"count":2,"href":"https:\/\/millenniumthaimassage.com\/es\/wp-json\/wp\/v2\/pages\/7762\/revisions"}],"predecessor-version":[{"id":8486,"href":"https:\/\/millenniumthaimassage.com\/es\/wp-json\/wp\/v2\/pages\/7762\/revisions\/8486"}],"wp:attachment":[{"href":"https:\/\/millenniumthaimassage.com\/es\/wp-json\/wp\/v2\/media?parent=7762"}],"curies":[{"name":"wp","href":"https:\/\/api.w.org\/{rel}","templated":true}]}}