{"id":5809,"date":"2023-05-21T18:20:36","date_gmt":"2023-05-21T18:20:36","guid":{"rendered":"https:\/\/millenniumthaimassage.com\/terms-of-use\/"},"modified":"2024-06-27T15:46:39","modified_gmt":"2024-06-27T13:46:39","slug":"conditions-dutilisation","status":"publish","type":"page","link":"https:\/\/millenniumthaimassage.com\/fr\/terms-of-use\/","title":{"rendered":"Conditions d'utilisation"},"content":{"rendered":"<h1>Conditions g\u00e9n\u00e9rales d'utilisation<\/h1>\n<p>Les pr\u00e9sentes conditions r\u00e9gissent votre acc\u00e8s et votre utilisation de l'ensemble du contenu, des produits et des services disponibles sur le site web https:\/\/millenniumthaimassage.com (le \"Service\") exploit\u00e9 par Millennium Thai Massage (\"nous\", \"nous\" ou \"notre\").<\/p>\n<p>Votre acc\u00e8s \u00e0 nos services est soumis \u00e0 votre acceptation, sans modification, de tous les termes et conditions contenus dans le pr\u00e9sent document et de toutes les autres r\u00e8gles et politiques op\u00e9rationnelles publi\u00e9es et pouvant \u00eatre publi\u00e9es de temps \u00e0 autre par nous.<\/p>\n<p>Veuillez lire attentivement l'accord avant d'acc\u00e9der \u00e0 nos services ou de les utiliser. En acc\u00e9dant \u00e0 nos services ou en les utilisant, vous acceptez d'\u00eatre li\u00e9 par les pr\u00e9sentes conditions. Si vous n'acceptez pas une partie des conditions de l'accord, vous ne pouvez pas acc\u00e9der \u00e0 nos services ou les utiliser.<\/p>\n<h2>Propri\u00e9t\u00e9 intellectuelle<\/h2>\n<p>L'accord ne transf\u00e8re pas de Nous \u00e0 vous la propri\u00e9t\u00e9 intellectuelle de Nous ou de tiers, et tous les droits, titres et int\u00e9r\u00eats relatifs \u00e0 cette propri\u00e9t\u00e9 demeureront (entre les parties) uniquement chez Millennium Thai Massage et ses conc\u00e9dants de licence.<\/p>\n<h3>Services de tiers<\/h3>\n<p>En utilisant les services, vous pouvez utiliser des services, des produits, des logiciels, des \u00e9l\u00e9ments int\u00e9gr\u00e9s ou des applications d\u00e9velopp\u00e9s par des tiers (\"services de tiers\").<\/p>\n<p>Si vous utilisez des services de tiers, vous comprenez que :<\/p>\n<ul>\n<li>Toute utilisation d'un service tiers se fait \u00e0 vos risques et p\u00e9rils, et nous ne sommes pas responsables des sites web ou des services tiers.<\/li>\n<li>Vous reconnaissez et acceptez que nous ne pouvons \u00eatre tenus responsables de tout dommage ou perte caus\u00e9 ou suppos\u00e9 caus\u00e9 par ou en relation avec l'utilisation de ce contenu, de ces biens ou de ces services disponibles sur ou par l'interm\u00e9diaire de ces sites web ou services.<\/li>\n<\/ul>\n<h2>Comptes<\/h2>\n<p>Lorsque l'utilisation d'une partie de nos services n\u00e9cessite l'ouverture d'un compte, vous acceptez de nous fournir des informations compl\u00e8tes et exactes lorsque vous vous inscrivez pour ouvrir un compte.<\/p>\n<p>Vous serez seul responsable de toute activit\u00e9 effectu\u00e9e sous votre compte. Vous \u00eates responsable de la mise \u00e0 jour des informations relatives \u00e0 votre compte et de la s\u00e9curit\u00e9 de votre mot de passe.<\/p>\n<p>Vous \u00eates responsable du maintien de la s\u00e9curit\u00e9 du compte que vous utilisez pour acc\u00e9der au service. Vous ne devez pas partager ou utiliser abusivement vos identifiants d'acc\u00e8s. Vous devez nous informer imm\u00e9diatement de toute utilisation non autoris\u00e9e de votre compte ou de toute autre violation de la s\u00e9curit\u00e9.<\/p>\n<h2>Cessation d'activit\u00e9<\/h2>\n<p>Nous pouvons r\u00e9silier ou suspendre votre acc\u00e8s \u00e0 tout ou partie de nos services \u00e0 tout moment, avec ou sans motif, avec ou sans pr\u00e9avis, avec effet imm\u00e9diat.<\/p>\n<p>Si vous souhaitez r\u00e9silier l'accord ou votre compte Millennium Thai Massage, vous pouvez simplement cesser d'utiliser nos services.<\/p>\n<p>Toutes les dispositions de l'accord qui, de par leur nature, doivent survivre \u00e0 la r\u00e9siliation, y compris, sans s'y limiter, les dispositions relatives \u00e0 la propri\u00e9t\u00e9, les exclusions de garantie, l'indemnisation et les limitations de responsabilit\u00e9.<\/p>\n<h2>Clause de non-responsabilit\u00e9<\/h2>\n<p>Nos services sont fournis \"TELS QUELS\" et \"TELS QUE DISPONIBLES\". Millennium Thai Massage et ses fournisseurs et conc\u00e9dants de licence d\u00e9clinent par la pr\u00e9sente toute garantie de quelque nature que ce soit, expresse ou implicite, y compris, sans limitation, les garanties de qualit\u00e9 marchande, d'ad\u00e9quation \u00e0 un usage particulier et de non-contrefa\u00e7on. Ni Millennium Thai Massage, ni ses fournisseurs et conc\u00e9dants de licence, ne garantissent que nos services seront exempts d'erreurs ou que l'acc\u00e8s \u00e0 ceux-ci sera continu ou ininterrompu. Vous comprenez que vous t\u00e9l\u00e9chargez, ou obtenez autrement du contenu ou des services par le biais de nos Services \u00e0 votre propre discr\u00e9tion et \u00e0 vos propres risques.<\/p>\n<h3>Comp\u00e9tence et droit applicable<\/h3>\n<p>Sauf dans la mesure o\u00f9 la loi applicable en dispose autrement, l'accord et tout acc\u00e8s ou utilisation de nos services seront r\u00e9gis par les lois espagnoles.<\/p>\n<p>Les tribunaux d'\u00c9tat et f\u00e9d\u00e9raux situ\u00e9s en Espagne seront le lieu appropri\u00e9 pour tout litige d\u00e9coulant de l'accord ou s'y rapportant, ainsi que de l'acc\u00e8s \u00e0 nos services ou de leur utilisation.<\/p>\n<h2>Changements<\/h2>\n<p>Millennium Thai Massage se r\u00e9serve le droit, \u00e0 sa seule discr\u00e9tion, de modifier ou de remplacer ces conditions \u00e0 tout moment.<\/p>\n<p>Si nous apportons des modifications importantes, nous vous en informerons en les publiant sur notre site web ou en vous envoyant un courrier \u00e9lectronique ou toute autre communication avant que les modifications n'entrent en vigueur. L'avis indiquera un d\u00e9lai raisonnable apr\u00e8s lequel les nouvelles conditions entreront en vigueur.<\/p>\n<p>Si vous n'\u00eates pas d'accord avec nos changements, vous devez cesser d'utiliser nos services pendant la p\u00e9riode de pr\u00e9avis d\u00e9sign\u00e9e ou une fois que les changements sont entr\u00e9s en vigueur.<\/p>\n<p>Votre utilisation continue de nos services sera soumise aux nouvelles conditions.<\/p>","protected":false},"excerpt":{"rendered":"<p>Terms and Conditions These Terms govern your access to, usage of all content, Product and Services available at https:\/\/millenniumthaimassage.com website (the \u201cService\u201d) operated by Millennium Thai Massage (\u201cus\u201d, \u201cwe\u201d, or \u201cour\u201d). Your access to our services are subject to your acceptance, without modification, of all of the terms and conditions contained herein and all other [&hellip;]<\/p>\n","protected":false},"author":8,"featured_media":0,"parent":0,"menu_order":0,"comment_status":"closed","ping_status":"closed","template":"","meta":{"footnotes":""},"class_list":["post-5809","page","type-page","status-publish","hentry"],"blocksy_meta":[],"featured_image_urls":{"full":"","thumbnail":"","medium":"","medium_large":"","large":"","1536x1536":"","2048x2048":"","trp-custom-language-flag":"","voucher-thumb":"","voucher-medium":""},"post_excerpt_stackable":"<p>Terms and Conditions These Terms govern your access to, usage of all content, Product and Services available at https:\/\/millenniumthaimassage.com website (the \u201cService\u201d) operated by Millennium Thai Massage (\u201cus\u201d, \u201cwe\u201d, or \u201cour\u201d). Your access to our services are subject to your acceptance, without modification, of all of the terms and conditions contained herein and all other operating rules and policies published and that may be published from time to time by us. Please read the Agreement carefully before accessing or using our Services. By accessing or using any part of our Services, you agree to be bound by these Terms. If\u2026<\/p>\n","category_list":"","author_info":{"name":"JOHN","url":"https:\/\/millenniumthaimassage.com\/fr\/author\/john\/"},"comments_num":"0 commentaire","yoast_head":"<!-- This site is optimized with the Yoast SEO Premium plugin v27.2 (Yoast SEO v27.3) - https:\/\/yoast.com\/product\/yoast-seo-premium-wordpress\/ -->\n<title>Terms of Use for Our Website - Millennium Thai Massage<\/title>\n<meta name=\"description\" content=\"Before using our website, read our terms. Be aware of our policies as you use the site \u2013 we hope to provide you a comfortable experience. Call: 34692475239\" \/>\n<meta name=\"robots\" content=\"index, follow, max-snippet:-1, max-image-preview:large, max-video-preview:-1\" \/>\n<link rel=\"canonical\" href=\"https:\/\/millenniumthaimassage.com\/fr\/conditions-dutilisation\/\" \/>\n<meta property=\"og:locale\" content=\"fr_FR\" \/>\n<meta property=\"og:type\" content=\"article\" \/>\n<meta property=\"og:title\" content=\"Terms of Use\" \/>\n<meta property=\"og:description\" content=\"Before using our website, read our terms. Be aware of our policies as you use the site \u2013 we hope to provide you a comfortable experience. Call: 34692475239\" \/>\n<meta property=\"og:url\" content=\"https:\/\/millenniumthaimassage.com\/fr\/conditions-dutilisation\/\" \/>\n<meta property=\"og:site_name\" content=\"MILLENNIUM THAI MASSAGE\" \/>\n<meta property=\"article:modified_time\" content=\"2024-06-27T13:46:39+00:00\" \/>\n<meta name=\"twitter:card\" content=\"summary_large_image\" \/>\n<meta name=\"twitter:label1\" content=\"Dur\u00e9e de lecture estim\u00e9e\" \/>\n\t<meta name=\"twitter:data1\" content=\"4 minutes\" \/>\n<script type=\"application\/ld+json\" class=\"yoast-schema-graph\">{\"@context\":\"https:\\\/\\\/schema.org\",\"@graph\":[{\"@type\":\"WebPage\",\"@id\":\"https:\\\/\\\/millenniumthaimassage.com\\\/terms-of-use\\\/\",\"url\":\"https:\\\/\\\/millenniumthaimassage.com\\\/terms-of-use\\\/\",\"name\":\"Terms of Use for Our Website - Millennium Thai Massage\",\"isPartOf\":{\"@id\":\"https:\\\/\\\/millenniumthaimassage.com\\\/#website\"},\"datePublished\":\"2023-05-21T18:20:36+00:00\",\"dateModified\":\"2024-06-27T13:46:39+00:00\",\"description\":\"Before using our website, read our terms. Be aware of our policies as you use the site \u2013 we hope to provide you a comfortable experience. Call: 34692475239\",\"breadcrumb\":{\"@id\":\"https:\\\/\\\/millenniumthaimassage.com\\\/terms-of-use\\\/#breadcrumb\"},\"inLanguage\":\"fr-FR\",\"potentialAction\":[{\"@type\":\"ReadAction\",\"target\":[\"https:\\\/\\\/millenniumthaimassage.com\\\/terms-of-use\\\/\"]}]},{\"@type\":\"BreadcrumbList\",\"@id\":\"https:\\\/\\\/millenniumthaimassage.com\\\/terms-of-use\\\/#breadcrumb\",\"itemListElement\":[{\"@type\":\"ListItem\",\"position\":1,\"name\":\"Home\",\"item\":\"https:\\\/\\\/millenniumthaimassage.com\\\/\"},{\"@type\":\"ListItem\",\"position\":2,\"name\":\"Terms of Use\"}]},{\"@type\":\"WebSite\",\"@id\":\"https:\\\/\\\/millenniumthaimassage.com\\\/#website\",\"url\":\"https:\\\/\\\/millenniumthaimassage.com\\\/\",\"name\":\"MILLENNIUM THAI MASSAGE\",\"description\":\"Thai massage\",\"publisher\":{\"@id\":\"https:\\\/\\\/millenniumthaimassage.com\\\/#\\\/schema\\\/person\\\/5da4bdaab162dbb3348e937e27398319\"},\"potentialAction\":[{\"@type\":\"SearchAction\",\"target\":{\"@type\":\"EntryPoint\",\"urlTemplate\":\"https:\\\/\\\/millenniumthaimassage.com\\\/?s={search_term_string}\"},\"query-input\":{\"@type\":\"PropertyValueSpecification\",\"valueRequired\":true,\"valueName\":\"search_term_string\"}}],\"inLanguage\":\"fr-FR\"},{\"@type\":[\"Person\",\"Organization\"],\"@id\":\"https:\\\/\\\/millenniumthaimassage.com\\\/#\\\/schema\\\/person\\\/5da4bdaab162dbb3348e937e27398319\",\"name\":\"JOHN\",\"image\":{\"@type\":\"ImageObject\",\"inLanguage\":\"fr-FR\",\"@id\":\"https:\\\/\\\/millenniumthaimassage.com\\\/wp-content\\\/uploads\\\/2024\\\/12\\\/LOGO-04-Millennium-Thai-Massage-png-scaled.webp\",\"url\":\"https:\\\/\\\/millenniumthaimassage.com\\\/wp-content\\\/uploads\\\/2024\\\/12\\\/LOGO-04-Millennium-Thai-Massage-png-scaled.webp\",\"contentUrl\":\"https:\\\/\\\/millenniumthaimassage.com\\\/wp-content\\\/uploads\\\/2024\\\/12\\\/LOGO-04-Millennium-Thai-Massage-png-scaled.webp\",\"width\":2560,\"height\":2560,\"caption\":\"JOHN\"},\"logo\":{\"@id\":\"https:\\\/\\\/millenniumthaimassage.com\\\/wp-content\\\/uploads\\\/2024\\\/12\\\/LOGO-04-Millennium-Thai-Massage-png-scaled.webp\"},\"sameAs\":[\"http:\\\/\\\/millenniumthaimassage.com\"],\"description\":\"At Millennium Massage, we\u2019re committed to helping you feel and look your best. Our range of special treatments is designed to address a variety of health concerns, including improving circulation, reducing stress and anxiety, and alleviating the unique physical stresses of pregnancy with our pregnancy massage. We also offer beauty services like facials to help you achieve your desired look.\",\"telephone\":\"+34692475239\",\"legalName\":\"MILLENNIUM THAI MASSAGE\"}]}<\/script>\n<!-- \/ Yoast SEO Premium plugin. -->","yoast_head_json":{"title":"Conditions d'utilisation de notre site Internet - Millennium Thai Massage","description":"Avant d'utiliser notre site web, lisez nos conditions. Soyez conscient de nos politiques lorsque vous utilisez le site - nous esp\u00e9rons vous offrir une exp\u00e9rience confortable. Appelez-nous : 34692475239","robots":{"index":"index","follow":"follow","max-snippet":"max-snippet:-1","max-image-preview":"max-image-preview:large","max-video-preview":"max-video-preview:-1"},"canonical":"https:\/\/millenniumthaimassage.com\/fr\/conditions-dutilisation\/","og_locale":"fr_FR","og_type":"article","og_title":"Terms of Use","og_description":"Before using our website, read our terms. Be aware of our policies as you use the site \u2013 we hope to provide you a comfortable experience. Call: 34692475239","og_url":"https:\/\/millenniumthaimassage.com\/fr\/conditions-dutilisation\/","og_site_name":"MILLENNIUM THAI MASSAGE","article_modified_time":"2024-06-27T13:46:39+00:00","twitter_card":"summary_large_image","twitter_misc":{"Dur\u00e9e de lecture estim\u00e9e":"4 minutes"},"schema":{"@context":"https:\/\/schema.org","@graph":[{"@type":"WebPage","@id":"https:\/\/millenniumthaimassage.com\/terms-of-use\/","url":"https:\/\/millenniumthaimassage.com\/terms-of-use\/","name":"Conditions d'utilisation de notre site Internet - Millennium Thai Massage","isPartOf":{"@id":"https:\/\/millenniumthaimassage.com\/#website"},"datePublished":"2023-05-21T18:20:36+00:00","dateModified":"2024-06-27T13:46:39+00:00","description":"Avant d'utiliser notre site web, lisez nos conditions. Soyez conscient de nos politiques lorsque vous utilisez le site - nous esp\u00e9rons vous offrir une exp\u00e9rience confortable. Appelez-nous : 34692475239","breadcrumb":{"@id":"https:\/\/millenniumthaimassage.com\/terms-of-use\/#breadcrumb"},"inLanguage":"fr-FR","potentialAction":[{"@type":"ReadAction","target":["https:\/\/millenniumthaimassage.com\/terms-of-use\/"]}]},{"@type":"BreadcrumbList","@id":"https:\/\/millenniumthaimassage.com\/terms-of-use\/#breadcrumb","itemListElement":[{"@type":"ListItem","position":1,"name":"Home","item":"https:\/\/millenniumthaimassage.com\/"},{"@type":"ListItem","position":2,"name":"Terms of Use"}]},{"@type":"WebSite","@id":"https:\/\/millenniumthaimassage.com\/#website","url":"https:\/\/millenniumthaimassage.com\/","name":"MILLENNIUM THAI MASSAGE","description":"Massage tha\u00eflandais","publisher":{"@id":"https:\/\/millenniumthaimassage.com\/#\/schema\/person\/5da4bdaab162dbb3348e937e27398319"},"potentialAction":[{"@type":"SearchAction","target":{"@type":"EntryPoint","urlTemplate":"https:\/\/millenniumthaimassage.com\/?s={search_term_string}"},"query-input":{"@type":"PropertyValueSpecification","valueRequired":true,"valueName":"search_term_string"}}],"inLanguage":"fr-FR"},{"@type":["Person","Organization"],"@id":"https:\/\/millenniumthaimassage.com\/#\/schema\/person\/5da4bdaab162dbb3348e937e27398319","name":"JOHN","image":{"@type":"ImageObject","inLanguage":"fr-FR","@id":"https:\/\/millenniumthaimassage.com\/wp-content\/uploads\/2024\/12\/LOGO-04-Millennium-Thai-Massage-png-scaled.webp","url":"https:\/\/millenniumthaimassage.com\/wp-content\/uploads\/2024\/12\/LOGO-04-Millennium-Thai-Massage-png-scaled.webp","contentUrl":"https:\/\/millenniumthaimassage.com\/wp-content\/uploads\/2024\/12\/LOGO-04-Millennium-Thai-Massage-png-scaled.webp","width":2560,"height":2560,"caption":"JOHN"},"logo":{"@id":"https:\/\/millenniumthaimassage.com\/wp-content\/uploads\/2024\/12\/LOGO-04-Millennium-Thai-Massage-png-scaled.webp"},"sameAs":["http:\/\/millenniumthaimassage.com"],"description":"Chez Millennium Massage, nous nous engageons \u00e0 vous aider \u00e0 vous sentir et \u00e0 para\u00eetre au mieux de votre forme. Notre gamme de traitements sp\u00e9ciaux est con\u00e7ue pour r\u00e9pondre \u00e0 une vari\u00e9t\u00e9 de probl\u00e8mes de sant\u00e9, y compris l'am\u00e9lioration de la circulation, la r\u00e9duction du stress et de l'anxi\u00e9t\u00e9, et l'att\u00e9nuation du stress physique unique de la grossesse gr\u00e2ce \u00e0 notre massage de grossesse. Nous proposons \u00e9galement des services de beaut\u00e9, tels que des soins du visage, pour vous aider \u00e0 obtenir l'apparence que vous souhaitez.","telephone":"+34692475239","legalName":"MILLENNIUM THAI MASSAGE"}]}},"_links":{"self":[{"href":"https:\/\/millenniumthaimassage.com\/fr\/wp-json\/wp\/v2\/pages\/5809","targetHints":{"allow":["GET"]}}],"collection":[{"href":"https:\/\/millenniumthaimassage.com\/fr\/wp-json\/wp\/v2\/pages"}],"about":[{"href":"https:\/\/millenniumthaimassage.com\/fr\/wp-json\/wp\/v2\/types\/page"}],"author":[{"embeddable":true,"href":"https:\/\/millenniumthaimassage.com\/fr\/wp-json\/wp\/v2\/users\/8"}],"replies":[{"embeddable":true,"href":"https:\/\/millenniumthaimassage.com\/fr\/wp-json\/wp\/v2\/comments?post=5809"}],"version-history":[{"count":2,"href":"https:\/\/millenniumthaimassage.com\/fr\/wp-json\/wp\/v2\/pages\/5809\/revisions"}],"predecessor-version":[{"id":7167,"href":"https:\/\/millenniumthaimassage.com\/fr\/wp-json\/wp\/v2\/pages\/5809\/revisions\/7167"}],"wp:attachment":[{"href":"https:\/\/millenniumthaimassage.com\/fr\/wp-json\/wp\/v2\/media?parent=5809"}],"curies":[{"name":"wp","href":"https:\/\/api.w.org\/{rel}","templated":true}]}}