{"id":5810,"date":"2023-05-21T18:20:40","date_gmt":"2023-05-21T18:20:40","guid":{"rendered":"https:\/\/millenniumthaimassage.com\/privacy-policy\/"},"modified":"2024-06-27T15:45:27","modified_gmt":"2024-06-27T13:45:27","slug":"politique-de-confidentialite","status":"publish","type":"page","link":"https:\/\/millenniumthaimassage.com\/fr\/privacy-policy\/","title":{"rendered":"Politique de confidentialit\u00e9"},"content":{"rendered":"<h1>Politique de confidentialit\u00e9<\/h1>\n<p>Bienvenue sur https:\/\/millenniumthaimassage.com (le \"Site\"). Nous comprenons que la confidentialit\u00e9 en ligne est importante pour les utilisateurs de notre Site, en particulier lorsqu'ils font des affaires. Cette d\u00e9claration r\u00e9git nos politiques de confidentialit\u00e9 en ce qui concerne les utilisateurs du Site (les \"Visiteurs\") qui le visitent sans faire d'affaires et les Visiteurs qui s'inscrivent pour faire des affaires sur le Site et utiliser les divers services offerts par Millennium Thai Massage (collectivement, les \"Services\") (les \"Clients autoris\u00e9s\").<\/p>\n<p><span style=\"font-weight: bold;\">\"Informations personnellement identifiables\" <\/span><\/p>\n<p>d\u00e9signe toute information qui identifie ou peut \u00eatre utilis\u00e9e pour identifier, contacter ou localiser la personne \u00e0 laquelle ces informations se rapportent, y compris, mais sans s'y limiter, le nom, l'adresse, le num\u00e9ro de t\u00e9l\u00e9phone, le num\u00e9ro de t\u00e9l\u00e9copie, l'adresse \u00e9lectronique, les profils financiers, le num\u00e9ro de s\u00e9curit\u00e9 sociale et les informations relatives \u00e0 la carte de cr\u00e9dit. Les informations personnellement identifiables ne comprennent pas les informations collect\u00e9es de mani\u00e8re anonyme (c'est-\u00e0-dire sans identification de l'utilisateur individuel) ou les informations d\u00e9mographiques non li\u00e9es \u00e0 une personne identifi\u00e9e.<\/p>\n<p><span style=\"font-weight: bold;\">Quelles sont les informations personnelles identifiables collect\u00e9es ? <\/span><\/p>\n<p>Nous pouvons recueillir des informations de base sur le profil de l'utilisateur aupr\u00e8s de tous nos visiteurs. Nous recueillons les informations suppl\u00e9mentaires suivantes aupr\u00e8s de nos clients autoris\u00e9s : les noms, adresses, num\u00e9ros de t\u00e9l\u00e9phone et adresses \u00e9lectroniques des clients autoris\u00e9s, la nature et la taille de l'entreprise, ainsi que la nature et la taille de l'inventaire publicitaire que le client autoris\u00e9 a l'intention d'acheter ou de vendre.<\/p>\n<p><span style=\"font-weight: bold;\">Quelles sont les organisations qui collectent les informations ? <\/span><\/p>\n<p>Outre notre collecte directe d'informations, nos fournisseurs de services tiers (tels que les soci\u00e9t\u00e9s de cartes de cr\u00e9dit, les chambres de compensation et les banques) qui peuvent fournir des services tels que le cr\u00e9dit, l'assurance et les services de d\u00e9p\u00f4t fiduciaire peuvent collecter ces informations aupr\u00e8s de nos visiteurs et de nos clients autoris\u00e9s. Nous ne contr\u00f4lons pas la mani\u00e8re dont ces tiers utilisent ces informations, mais nous leur demandons de divulguer la mani\u00e8re dont ils utilisent les informations personnelles qui leur sont fournies par les visiteurs et les clients autoris\u00e9s. Certains de ces tiers peuvent \u00eatre des interm\u00e9diaires qui agissent uniquement en tant que maillons de la cha\u00eene de distribution et ne stockent pas, ne conservent pas et n'utilisent pas les informations qui leur sont communiqu\u00e9es.<\/p>\n<p><span style=\"font-weight: bold;\">Comment le site utilise-t-il les informations personnellement identifiables ?<\/span><\/p>\n<p>Nous utilisons les informations personnellement identifiables pour personnaliser le site, proposer des services appropri\u00e9s et r\u00e9pondre aux demandes d'achat et de vente sur le site. Nous pouvons envoyer des courriels aux visiteurs et aux clients autoris\u00e9s concernant des recherches ou des opportunit\u00e9s d'achat et de vente sur le site ou des informations li\u00e9es au sujet du site. Nous pouvons \u00e9galement utiliser des informations personnellement identifiables pour contacter les visiteurs et les clients autoris\u00e9s en r\u00e9ponse \u00e0 des demandes sp\u00e9cifiques ou pour fournir les informations demand\u00e9es.<\/p>\n<p><span style=\"font-weight: bold;\">Avec qui les informations peuvent-elles \u00eatre partag\u00e9es ?<\/span><\/p>\n<p>Les informations personnellement identifiables concernant les clients autoris\u00e9s peuvent \u00eatre partag\u00e9es avec d'autres clients autoris\u00e9s qui souhaitent \u00e9valuer des transactions potentielles avec d'autres clients autoris\u00e9s. Nous pouvons partager des informations agr\u00e9g\u00e9es sur nos visiteurs, y compris les donn\u00e9es d\u00e9mographiques de nos visiteurs et de nos clients autoris\u00e9s, avec nos agences affili\u00e9es et des vendeurs tiers. Nous offrons \u00e9galement la possibilit\u00e9 de refuser de recevoir des informations ou d'\u00eatre contact\u00e9 par nous ou par toute agence agissant en notre nom.<\/p>\n<p><span style=\"font-weight: bold;\">Comment les informations d'identification personnelle sont-elles stock\u00e9es ?<\/span><\/p>\n<p>Les informations personnellement identifiables recueillies par Millennium Thai Massage sont stock\u00e9es en toute s\u00e9curit\u00e9 et ne sont pas accessibles \u00e0 des tiers ou \u00e0 des employ\u00e9s de Millennium Thai Massage, sauf pour l'utilisation indiqu\u00e9e ci-dessus.<\/p>\n<p><span style=\"font-weight: bold;\">Quels sont les choix offerts aux visiteurs en ce qui concerne la collecte, l'utilisation et la diffusion des informations ?<\/span><\/p>\n<p>Les visiteurs et les clients autoris\u00e9s peuvent refuser de recevoir des informations non sollicit\u00e9es de notre part ou d'\u00eatre contact\u00e9s par nous et\/ou nos vendeurs et agences affili\u00e9es en r\u00e9pondant aux courriels selon les instructions, ou en nous contactant \u00e0 Llevante beach, Av. Madrid 1 Edi. Estacha Local 1, 03503 Benidorm, Espagne<\/p>\n<p><span style=\"font-weight: bold;\">Les cookies sont-ils utilis\u00e9s sur le site ?<\/span><\/p>\n<p>Les cookies sont utilis\u00e9s pour diverses raisons. Nous les utilisons pour obtenir des informations sur les pr\u00e9f\u00e9rences de nos visiteurs et les services qu'ils s\u00e9lectionnent. Nous les utilisons \u00e9galement \u00e0 des fins de s\u00e9curit\u00e9 pour prot\u00e9ger nos clients autoris\u00e9s. Par exemple, si un client autoris\u00e9 est connect\u00e9 et que le site n'est pas utilis\u00e9 pendant plus de 10 minutes, nous d\u00e9connecterons automatiquement le client autoris\u00e9.<\/p>\n<p><span style=\"font-weight: bold;\">Comment Millennium Thai Massage utilise-t-il les informations de connexion ? <\/span><\/p>\n<p>Millennium Thai Massage utilise les informations de connexion, y compris, mais sans s'y limiter, les adresses IP, les FAI et les types de navigateurs, pour analyser les tendances, administrer le site, suivre les mouvements et l'utilisation d'un utilisateur et recueillir des informations d\u00e9mographiques g\u00e9n\u00e9rales.<\/p>\n<p><span style=\"font-weight: bold;\">Quels partenaires ou prestataires de services ont acc\u00e8s aux informations personnellement identifiables des visiteurs et\/ou des clients autoris\u00e9s sur le site ?<\/span><\/p>\n<p>Millennium Thai Massage a conclu et continuera \u00e0 conclure des partenariats et d'autres affiliations avec un certain nombre de vendeurs. Ces vendeurs peuvent avoir acc\u00e8s \u00e0 certaines informations personnellement identifiables sur la base du besoin de savoir afin d'\u00e9valuer les clients autoris\u00e9s pour l'\u00e9ligibilit\u00e9 au service. Notre politique de confidentialit\u00e9 ne couvre pas la collecte ou l'utilisation de ces informations. Divulgation d'informations d'identification personnelle pour se conformer \u00e0 la loi. Nous divulguerons des informations personnellement identifiables afin de nous conformer \u00e0 une d\u00e9cision de justice, \u00e0 une citation \u00e0 compara\u00eetre ou \u00e0 une demande de divulgation d'informations \u00e9manant d'un organisme charg\u00e9 de l'application de la loi. Nous divulguerons \u00e9galement des informations personnellement identifiables lorsque cela sera raisonnablement n\u00e9cessaire pour prot\u00e9ger la s\u00e9curit\u00e9 de nos visiteurs et de nos clients autoris\u00e9s.<\/p>\n<p><span style=\"font-weight: bold;\">Comment le site assure-t-il la s\u00e9curit\u00e9 des informations personnellement identifiables ?<\/span><\/p>\n<p>Tous nos employ\u00e9s connaissent notre politique et nos pratiques en mati\u00e8re de s\u00e9curit\u00e9. Les informations personnellement identifiables de nos visiteurs et clients autoris\u00e9s ne sont accessibles qu'\u00e0 un nombre limit\u00e9 d'employ\u00e9s qualifi\u00e9s qui re\u00e7oivent un mot de passe pour acc\u00e9der \u00e0 ces informations. Nous v\u00e9rifions r\u00e9guli\u00e8rement nos syst\u00e8mes et processus de s\u00e9curit\u00e9. Les informations sensibles, telles que les num\u00e9ros de carte de cr\u00e9dit ou les num\u00e9ros de s\u00e9curit\u00e9 sociale, sont prot\u00e9g\u00e9es par des protocoles de cryptage, mis en place pour prot\u00e9ger les informations envoy\u00e9es sur Internet. Bien que nous prenions des mesures commercialement raisonnables pour maintenir un site s\u00e9curis\u00e9, les communications \u00e9lectroniques et les bases de donn\u00e9es sont sujettes \u00e0 des erreurs, des alt\u00e9rations et des effractions, et nous ne pouvons pas garantir que de tels \u00e9v\u00e9nements ne se produiront pas et nous ne serons pas responsables envers les visiteurs ou les clients autoris\u00e9s pour de telles occurrences.<\/p>\n<p><span style=\"font-weight: bold;\">Comment les visiteurs peuvent-ils corriger toute inexactitude dans les informations personnellement identifiables ?<\/span><\/p>\n<p>Les visiteurs et les clients autoris\u00e9s peuvent nous contacter pour mettre \u00e0 jour les informations personnellement identifiables les concernant ou pour corriger toute inexactitude en nous envoyant un courrier \u00e9lectronique \u00e0 l'adresse suivante : info@millenniumthaimassage.com.<\/p>\n<p><span style=\"font-weight: bold;\">Un visiteur peut-il supprimer ou d\u00e9sactiver les informations personnellement identifiables collect\u00e9es par le site ?<\/span><\/p>\n<p>Nous fournissons aux visiteurs et aux clients autoris\u00e9s un m\u00e9canisme de suppression\/d\u00e9sactivation des informations personnellement identifiables de la base de donn\u00e9es du site en contactant . Toutefois, en raison des sauvegardes et des enregistrements des suppressions, il peut \u00eatre impossible de supprimer l'entr\u00e9e d'un visiteur sans conserver certaines informations r\u00e9siduelles. Une personne qui demande la d\u00e9sactivation d'informations personnellement identifiables verra ces informations supprim\u00e9es de mani\u00e8re fonctionnelle, et nous ne vendrons, ne transf\u00e9rerons ni n'utiliserons les informations personnellement identifiables relatives \u00e0 cette personne de quelque mani\u00e8re que ce soit \u00e0 l'avenir.<\/p>\n<p><span style=\"font-weight: bold;\">Que se passe-t-il en cas de modification de la politique de confidentialit\u00e9 ?<\/span><\/p>\n<p>Nous informerons nos visiteurs et nos clients autoris\u00e9s des modifications apport\u00e9es \u00e0 notre politique de confidentialit\u00e9 en publiant ces modifications sur le site. Toutefois, si nous modifions notre politique de confidentialit\u00e9 d'une mani\u00e8re qui pourrait entra\u00eener la divulgation d'informations personnellement identifiables qu'un visiteur ou un client autoris\u00e9 a pr\u00e9c\u00e9demment demand\u00e9 \u00e0 ne pas voir divulgu\u00e9es, nous contacterons ce visiteur ou ce client autoris\u00e9 pour lui permettre d'emp\u00eacher cette divulgation.<\/p>\n<p><span style=\"font-weight: bold;\">Liens :<\/span><\/p>\n<p>https:\/\/millenniumthaimassage.com contient des liens vers d'autres sites web. Veuillez noter que lorsque vous cliquez sur l'un de ces liens, vous passez \u00e0 un autre site web. Nous vous encourageons \u00e0 lire les d\u00e9clarations de confidentialit\u00e9 de ces sites, car leurs politiques de confidentialit\u00e9 peuvent diff\u00e9rer des n\u00f4tres.<\/p>","protected":false},"excerpt":{"rendered":"<p>Privacy Policy Welcome to https:\/\/millenniumthaimassage.com (the \u201dSite\u201d).We understand that privacy online is important to users of our Site, especially when conducting business.This statement governs our privacy policies with respect to those users of the Site (\u201dVisitors\u201d) who visit without transacting business and Visitors who register to transact business on the Site and make use of [&hellip;]<\/p>\n","protected":false},"author":8,"featured_media":0,"parent":0,"menu_order":0,"comment_status":"closed","ping_status":"closed","template":"","meta":{"footnotes":""},"class_list":["post-5810","page","type-page","status-publish","hentry"],"blocksy_meta":[],"yoast_head":"<!-- This site is optimized with the Yoast SEO Premium plugin v27.4 (Yoast SEO v27.4) - https:\/\/yoast.com\/product\/yoast-seo-premium-wordpress\/ -->\n<title>Read Millennium Thai Massage\u2019s Privacy Policy<\/title>\n<meta name=\"description\" content=\"Your privacy comes first for us. Get details on how we collect and use private information and how we protect it. Call: 34692475239\" \/>\n<meta name=\"robots\" content=\"index, follow, max-snippet:-1, max-image-preview:large, max-video-preview:-1\" \/>\n<link rel=\"canonical\" href=\"https:\/\/millenniumthaimassage.com\/fr\/politique-de-confidentialite\/\" \/>\n<meta property=\"og:locale\" content=\"fr_FR\" \/>\n<meta property=\"og:type\" content=\"article\" \/>\n<meta property=\"og:title\" content=\"Privacy Policy\" \/>\n<meta property=\"og:description\" content=\"Your privacy comes first for us. Get details on how we collect and use private information and how we protect it. Call: 34692475239\" \/>\n<meta property=\"og:url\" content=\"https:\/\/millenniumthaimassage.com\/fr\/politique-de-confidentialite\/\" \/>\n<meta property=\"og:site_name\" content=\"MILLENNIUM THAI MASSAGE\" \/>\n<meta property=\"article:modified_time\" content=\"2024-06-27T13:45:27+00:00\" \/>\n<meta name=\"twitter:card\" content=\"summary_large_image\" \/>\n<meta name=\"twitter:label1\" content=\"Dur\u00e9e de lecture estim\u00e9e\" \/>\n\t<meta name=\"twitter:data1\" content=\"6 minutes\" \/>\n<script type=\"application\/ld+json\" class=\"yoast-schema-graph\">{\"@context\":\"https:\\\/\\\/schema.org\",\"@graph\":[{\"@type\":\"WebPage\",\"@id\":\"https:\\\/\\\/millenniumthaimassage.com\\\/privacy-policy\\\/\",\"url\":\"https:\\\/\\\/millenniumthaimassage.com\\\/privacy-policy\\\/\",\"name\":\"Read Millennium Thai Massage\u2019s Privacy Policy\",\"isPartOf\":{\"@id\":\"https:\\\/\\\/millenniumthaimassage.com\\\/#website\"},\"datePublished\":\"2023-05-21T18:20:40+00:00\",\"dateModified\":\"2024-06-27T13:45:27+00:00\",\"description\":\"Your privacy comes first for us. Get details on how we collect and use private information and how we protect it. Call: 34692475239\",\"breadcrumb\":{\"@id\":\"https:\\\/\\\/millenniumthaimassage.com\\\/privacy-policy\\\/#breadcrumb\"},\"inLanguage\":\"fr-FR\",\"potentialAction\":[{\"@type\":\"ReadAction\",\"target\":[\"https:\\\/\\\/millenniumthaimassage.com\\\/privacy-policy\\\/\"]}]},{\"@type\":\"BreadcrumbList\",\"@id\":\"https:\\\/\\\/millenniumthaimassage.com\\\/privacy-policy\\\/#breadcrumb\",\"itemListElement\":[{\"@type\":\"ListItem\",\"position\":1,\"name\":\"Home\",\"item\":\"https:\\\/\\\/millenniumthaimassage.com\\\/\"},{\"@type\":\"ListItem\",\"position\":2,\"name\":\"Privacy Policy\"}]},{\"@type\":\"WebSite\",\"@id\":\"https:\\\/\\\/millenniumthaimassage.com\\\/#website\",\"url\":\"https:\\\/\\\/millenniumthaimassage.com\\\/\",\"name\":\"MILLENNIUM THAI MASSAGE\",\"description\":\"Thai massage\",\"publisher\":{\"@id\":\"https:\\\/\\\/millenniumthaimassage.com\\\/#\\\/schema\\\/person\\\/5da4bdaab162dbb3348e937e27398319\"},\"potentialAction\":[{\"@type\":\"SearchAction\",\"target\":{\"@type\":\"EntryPoint\",\"urlTemplate\":\"https:\\\/\\\/millenniumthaimassage.com\\\/?s={search_term_string}\"},\"query-input\":{\"@type\":\"PropertyValueSpecification\",\"valueRequired\":true,\"valueName\":\"search_term_string\"}}],\"inLanguage\":\"fr-FR\"},{\"@type\":[\"Person\",\"Organization\"],\"@id\":\"https:\\\/\\\/millenniumthaimassage.com\\\/#\\\/schema\\\/person\\\/5da4bdaab162dbb3348e937e27398319\",\"name\":\"JOHN\",\"image\":{\"@type\":\"ImageObject\",\"inLanguage\":\"fr-FR\",\"@id\":\"https:\\\/\\\/millenniumthaimassage.com\\\/wp-content\\\/uploads\\\/2024\\\/12\\\/LOGO-04-Millennium-Thai-Massage-png-scaled.webp\",\"url\":\"https:\\\/\\\/millenniumthaimassage.com\\\/wp-content\\\/uploads\\\/2024\\\/12\\\/LOGO-04-Millennium-Thai-Massage-png-scaled.webp\",\"contentUrl\":\"https:\\\/\\\/millenniumthaimassage.com\\\/wp-content\\\/uploads\\\/2024\\\/12\\\/LOGO-04-Millennium-Thai-Massage-png-scaled.webp\",\"width\":2560,\"height\":2560,\"caption\":\"JOHN\"},\"logo\":{\"@id\":\"https:\\\/\\\/millenniumthaimassage.com\\\/wp-content\\\/uploads\\\/2024\\\/12\\\/LOGO-04-Millennium-Thai-Massage-png-scaled.webp\"},\"sameAs\":[\"http:\\\/\\\/millenniumthaimassage.com\"],\"description\":\"At Millennium Massage, we\u2019re committed to helping you feel and look your best. Our range of special treatments is designed to address a variety of health concerns, including improving circulation, reducing stress and anxiety, and alleviating the unique physical stresses of pregnancy with our pregnancy massage. We also offer beauty services like facials to help you achieve your desired look.\",\"telephone\":\"+34692475239\",\"legalName\":\"MILLENNIUM THAI MASSAGE\"}]}<\/script>\n<!-- \/ Yoast SEO Premium plugin. -->","yoast_head_json":{"title":"Lire la politique de confidentialit\u00e9 de Millennium Thai Massage","description":"Votre vie priv\u00e9e est notre priorit\u00e9. Obtenez des d\u00e9tails sur la mani\u00e8re dont nous recueillons et utilisons les informations priv\u00e9es et sur la mani\u00e8re dont nous les prot\u00e9geons. Appelez-nous : 34692475239","robots":{"index":"index","follow":"follow","max-snippet":"max-snippet:-1","max-image-preview":"max-image-preview:large","max-video-preview":"max-video-preview:-1"},"canonical":"https:\/\/millenniumthaimassage.com\/fr\/politique-de-confidentialite\/","og_locale":"fr_FR","og_type":"article","og_title":"Privacy Policy","og_description":"Your privacy comes first for us. Get details on how we collect and use private information and how we protect it. Call: 34692475239","og_url":"https:\/\/millenniumthaimassage.com\/fr\/politique-de-confidentialite\/","og_site_name":"MILLENNIUM THAI MASSAGE","article_modified_time":"2024-06-27T13:45:27+00:00","twitter_card":"summary_large_image","twitter_misc":{"Dur\u00e9e de lecture estim\u00e9e":"6 minutes"},"schema":{"@context":"https:\/\/schema.org","@graph":[{"@type":"WebPage","@id":"https:\/\/millenniumthaimassage.com\/privacy-policy\/","url":"https:\/\/millenniumthaimassage.com\/privacy-policy\/","name":"Lire la politique de confidentialit\u00e9 de Millennium Thai Massage","isPartOf":{"@id":"https:\/\/millenniumthaimassage.com\/#website"},"datePublished":"2023-05-21T18:20:40+00:00","dateModified":"2024-06-27T13:45:27+00:00","description":"Votre vie priv\u00e9e est notre priorit\u00e9. Obtenez des d\u00e9tails sur la mani\u00e8re dont nous recueillons et utilisons les informations priv\u00e9es et sur la mani\u00e8re dont nous les prot\u00e9geons. Appelez-nous : 34692475239","breadcrumb":{"@id":"https:\/\/millenniumthaimassage.com\/privacy-policy\/#breadcrumb"},"inLanguage":"fr-FR","potentialAction":[{"@type":"ReadAction","target":["https:\/\/millenniumthaimassage.com\/privacy-policy\/"]}]},{"@type":"BreadcrumbList","@id":"https:\/\/millenniumthaimassage.com\/privacy-policy\/#breadcrumb","itemListElement":[{"@type":"ListItem","position":1,"name":"Home","item":"https:\/\/millenniumthaimassage.com\/"},{"@type":"ListItem","position":2,"name":"Privacy Policy"}]},{"@type":"WebSite","@id":"https:\/\/millenniumthaimassage.com\/#website","url":"https:\/\/millenniumthaimassage.com\/","name":"MILLENNIUM THAI MASSAGE","description":"Massage tha\u00eflandais","publisher":{"@id":"https:\/\/millenniumthaimassage.com\/#\/schema\/person\/5da4bdaab162dbb3348e937e27398319"},"potentialAction":[{"@type":"SearchAction","target":{"@type":"EntryPoint","urlTemplate":"https:\/\/millenniumthaimassage.com\/?s={search_term_string}"},"query-input":{"@type":"PropertyValueSpecification","valueRequired":true,"valueName":"search_term_string"}}],"inLanguage":"fr-FR"},{"@type":["Person","Organization"],"@id":"https:\/\/millenniumthaimassage.com\/#\/schema\/person\/5da4bdaab162dbb3348e937e27398319","name":"JOHN","image":{"@type":"ImageObject","inLanguage":"fr-FR","@id":"https:\/\/millenniumthaimassage.com\/wp-content\/uploads\/2024\/12\/LOGO-04-Millennium-Thai-Massage-png-scaled.webp","url":"https:\/\/millenniumthaimassage.com\/wp-content\/uploads\/2024\/12\/LOGO-04-Millennium-Thai-Massage-png-scaled.webp","contentUrl":"https:\/\/millenniumthaimassage.com\/wp-content\/uploads\/2024\/12\/LOGO-04-Millennium-Thai-Massage-png-scaled.webp","width":2560,"height":2560,"caption":"JOHN"},"logo":{"@id":"https:\/\/millenniumthaimassage.com\/wp-content\/uploads\/2024\/12\/LOGO-04-Millennium-Thai-Massage-png-scaled.webp"},"sameAs":["http:\/\/millenniumthaimassage.com"],"description":"Chez Millennium Massage, nous nous engageons \u00e0 vous aider \u00e0 vous sentir et \u00e0 para\u00eetre au mieux de votre forme. Notre gamme de traitements sp\u00e9ciaux est con\u00e7ue pour r\u00e9pondre \u00e0 une vari\u00e9t\u00e9 de probl\u00e8mes de sant\u00e9, y compris l'am\u00e9lioration de la circulation, la r\u00e9duction du stress et de l'anxi\u00e9t\u00e9, et l'att\u00e9nuation du stress physique unique de la grossesse gr\u00e2ce \u00e0 notre massage de grossesse. Nous proposons \u00e9galement des services de beaut\u00e9, tels que des soins du visage, pour vous aider \u00e0 obtenir l'apparence que vous souhaitez.","telephone":"+34692475239","legalName":"MILLENNIUM THAI MASSAGE"}]}},"_links":{"self":[{"href":"https:\/\/millenniumthaimassage.com\/fr\/wp-json\/wp\/v2\/pages\/5810","targetHints":{"allow":["GET"]}}],"collection":[{"href":"https:\/\/millenniumthaimassage.com\/fr\/wp-json\/wp\/v2\/pages"}],"about":[{"href":"https:\/\/millenniumthaimassage.com\/fr\/wp-json\/wp\/v2\/types\/page"}],"author":[{"embeddable":true,"href":"https:\/\/millenniumthaimassage.com\/fr\/wp-json\/wp\/v2\/users\/8"}],"replies":[{"embeddable":true,"href":"https:\/\/millenniumthaimassage.com\/fr\/wp-json\/wp\/v2\/comments?post=5810"}],"version-history":[{"count":4,"href":"https:\/\/millenniumthaimassage.com\/fr\/wp-json\/wp\/v2\/pages\/5810\/revisions"}],"predecessor-version":[{"id":7675,"href":"https:\/\/millenniumthaimassage.com\/fr\/wp-json\/wp\/v2\/pages\/5810\/revisions\/7675"}],"wp:attachment":[{"href":"https:\/\/millenniumthaimassage.com\/fr\/wp-json\/wp\/v2\/media?parent=5810"}],"curies":[{"name":"wp","href":"https:\/\/api.w.org\/{rel}","templated":true}]}}