{"id":8628,"date":"2026-02-05T23:59:04","date_gmt":"2026-02-05T22:59:04","guid":{"rendered":"https:\/\/millenniumthaimassage.com\/?page_id=8628"},"modified":"2026-02-10T01:00:04","modified_gmt":"2026-02-10T00:00:04","slug":"ma-reservation","status":"publish","type":"page","link":"https:\/\/millenniumthaimassage.com\/fr\/my-booking\/","title":{"rendered":"Ma r\u00e9servation"},"content":{"rendered":"<div class=\"wp-block-stackable-columns alignfull stk-block-columns stk-block stk-57e61a7\" data-block-id=\"57e61a7\"><style>.stk-57e61a7{margin-bottom:23px !important}<\/style><div class=\"stk-row stk-inner-blocks stk-block-content stk-content-align stk-57e61a7-column alignfull\">\n<div class=\"wp-block-stackable-column stk-block-column stk-column stk-block stk-826537c\" data-v=\"4\" data-block-id=\"826537c\"><style>@media screen and (min-width:768px){.stk-826537c{flex:1 1 calc(25% - var(--stk-column-gap,0px) * 2 \/ 3 ) !important}}<\/style><div class=\"stk-column-wrapper stk-block-column__content stk-container stk-826537c-container stk--no-background stk--no-padding\"><div class=\"stk-block-content stk-inner-blocks stk-826537c-inner-blocks\"><\/div><\/div><\/div>\n\n\n\n<div class=\"wp-block-stackable-column stk-block-column stk-column stk-block stk-13f5e69\" data-v=\"4\" data-block-id=\"13f5e69\"><style>@media screen and (min-width:768px){.stk-13f5e69{flex:1 1 calc(50% - var(--stk-column-gap,0px) * 2 \/ 3 ) !important}}<\/style><div class=\"stk-column-wrapper stk-block-column__content stk-container stk-13f5e69-container stk--no-background stk--no-padding\"><div class=\"has-text-align-center stk-block-content stk-inner-blocks stk-13f5e69-inner-blocks\">\n<div class=\"wp-block-booknetic-signin\">\n<div class=\"booknetic_login\">\n    <div class=\"login_step\">\n        <div class=\"booknetic_header\">Sign In<\/div>\n        <form class=\"booknetic_form\" action=\"\">\n            <div class=\"booknetic_form_element\">\n                <label for=\"booknetic_email\">Username or Email Address<\/label>\n                <input type=\"text\" id=\"booknetic_email\" name=\"email\">\n            <\/div>\n            <div class=\"booknetic_form_element\">\n                <label for=\"booknetic_password\">Mot de passe<\/label>\n                <div class=\"bkntc-password-input\">\n                    <input type=\"password\" id=\"booknetic_password\" name=\"password\">\n                    <button type=\"button\" class=\"bkntc-toggle-password-visibility\">\n                        <span class=\"bkntc-eye-icon bkntc-eye-open\">\n                            <svg width=\"20\" height=\"20\" xmlns=\"http:\/\/www.w3.org\/2000\/svg\" viewbox=\"0 0 640 640\"><path d=\"M320 96C239.2 96 174.5 132.8 127.4 176.6C80.6 220.1 49.3 272 34.4 307.7C31.1 315.6 31.1 324.4 34.4 332.3C49.3 368 80.6 420 127.4 463.4C174.5 507.1 239.2 544 320 544C400.8 544 465.5 507.2 512.6 463.4C559.4 419.9 590.7 368 605.6 332.3C608.9 324.4 608.9 315.6 605.6 307.7C590.7 272 559.4 220 512.6 176.6C465.5 132.9 400.8 96 320 96zM176 320C176 240.5 240.5 176 320 176C399.5 176 464 240.5 464 320C464 399.5 399.5 464 320 464C240.5 464 176 399.5 176 320zM320 256C320 291.3 291.3 320 256 320C244.5 320 233.7 317 224.3 311.6C223.3 322.5 224.2 333.7 227.2 344.8C240.9 396 293.6 426.4 344.8 412.7C396 399 426.4 346.3 412.7 295.1C400.5 249.4 357.2 220.3 311.6 224.3C316.9 233.6 320 244.4 320 256z\"\/><\/svg>\n                        <\/span>\n                        <span class=\"bkntc-eye-icon bkntc-eye-closed\" style=\"display: none\">\n                           <svg width=\"20\"  height=\"20\" xmlns=\"http:\/\/www.w3.org\/2000\/svg\" viewbox=\"0 0 640 640\"><path d=\"M73 39.1C63.6 29.7 48.4 29.7 39.1 39.1C29.8 48.5 29.7 63.7 39 73.1L567 601.1C576.4 610.5 591.6 610.5 600.9 601.1C610.2 591.7 610.3 576.5 600.9 567.2L504.5 470.8C507.2 468.4 509.9 466 512.5 463.6C559.3 420.1 590.6 368.2 605.5 332.5C608.8 324.6 608.8 315.8 605.5 307.9C590.6 272.2 559.3 220.2 512.5 176.8C465.4 133.1 400.7 96.2 319.9 96.2C263.1 96.2 214.3 114.4 173.9 140.4L73 39.1zM236.5 202.7C260 185.9 288.9 176 320 176C399.5 176 464 240.5 464 320C464 351.1 454.1 379.9 437.3 403.5L402.6 368.8C415.3 347.4 419.6 321.1 412.7 295.1C399 243.9 346.3 213.5 295.1 227.2C286.5 229.5 278.4 232.9 271.1 237.2L236.4 202.5zM357.3 459.1C345.4 462.3 332.9 464 320 464C240.5 464 176 399.5 176 320C176 307.1 177.7 294.6 180.9 282.7L101.4 203.2C68.8 240 46.4 279 34.5 307.7C31.2 315.6 31.2 324.4 34.5 332.3C49.4 368 80.7 420 127.5 463.4C174.6 507.1 239.3 544 320.1 544C357.4 544 391.3 536.1 421.6 523.4L357.4 459.2z\"\/><\/svg>\n                        <\/span>\n                    <\/button>\n                <\/div>\n            <\/div>\n            <div>\n                <div class=\"booknetic_form_element\"><a href=\"https:\/\/millenniumthaimassage.com\/fr\/forgot-password\/\" class=\"booknetic_forgot_password\"><img decoding=\"async\" src=\"https:\/\/millenniumthaimassage.com\/wp-content\/plugins\/booknetic\/app\/Frontend\/assets\/icons\/question.svg\" alt=\"?\"><span>Forgot password?<\/span><\/a><\/div>\n                <button type=\"submit\" class=\"booknetic_btn_primary booknetic_login_btn\">SIGN IN<\/button>\n            <\/div>\n        <input type=\"hidden\" name=\"trp-form-language\" value=\"fr\"\/><\/form>\n        <div class=\"booknetic_footer\">\n            <span>Don't have an account?<\/span>\n            <a href=\"https:\/\/millenniumthaimassage.com\/fr\/sign-up\/\">Sign up<\/a>\n        <\/div>\n    <\/div>\n    <div class=\"account_not_activated_step\">\n        <div class=\"booknetic_header\">Oh, your account is not activated! \ud83d\ude13<\/div>\n        <div class=\"booknetic_check_your_email\">\n\t\t\tWe need to verify your email before logging in.<br\/>\n\t\t\tPlease, check your inbox for a confirmation link.        <\/div>\n        <div class=\"booknetic_email_success\">\n            <img decoding=\"async\" src=\"https:\/\/millenniumthaimassage.com\/wp-content\/plugins\/booknetic\/app\/Frontend\/assets\/images\/account-not-activated.svg\" alt=\"\">\n        <\/div>\n        <div class=\"booknetic_footer booknetic_resend_activation\">\n            <span>Didn't receive the email?<\/span>\n            <a href=\"javascript:;\" class=\"booknetic_resend_activation_link\">Resend again<\/a>\n        <\/div>\n    <\/div>\n<\/div>\n<\/div>\n<\/div><\/div><\/div>\n\n\n\n<div class=\"wp-block-stackable-column stk-block-column stk-column stk-block stk-2182e42\" data-v=\"4\" data-block-id=\"2182e42\"><style>@media screen and (min-width:768px){.stk-2182e42{flex:1 1 calc(25% - var(--stk-column-gap,0px) * 2 \/ 3 ) !important}}<\/style><div class=\"stk-column-wrapper stk-block-column__content stk-container stk-2182e42-container stk--no-background stk--no-padding\"><div class=\"stk-block-content stk-inner-blocks stk-2182e42-inner-blocks\"><\/div><\/div><\/div>\n<\/div><\/div>","protected":false},"excerpt":{"rendered":"","protected":false},"author":8,"featured_media":0,"parent":0,"menu_order":0,"comment_status":"closed","ping_status":"closed","template":"","meta":{"footnotes":""},"class_list":["post-8628","page","type-page","status-publish","hentry"],"blocksy_meta":[],"featured_image_urls":{"full":"","thumbnail":"","medium":"","medium_large":"","large":"","1536x1536":"","2048x2048":"","trp-custom-language-flag":"","voucher-thumb":"","voucher-medium":""},"post_excerpt_stackable":"<p>Sign In Username or Email Address Mot de passe Forgot password? SIGN IN Don&#8217;t have an account? Sign up Oh, your account is not activated! \ud83d\ude13 We need to verify your email before logging in. Please, check your inbox for a confirmation link. Didn&#8217;t receive the email? Resend again<\/p>\n","category_list":"","author_info":{"name":"JOHN","url":"https:\/\/millenniumthaimassage.com\/fr\/author\/john\/"},"comments_num":"0 commentaire","yoast_head":"<!-- This site is optimized with the Yoast SEO Premium plugin v27.2 (Yoast SEO v27.3) - https:\/\/yoast.com\/product\/yoast-seo-premium-wordpress\/ -->\n<title>10% discount - Schedule your appointment - MILLENNIUM THAI MASSAGE<\/title>\n<meta name=\"description\" content=\"Relax with Thai massage spa , Balinese massage, ayurvedic, deep tissue, aromatherapy or reflexology. Easy booking for wellness and therapeutic treatments. Millennium Thai Massage offers authentic Thai and Balinese massage\" \/>\n<meta name=\"robots\" content=\"index, follow, max-snippet:-1, max-image-preview:large, max-video-preview:-1\" \/>\n<link rel=\"canonical\" href=\"https:\/\/millenniumthaimassage.com\/fr\/ma-reservation\/\" \/>\n<meta property=\"og:locale\" content=\"fr_FR\" \/>\n<meta property=\"og:type\" content=\"article\" \/>\n<meta property=\"og:title\" content=\"My booking\" \/>\n<meta property=\"og:description\" content=\"Relax with Thai massage spa , Balinese massage, ayurvedic, deep tissue, aromatherapy or reflexology. Easy booking for wellness and therapeutic treatments. Millennium Thai Massage offers authentic Thai and Balinese massage\" \/>\n<meta property=\"og:url\" content=\"https:\/\/millenniumthaimassage.com\/fr\/ma-reservation\/\" \/>\n<meta property=\"og:site_name\" content=\"MILLENNIUM THAI MASSAGE\" \/>\n<meta property=\"article:modified_time\" content=\"2026-02-10T00:00:04+00:00\" \/>\n<meta name=\"twitter:card\" content=\"summary_large_image\" \/>\n<meta name=\"twitter:label1\" content=\"Dur\u00e9e de lecture estim\u00e9e\" \/>\n\t<meta name=\"twitter:data1\" content=\"1 minute\" \/>\n<script type=\"application\/ld+json\" class=\"yoast-schema-graph\">{\"@context\":\"https:\\\/\\\/schema.org\",\"@graph\":[{\"@type\":\"WebPage\",\"@id\":\"https:\\\/\\\/millenniumthaimassage.com\\\/my-booking\\\/\",\"url\":\"https:\\\/\\\/millenniumthaimassage.com\\\/my-booking\\\/\",\"name\":\"10% discount - Schedule your appointment - MILLENNIUM THAI MASSAGE\",\"isPartOf\":{\"@id\":\"https:\\\/\\\/millenniumthaimassage.com\\\/#website\"},\"datePublished\":\"2026-02-05T22:59:04+00:00\",\"dateModified\":\"2026-02-10T00:00:04+00:00\",\"description\":\"Relax with Thai massage spa , Balinese massage, ayurvedic, deep tissue, aromatherapy or reflexology. Easy booking for wellness and therapeutic treatments. Millennium Thai Massage offers authentic Thai and Balinese massage\",\"breadcrumb\":{\"@id\":\"https:\\\/\\\/millenniumthaimassage.com\\\/my-booking\\\/#breadcrumb\"},\"inLanguage\":\"fr-FR\",\"potentialAction\":[{\"@type\":\"ReadAction\",\"target\":[\"https:\\\/\\\/millenniumthaimassage.com\\\/my-booking\\\/\"]}]},{\"@type\":\"BreadcrumbList\",\"@id\":\"https:\\\/\\\/millenniumthaimassage.com\\\/my-booking\\\/#breadcrumb\",\"itemListElement\":[{\"@type\":\"ListItem\",\"position\":1,\"name\":\"Home\",\"item\":\"https:\\\/\\\/millenniumthaimassage.com\\\/\"},{\"@type\":\"ListItem\",\"position\":2,\"name\":\"My booking\"}]},{\"@type\":\"WebSite\",\"@id\":\"https:\\\/\\\/millenniumthaimassage.com\\\/#website\",\"url\":\"https:\\\/\\\/millenniumthaimassage.com\\\/\",\"name\":\"MILLENNIUM THAI MASSAGE\",\"description\":\"Thai massage\",\"publisher\":{\"@id\":\"https:\\\/\\\/millenniumthaimassage.com\\\/#\\\/schema\\\/person\\\/5da4bdaab162dbb3348e937e27398319\"},\"potentialAction\":[{\"@type\":\"SearchAction\",\"target\":{\"@type\":\"EntryPoint\",\"urlTemplate\":\"https:\\\/\\\/millenniumthaimassage.com\\\/?s={search_term_string}\"},\"query-input\":{\"@type\":\"PropertyValueSpecification\",\"valueRequired\":true,\"valueName\":\"search_term_string\"}}],\"inLanguage\":\"fr-FR\"},{\"@type\":[\"Person\",\"Organization\"],\"@id\":\"https:\\\/\\\/millenniumthaimassage.com\\\/#\\\/schema\\\/person\\\/5da4bdaab162dbb3348e937e27398319\",\"name\":\"JOHN\",\"image\":{\"@type\":\"ImageObject\",\"inLanguage\":\"fr-FR\",\"@id\":\"https:\\\/\\\/millenniumthaimassage.com\\\/wp-content\\\/uploads\\\/2024\\\/12\\\/LOGO-04-Millennium-Thai-Massage-png-scaled.webp\",\"url\":\"https:\\\/\\\/millenniumthaimassage.com\\\/wp-content\\\/uploads\\\/2024\\\/12\\\/LOGO-04-Millennium-Thai-Massage-png-scaled.webp\",\"contentUrl\":\"https:\\\/\\\/millenniumthaimassage.com\\\/wp-content\\\/uploads\\\/2024\\\/12\\\/LOGO-04-Millennium-Thai-Massage-png-scaled.webp\",\"width\":2560,\"height\":2560,\"caption\":\"JOHN\"},\"logo\":{\"@id\":\"https:\\\/\\\/millenniumthaimassage.com\\\/wp-content\\\/uploads\\\/2024\\\/12\\\/LOGO-04-Millennium-Thai-Massage-png-scaled.webp\"},\"sameAs\":[\"http:\\\/\\\/millenniumthaimassage.com\"],\"description\":\"At Millennium Massage, we\u2019re committed to helping you feel and look your best. Our range of special treatments is designed to address a variety of health concerns, including improving circulation, reducing stress and anxiety, and alleviating the unique physical stresses of pregnancy with our pregnancy massage. We also offer beauty services like facials to help you achieve your desired look.\",\"telephone\":\"+34692475239\",\"legalName\":\"MILLENNIUM THAI MASSAGE\"}]}<\/script>\n<!-- \/ Yoast SEO Premium plugin. -->","yoast_head_json":{"title":"10% discount - Prenez rendez-vous - MILLENNIUM THAI MASSAGE","description":"D\u00e9tendez-vous avec un massage tha\u00eflandais, un massage balinais, un massage ayurv\u00e9dique, un massage en profondeur, de l'aromath\u00e9rapie ou de la r\u00e9flexologie. R\u00e9servation facile pour les traitements th\u00e9rapeutiques et de bien-\u00eatre. Millennium Thai Massage propose d'authentiques massages tha\u00eflandais et balinais.","robots":{"index":"index","follow":"follow","max-snippet":"max-snippet:-1","max-image-preview":"max-image-preview:large","max-video-preview":"max-video-preview:-1"},"canonical":"https:\/\/millenniumthaimassage.com\/fr\/ma-reservation\/","og_locale":"fr_FR","og_type":"article","og_title":"My booking","og_description":"Relax with Thai massage spa , Balinese massage, ayurvedic, deep tissue, aromatherapy or reflexology. Easy booking for wellness and therapeutic treatments. Millennium Thai Massage offers authentic Thai and Balinese massage","og_url":"https:\/\/millenniumthaimassage.com\/fr\/ma-reservation\/","og_site_name":"MILLENNIUM THAI MASSAGE","article_modified_time":"2026-02-10T00:00:04+00:00","twitter_card":"summary_large_image","twitter_misc":{"Dur\u00e9e de lecture estim\u00e9e":"1 minute"},"schema":{"@context":"https:\/\/schema.org","@graph":[{"@type":"WebPage","@id":"https:\/\/millenniumthaimassage.com\/my-booking\/","url":"https:\/\/millenniumthaimassage.com\/my-booking\/","name":"10% discount - Prenez rendez-vous - MILLENNIUM THAI MASSAGE","isPartOf":{"@id":"https:\/\/millenniumthaimassage.com\/#website"},"datePublished":"2026-02-05T22:59:04+00:00","dateModified":"2026-02-10T00:00:04+00:00","description":"D\u00e9tendez-vous avec un massage tha\u00eflandais, un massage balinais, un massage ayurv\u00e9dique, un massage en profondeur, de l'aromath\u00e9rapie ou de la r\u00e9flexologie. R\u00e9servation facile pour les traitements th\u00e9rapeutiques et de bien-\u00eatre. Millennium Thai Massage propose d'authentiques massages tha\u00eflandais et balinais.","breadcrumb":{"@id":"https:\/\/millenniumthaimassage.com\/my-booking\/#breadcrumb"},"inLanguage":"fr-FR","potentialAction":[{"@type":"ReadAction","target":["https:\/\/millenniumthaimassage.com\/my-booking\/"]}]},{"@type":"BreadcrumbList","@id":"https:\/\/millenniumthaimassage.com\/my-booking\/#breadcrumb","itemListElement":[{"@type":"ListItem","position":1,"name":"Home","item":"https:\/\/millenniumthaimassage.com\/"},{"@type":"ListItem","position":2,"name":"My booking"}]},{"@type":"WebSite","@id":"https:\/\/millenniumthaimassage.com\/#website","url":"https:\/\/millenniumthaimassage.com\/","name":"MILLENNIUM THAI MASSAGE","description":"Massage tha\u00eflandais","publisher":{"@id":"https:\/\/millenniumthaimassage.com\/#\/schema\/person\/5da4bdaab162dbb3348e937e27398319"},"potentialAction":[{"@type":"SearchAction","target":{"@type":"EntryPoint","urlTemplate":"https:\/\/millenniumthaimassage.com\/?s={search_term_string}"},"query-input":{"@type":"PropertyValueSpecification","valueRequired":true,"valueName":"search_term_string"}}],"inLanguage":"fr-FR"},{"@type":["Person","Organization"],"@id":"https:\/\/millenniumthaimassage.com\/#\/schema\/person\/5da4bdaab162dbb3348e937e27398319","name":"JOHN","image":{"@type":"ImageObject","inLanguage":"fr-FR","@id":"https:\/\/millenniumthaimassage.com\/wp-content\/uploads\/2024\/12\/LOGO-04-Millennium-Thai-Massage-png-scaled.webp","url":"https:\/\/millenniumthaimassage.com\/wp-content\/uploads\/2024\/12\/LOGO-04-Millennium-Thai-Massage-png-scaled.webp","contentUrl":"https:\/\/millenniumthaimassage.com\/wp-content\/uploads\/2024\/12\/LOGO-04-Millennium-Thai-Massage-png-scaled.webp","width":2560,"height":2560,"caption":"JOHN"},"logo":{"@id":"https:\/\/millenniumthaimassage.com\/wp-content\/uploads\/2024\/12\/LOGO-04-Millennium-Thai-Massage-png-scaled.webp"},"sameAs":["http:\/\/millenniumthaimassage.com"],"description":"Chez Millennium Massage, nous nous engageons \u00e0 vous aider \u00e0 vous sentir et \u00e0 para\u00eetre au mieux de votre forme. Notre gamme de traitements sp\u00e9ciaux est con\u00e7ue pour r\u00e9pondre \u00e0 une vari\u00e9t\u00e9 de probl\u00e8mes de sant\u00e9, y compris l'am\u00e9lioration de la circulation, la r\u00e9duction du stress et de l'anxi\u00e9t\u00e9, et l'att\u00e9nuation du stress physique unique de la grossesse gr\u00e2ce \u00e0 notre massage de grossesse. Nous proposons \u00e9galement des services de beaut\u00e9, tels que des soins du visage, pour vous aider \u00e0 obtenir l'apparence que vous souhaitez.","telephone":"+34692475239","legalName":"MILLENNIUM THAI MASSAGE"}]}},"_links":{"self":[{"href":"https:\/\/millenniumthaimassage.com\/fr\/wp-json\/wp\/v2\/pages\/8628","targetHints":{"allow":["GET"]}}],"collection":[{"href":"https:\/\/millenniumthaimassage.com\/fr\/wp-json\/wp\/v2\/pages"}],"about":[{"href":"https:\/\/millenniumthaimassage.com\/fr\/wp-json\/wp\/v2\/types\/page"}],"author":[{"embeddable":true,"href":"https:\/\/millenniumthaimassage.com\/fr\/wp-json\/wp\/v2\/users\/8"}],"replies":[{"embeddable":true,"href":"https:\/\/millenniumthaimassage.com\/fr\/wp-json\/wp\/v2\/comments?post=8628"}],"version-history":[{"count":2,"href":"https:\/\/millenniumthaimassage.com\/fr\/wp-json\/wp\/v2\/pages\/8628\/revisions"}],"predecessor-version":[{"id":8703,"href":"https:\/\/millenniumthaimassage.com\/fr\/wp-json\/wp\/v2\/pages\/8628\/revisions\/8703"}],"wp:attachment":[{"href":"https:\/\/millenniumthaimassage.com\/fr\/wp-json\/wp\/v2\/media?parent=8628"}],"curies":[{"name":"wp","href":"https:\/\/api.w.org\/{rel}","templated":true}]}}