{"id":8637,"date":"2026-02-06T01:19:16","date_gmt":"2026-02-06T00:19:16","guid":{"rendered":"https:\/\/millenniumthaimassage.com\/?page_id=8637"},"modified":"2026-02-06T01:19:17","modified_gmt":"2026-02-06T00:19:17","slug":"mot-de-passe-oublie","status":"publish","type":"page","link":"https:\/\/millenniumthaimassage.com\/fr\/forgot-password\/","title":{"rendered":"Mot de passe oubli\u00e9"},"content":{"rendered":"<div class=\"wp-block-booknetic-forgot\">\n<div class=\"booknetic_forgot_password\">\n    <div class=\"booknetic_step_1\">\n        <div class=\"booknetic_header\">Mot de passe oubli\u00e9<\/div>\n        <form method=\"post\" class=\"booknetic_form\" action=\"\">\n            <div class=\"booknetic_form_element\">\n                <label for=\"booknetic_email\">Courriel<\/label>\n                <input type=\"text\" id=\"booknetic_email\" maxlength=\"100\" name=\"email\">\n            <\/div>\n            <div>\n                <button type=\"submit\" class=\"booknetic_btn_primary booknetic_forgot_password_btn\">CONTINUE<\/button>\n            <\/div>\n        <input type=\"hidden\" name=\"trp-form-language\" value=\"fr\"\/><\/form>\n   <div class=\"booknetic_footer\">\n    <a href=\"https:\/\/millenniumthaimassage.com\/fr\/log-in\/\">Go Back<\/a>\n<\/div>\n\n    <\/div>\n    <div class=\"booknetic_step_2\">\n        <div class=\"booknetic_header\">Password Reset<\/div>\n        <div class=\"booknetic_check_your_email\">\n            To keep your account safe, we just need to confirm it's you.<br\/>\n            Check your inbox for a password reset link.        <\/div>\n        <div class=\"booknetic_email_success\">\n            <img decoding=\"async\" src=\"https:\/\/millenniumthaimassage.com\/wp-content\/plugins\/booknetic\/app\/Frontend\/assets\/images\/forgot-password.svg\" alt=\"Email Sent\">\n        <\/div>\n        <div class=\"booknetic_footer booknetic_resend_activation\">\n            <span>Didn't receive the email?<\/span>\n            <a href=\"javascript:;\" class=\"booknetic_resend_activation_link\">Resend again<\/a>\n        <\/div>\n    <\/div>\n<\/div>\n<\/div>","protected":false},"excerpt":{"rendered":"","protected":false},"author":8,"featured_media":0,"parent":0,"menu_order":0,"comment_status":"closed","ping_status":"closed","template":"","meta":{"footnotes":""},"class_list":["post-8637","page","type-page","status-publish","hentry"],"blocksy_meta":[],"featured_image_urls":{"full":"","thumbnail":"","medium":"","medium_large":"","large":"","1536x1536":"","2048x2048":"","trp-custom-language-flag":"","voucher-thumb":"","voucher-medium":""},"post_excerpt_stackable":"<p>Forgot Password Email CONTINUE Go Back Password Reset To keep your account safe, we just need to confirm it&#8217;s you. Check your inbox for a password reset link. Didn&#8217;t receive the email? Resend again<\/p>\n","category_list":"","author_info":{"name":"JOHN","url":"https:\/\/millenniumthaimassage.com\/fr\/author\/john\/"},"comments_num":"0 commentaire","yoast_head":"<!-- This site is optimized with the Yoast SEO Premium plugin v27.3 (Yoast SEO v27.3) - https:\/\/yoast.com\/product\/yoast-seo-premium-wordpress\/ -->\n<title>Forgot Password - MILLENNIUM THAI MASSAGE<\/title>\n<meta name=\"description\" content=\"MILLENNIUM THAI MASSAGE\" \/>\n<meta name=\"robots\" content=\"index, follow, max-snippet:-1, max-image-preview:large, max-video-preview:-1\" \/>\n<link rel=\"canonical\" href=\"https:\/\/millenniumthaimassage.com\/fr\/mot-de-passe-oublie\/\" \/>\n<meta property=\"og:locale\" content=\"fr_FR\" \/>\n<meta property=\"og:type\" content=\"article\" \/>\n<meta property=\"og:title\" content=\"Forgot Password\" \/>\n<meta property=\"og:description\" content=\"MILLENNIUM THAI MASSAGE\" \/>\n<meta property=\"og:url\" content=\"https:\/\/millenniumthaimassage.com\/fr\/mot-de-passe-oublie\/\" \/>\n<meta property=\"og:site_name\" content=\"MILLENNIUM THAI MASSAGE\" \/>\n<meta property=\"article:modified_time\" content=\"2026-02-06T00:19:17+00:00\" \/>\n<meta name=\"twitter:card\" content=\"summary_large_image\" \/>\n<meta name=\"twitter:label1\" content=\"Dur\u00e9e de lecture estim\u00e9e\" \/>\n\t<meta name=\"twitter:data1\" content=\"1 minute\" \/>\n<script type=\"application\/ld+json\" class=\"yoast-schema-graph\">{\"@context\":\"https:\\\/\\\/schema.org\",\"@graph\":[{\"@type\":\"WebPage\",\"@id\":\"https:\\\/\\\/millenniumthaimassage.com\\\/forgot-password\\\/\",\"url\":\"https:\\\/\\\/millenniumthaimassage.com\\\/forgot-password\\\/\",\"name\":\"Forgot Password - MILLENNIUM THAI MASSAGE\",\"isPartOf\":{\"@id\":\"https:\\\/\\\/millenniumthaimassage.com\\\/#website\"},\"datePublished\":\"2026-02-06T00:19:16+00:00\",\"dateModified\":\"2026-02-06T00:19:17+00:00\",\"description\":\"MILLENNIUM THAI MASSAGE\",\"breadcrumb\":{\"@id\":\"https:\\\/\\\/millenniumthaimassage.com\\\/forgot-password\\\/#breadcrumb\"},\"inLanguage\":\"fr-FR\",\"potentialAction\":[{\"@type\":\"ReadAction\",\"target\":[\"https:\\\/\\\/millenniumthaimassage.com\\\/forgot-password\\\/\"]}]},{\"@type\":\"BreadcrumbList\",\"@id\":\"https:\\\/\\\/millenniumthaimassage.com\\\/forgot-password\\\/#breadcrumb\",\"itemListElement\":[{\"@type\":\"ListItem\",\"position\":1,\"name\":\"Home\",\"item\":\"https:\\\/\\\/millenniumthaimassage.com\\\/\"},{\"@type\":\"ListItem\",\"position\":2,\"name\":\"Forgot Password\"}]},{\"@type\":\"WebSite\",\"@id\":\"https:\\\/\\\/millenniumthaimassage.com\\\/#website\",\"url\":\"https:\\\/\\\/millenniumthaimassage.com\\\/\",\"name\":\"MILLENNIUM THAI MASSAGE\",\"description\":\"Thai massage\",\"publisher\":{\"@id\":\"https:\\\/\\\/millenniumthaimassage.com\\\/#\\\/schema\\\/person\\\/5da4bdaab162dbb3348e937e27398319\"},\"potentialAction\":[{\"@type\":\"SearchAction\",\"target\":{\"@type\":\"EntryPoint\",\"urlTemplate\":\"https:\\\/\\\/millenniumthaimassage.com\\\/?s={search_term_string}\"},\"query-input\":{\"@type\":\"PropertyValueSpecification\",\"valueRequired\":true,\"valueName\":\"search_term_string\"}}],\"inLanguage\":\"fr-FR\"},{\"@type\":[\"Person\",\"Organization\"],\"@id\":\"https:\\\/\\\/millenniumthaimassage.com\\\/#\\\/schema\\\/person\\\/5da4bdaab162dbb3348e937e27398319\",\"name\":\"JOHN\",\"image\":{\"@type\":\"ImageObject\",\"inLanguage\":\"fr-FR\",\"@id\":\"https:\\\/\\\/millenniumthaimassage.com\\\/wp-content\\\/uploads\\\/2024\\\/12\\\/LOGO-04-Millennium-Thai-Massage-png-scaled.webp\",\"url\":\"https:\\\/\\\/millenniumthaimassage.com\\\/wp-content\\\/uploads\\\/2024\\\/12\\\/LOGO-04-Millennium-Thai-Massage-png-scaled.webp\",\"contentUrl\":\"https:\\\/\\\/millenniumthaimassage.com\\\/wp-content\\\/uploads\\\/2024\\\/12\\\/LOGO-04-Millennium-Thai-Massage-png-scaled.webp\",\"width\":2560,\"height\":2560,\"caption\":\"JOHN\"},\"logo\":{\"@id\":\"https:\\\/\\\/millenniumthaimassage.com\\\/wp-content\\\/uploads\\\/2024\\\/12\\\/LOGO-04-Millennium-Thai-Massage-png-scaled.webp\"},\"sameAs\":[\"http:\\\/\\\/millenniumthaimassage.com\"],\"description\":\"At Millennium Massage, we\u2019re committed to helping you feel and look your best. Our range of special treatments is designed to address a variety of health concerns, including improving circulation, reducing stress and anxiety, and alleviating the unique physical stresses of pregnancy with our pregnancy massage. We also offer beauty services like facials to help you achieve your desired look.\",\"telephone\":\"+34692475239\",\"legalName\":\"MILLENNIUM THAI MASSAGE\"}]}<\/script>\n<!-- \/ Yoast SEO Premium plugin. -->","yoast_head_json":{"title":"Mot de passe oubli\u00e9 - MILLENNIUM THAI MASSAGE","description":"MILLENNIUM THAI MASSAGE","robots":{"index":"index","follow":"follow","max-snippet":"max-snippet:-1","max-image-preview":"max-image-preview:large","max-video-preview":"max-video-preview:-1"},"canonical":"https:\/\/millenniumthaimassage.com\/fr\/mot-de-passe-oublie\/","og_locale":"fr_FR","og_type":"article","og_title":"Forgot Password","og_description":"MILLENNIUM THAI MASSAGE","og_url":"https:\/\/millenniumthaimassage.com\/fr\/mot-de-passe-oublie\/","og_site_name":"MILLENNIUM THAI MASSAGE","article_modified_time":"2026-02-06T00:19:17+00:00","twitter_card":"summary_large_image","twitter_misc":{"Dur\u00e9e de lecture estim\u00e9e":"1 minute"},"schema":{"@context":"https:\/\/schema.org","@graph":[{"@type":"WebPage","@id":"https:\/\/millenniumthaimassage.com\/forgot-password\/","url":"https:\/\/millenniumthaimassage.com\/forgot-password\/","name":"Mot de passe oubli\u00e9 - MILLENNIUM THAI MASSAGE","isPartOf":{"@id":"https:\/\/millenniumthaimassage.com\/#website"},"datePublished":"2026-02-06T00:19:16+00:00","dateModified":"2026-02-06T00:19:17+00:00","description":"MILLENNIUM THAI MASSAGE","breadcrumb":{"@id":"https:\/\/millenniumthaimassage.com\/forgot-password\/#breadcrumb"},"inLanguage":"fr-FR","potentialAction":[{"@type":"ReadAction","target":["https:\/\/millenniumthaimassage.com\/forgot-password\/"]}]},{"@type":"BreadcrumbList","@id":"https:\/\/millenniumthaimassage.com\/forgot-password\/#breadcrumb","itemListElement":[{"@type":"ListItem","position":1,"name":"Home","item":"https:\/\/millenniumthaimassage.com\/"},{"@type":"ListItem","position":2,"name":"Forgot Password"}]},{"@type":"WebSite","@id":"https:\/\/millenniumthaimassage.com\/#website","url":"https:\/\/millenniumthaimassage.com\/","name":"MILLENNIUM THAI MASSAGE","description":"Massage tha\u00eflandais","publisher":{"@id":"https:\/\/millenniumthaimassage.com\/#\/schema\/person\/5da4bdaab162dbb3348e937e27398319"},"potentialAction":[{"@type":"SearchAction","target":{"@type":"EntryPoint","urlTemplate":"https:\/\/millenniumthaimassage.com\/?s={search_term_string}"},"query-input":{"@type":"PropertyValueSpecification","valueRequired":true,"valueName":"search_term_string"}}],"inLanguage":"fr-FR"},{"@type":["Person","Organization"],"@id":"https:\/\/millenniumthaimassage.com\/#\/schema\/person\/5da4bdaab162dbb3348e937e27398319","name":"JOHN","image":{"@type":"ImageObject","inLanguage":"fr-FR","@id":"https:\/\/millenniumthaimassage.com\/wp-content\/uploads\/2024\/12\/LOGO-04-Millennium-Thai-Massage-png-scaled.webp","url":"https:\/\/millenniumthaimassage.com\/wp-content\/uploads\/2024\/12\/LOGO-04-Millennium-Thai-Massage-png-scaled.webp","contentUrl":"https:\/\/millenniumthaimassage.com\/wp-content\/uploads\/2024\/12\/LOGO-04-Millennium-Thai-Massage-png-scaled.webp","width":2560,"height":2560,"caption":"JOHN"},"logo":{"@id":"https:\/\/millenniumthaimassage.com\/wp-content\/uploads\/2024\/12\/LOGO-04-Millennium-Thai-Massage-png-scaled.webp"},"sameAs":["http:\/\/millenniumthaimassage.com"],"description":"Chez Millennium Massage, nous nous engageons \u00e0 vous aider \u00e0 vous sentir et \u00e0 para\u00eetre au mieux de votre forme. Notre gamme de traitements sp\u00e9ciaux est con\u00e7ue pour r\u00e9pondre \u00e0 une vari\u00e9t\u00e9 de probl\u00e8mes de sant\u00e9, y compris l'am\u00e9lioration de la circulation, la r\u00e9duction du stress et de l'anxi\u00e9t\u00e9, et l'att\u00e9nuation du stress physique unique de la grossesse gr\u00e2ce \u00e0 notre massage de grossesse. Nous proposons \u00e9galement des services de beaut\u00e9, tels que des soins du visage, pour vous aider \u00e0 obtenir l'apparence que vous souhaitez.","telephone":"+34692475239","legalName":"MILLENNIUM THAI MASSAGE"}]}},"_links":{"self":[{"href":"https:\/\/millenniumthaimassage.com\/fr\/wp-json\/wp\/v2\/pages\/8637","targetHints":{"allow":["GET"]}}],"collection":[{"href":"https:\/\/millenniumthaimassage.com\/fr\/wp-json\/wp\/v2\/pages"}],"about":[{"href":"https:\/\/millenniumthaimassage.com\/fr\/wp-json\/wp\/v2\/types\/page"}],"author":[{"embeddable":true,"href":"https:\/\/millenniumthaimassage.com\/fr\/wp-json\/wp\/v2\/users\/8"}],"replies":[{"embeddable":true,"href":"https:\/\/millenniumthaimassage.com\/fr\/wp-json\/wp\/v2\/comments?post=8637"}],"version-history":[{"count":1,"href":"https:\/\/millenniumthaimassage.com\/fr\/wp-json\/wp\/v2\/pages\/8637\/revisions"}],"predecessor-version":[{"id":8638,"href":"https:\/\/millenniumthaimassage.com\/fr\/wp-json\/wp\/v2\/pages\/8637\/revisions\/8638"}],"wp:attachment":[{"href":"https:\/\/millenniumthaimassage.com\/fr\/wp-json\/wp\/v2\/media?parent=8637"}],"curies":[{"name":"wp","href":"https:\/\/api.w.org\/{rel}","templated":true}]}}