{"id":5811,"date":"2023-05-21T18:20:47","date_gmt":"2023-05-21T18:20:47","guid":{"rendered":"https:\/\/millenniumthaimassage.com\/terms-of-use-2\/"},"modified":"2024-06-27T15:46:48","modified_gmt":"2024-06-27T13:46:48","slug":"condizioni-di-utilizzo-2","status":"publish","type":"page","link":"https:\/\/millenniumthaimassage.com\/it\/terms-of-use-2\/","title":{"rendered":"Condizioni di utilizzo"},"content":{"rendered":"<h1>Termini e condizioni<\/h1>\n<p>I presenti Termini regolano l'accesso e l'utilizzo di tutti i contenuti, i Prodotti e i Servizi disponibili sul sito web https:\/\/millenniumthaimassage.com (il \"Servizio\") gestito da AU Thai (\"noi\", \"ci\" o \"nostro\").<\/p>\n<p>L'accesso dell'utente ai nostri servizi \u00e8 subordinato all'accettazione, senza modifiche, di tutti i termini e le condizioni qui contenuti e di tutte le altre regole operative e politiche pubblicate e che possono essere pubblicate di volta in volta da noi.<\/p>\n<p>Si prega di leggere attentamente il Contratto prima di accedere o utilizzare i nostri Servizi. Accedendo o utilizzando qualsiasi parte dei nostri Servizi, l'utente accetta di essere vincolato dai presenti Termini. Se l'utente non accetta una qualsiasi parte dei termini dell'Accordo, non pu\u00f2 accedere o utilizzare i nostri Servizi.<\/p>\n<h2>Propriet\u00e0 intellettuale<\/h2>\n<p>L'Accordo non trasferisce da Noi all'utente alcuna propriet\u00e0 intellettuale Nostra o di terzi, e tutti i diritti, titoli e interessi relativi a tale propriet\u00e0 rimarranno (tra le parti) esclusivamente a AU Thai e ai suoi licenziatari.<\/p>\n<h3>Servizi di terze parti<\/h3>\n<p>Nell'utilizzo dei Servizi, l'utente pu\u00f2 utilizzare servizi, prodotti, software, embed o applicazioni sviluppati da terzi (\"Servizi di terzi\").<\/p>\n<p>Se si utilizzano Servizi di terze parti, l'utente \u00e8 consapevole che:<\/p>\n<ul>\n<li>L'utilizzo di un Servizio di terzi \u00e8 a rischio dell'utente e noi non saremo responsabili nei confronti di nessuno per i siti web o i Servizi di terzi.<\/li>\n<li>L'utente riconosce e accetta che Noi non saremo responsabili di alcun danno o perdita causata o che si presume possa essere causata da o in connessione con l'uso di tali contenuti, beni o servizi disponibili su o attraverso tali siti web o servizi.<\/li>\n<\/ul>\n<h2>Conti<\/h2>\n<p>Qualora l'utilizzo di una qualsiasi parte dei nostri Servizi richieda un account, l'utente accetta di fornirci informazioni complete e accurate al momento della registrazione di un account.<\/p>\n<p>L'utente sar\u00e0 l'unico responsabile di qualsiasi attivit\u00e0 svolta con il proprio account. L'utente \u00e8 responsabile dell'aggiornamento delle informazioni sul proprio account e della sicurezza della propria password.<\/p>\n<p>L'utente \u00e8 responsabile della sicurezza dell'account che utilizza per accedere al Servizio. L'utente non dovr\u00e0 condividere o utilizzare in modo improprio le proprie credenziali di accesso. L'utente \u00e8 tenuto a notificare immediatamente qualsiasi uso non autorizzato del proprio account o quando viene a conoscenza di qualsiasi altra violazione della sicurezza.<\/p>\n<h2>Terminazione<\/h2>\n<p>Possiamo interrompere o sospendere l'accesso dell'utente a tutti o a una parte dei nostri Servizi in qualsiasi momento, con o senza motivo, con o senza preavviso, con effetto immediato.<\/p>\n<p>Se desiderate terminare l'Accordo o il vostro account AU Thai, potete semplicemente interrompere l'utilizzo dei nostri Servizi.<\/p>\n<p>Tutte le disposizioni del Contratto che, per loro natura, dovrebbero sopravvivere alla cessazione del rapporto, comprese, a titolo esemplificativo, le disposizioni sulla propriet\u00e0, le esclusioni di garanzia, le indennit\u00e0 e le limitazioni di responsabilit\u00e0.<\/p>\n<h2>Dichiarazione di non responsabilit\u00e0<\/h2>\n<p>I nostri Servizi sono forniti \"COME SONO\" e \"COME DISPONIBILI\". AU Thai e i suoi fornitori e licenziatari con la presente declinano tutte le garanzie di qualsiasi tipo, espresse o implicite, incluse, senza limitazioni, le garanzie di commerciabilit\u00e0, idoneit\u00e0 per uno scopo particolare e non violazione. N\u00e9 AU Thai, n\u00e9 i suoi fornitori e licenziatari, garantiscono che i nostri Servizi siano privi di errori o che l'accesso ad essi sia continuo o ininterrotto. Siete consapevoli che scaricate da, o altrimenti ottenete contenuti o servizi attraverso, i nostri Servizi a vostra discrezione e rischio.<\/p>\n<h3>Giurisdizione e legge applicabile<\/h3>\n<p>Salvo quanto diversamente previsto da qualsiasi legge applicabile, il Contratto e qualsiasi accesso o utilizzo dei nostri Servizi saranno disciplinati dalle leggi spagnole.<\/p>\n<p>Il foro competente per qualsiasi controversia derivante da o relativa al Contratto e a qualsiasi accesso o utilizzo dei nostri Servizi sar\u00e0 quello dei tribunali statali e federali situati in Spagna.<\/p>\n<h2>Cambiamenti<\/h2>\n<p>AU Thai si riserva il diritto, a sua esclusiva discrezione, di modificare o sostituire questi Termini in qualsiasi momento.<\/p>\n<p>In caso di modifiche sostanziali, vi informeremo pubblicando sul nostro sito web o inviandovi un'e-mail o un'altra comunicazione prima dell'entrata in vigore delle modifiche. L'avviso indicher\u00e0 un periodo di tempo ragionevole dopo il quale i nuovi termini entreranno in vigore.<\/p>\n<p>Se l'utente non \u00e8 d'accordo con le nostre modifiche, deve smettere di utilizzare i nostri Servizi entro il periodo di preavviso stabilito, o non appena le modifiche diventano effettive.<\/p>\n<p>L'uso continuato dei nostri Servizi sar\u00e0 soggetto ai nuovi termini.<\/p>","protected":false},"excerpt":{"rendered":"<p>Terms and Conditions These Terms govern your access to, usage of all content, Product and Services available at https:\/\/millenniumthaimassage.com website (the \u201cService\u201d) operated by AU Thai (\u201cus\u201d, \u201cwe\u201d, or \u201cour\u201d). Your access to our services are subject to your acceptance, without modification, of all of the terms and conditions contained herein and all other operating [&hellip;]<\/p>\n","protected":false},"author":8,"featured_media":0,"parent":0,"menu_order":0,"comment_status":"closed","ping_status":"closed","template":"","meta":{"footnotes":""},"class_list":["post-5811","page","type-page","status-publish","hentry"],"blocksy_meta":[],"yoast_head":"<!-- This site is optimized with the Yoast SEO Premium plugin v27.4 (Yoast SEO v27.4) - https:\/\/yoast.com\/product\/yoast-seo-premium-wordpress\/ -->\n<title>Terms of Use - MILLENNIUM THAI MASSAGE<\/title>\n<meta name=\"description\" content=\"Terms and Conditions These Terms govern your access to, usage of all content, Product and Services available at https:\/\/millenniumthaimassage.com website\" \/>\n<meta name=\"robots\" content=\"index, follow, max-snippet:-1, max-image-preview:large, max-video-preview:-1\" \/>\n<link rel=\"canonical\" href=\"https:\/\/millenniumthaimassage.com\/it\/condizioni-di-utilizzo-2\/\" \/>\n<meta property=\"og:locale\" content=\"it_IT\" \/>\n<meta property=\"og:type\" content=\"article\" \/>\n<meta property=\"og:title\" content=\"Terms of Use\" \/>\n<meta property=\"og:description\" content=\"Terms and Conditions These Terms govern your access to, usage of all content, Product and Services available at https:\/\/millenniumthaimassage.com website\" \/>\n<meta property=\"og:url\" content=\"https:\/\/millenniumthaimassage.com\/it\/condizioni-di-utilizzo-2\/\" \/>\n<meta property=\"og:site_name\" content=\"MILLENNIUM THAI MASSAGE\" \/>\n<meta property=\"article:modified_time\" content=\"2024-06-27T13:46:48+00:00\" \/>\n<meta name=\"twitter:card\" content=\"summary_large_image\" \/>\n<meta name=\"twitter:label1\" content=\"Tempo di lettura stimato\" \/>\n\t<meta name=\"twitter:data1\" content=\"4 minuti\" \/>\n<script type=\"application\/ld+json\" class=\"yoast-schema-graph\">{\"@context\":\"https:\\\/\\\/schema.org\",\"@graph\":[{\"@type\":\"WebPage\",\"@id\":\"https:\\\/\\\/millenniumthaimassage.com\\\/terms-of-use-2\\\/\",\"url\":\"https:\\\/\\\/millenniumthaimassage.com\\\/terms-of-use-2\\\/\",\"name\":\"Terms of Use - MILLENNIUM THAI MASSAGE\",\"isPartOf\":{\"@id\":\"https:\\\/\\\/millenniumthaimassage.com\\\/#website\"},\"datePublished\":\"2023-05-21T18:20:47+00:00\",\"dateModified\":\"2024-06-27T13:46:48+00:00\",\"description\":\"Terms and Conditions These Terms govern your access to, usage of all content, Product and Services available at https:\\\/\\\/millenniumthaimassage.com website\",\"breadcrumb\":{\"@id\":\"https:\\\/\\\/millenniumthaimassage.com\\\/terms-of-use-2\\\/#breadcrumb\"},\"inLanguage\":\"it-IT\",\"potentialAction\":[{\"@type\":\"ReadAction\",\"target\":[\"https:\\\/\\\/millenniumthaimassage.com\\\/terms-of-use-2\\\/\"]}]},{\"@type\":\"BreadcrumbList\",\"@id\":\"https:\\\/\\\/millenniumthaimassage.com\\\/terms-of-use-2\\\/#breadcrumb\",\"itemListElement\":[{\"@type\":\"ListItem\",\"position\":1,\"name\":\"Home\",\"item\":\"https:\\\/\\\/millenniumthaimassage.com\\\/\"},{\"@type\":\"ListItem\",\"position\":2,\"name\":\"Terms of Use\"}]},{\"@type\":\"WebSite\",\"@id\":\"https:\\\/\\\/millenniumthaimassage.com\\\/#website\",\"url\":\"https:\\\/\\\/millenniumthaimassage.com\\\/\",\"name\":\"MILLENNIUM THAI MASSAGE\",\"description\":\"Thai massage\",\"publisher\":{\"@id\":\"https:\\\/\\\/millenniumthaimassage.com\\\/#\\\/schema\\\/person\\\/5da4bdaab162dbb3348e937e27398319\"},\"potentialAction\":[{\"@type\":\"SearchAction\",\"target\":{\"@type\":\"EntryPoint\",\"urlTemplate\":\"https:\\\/\\\/millenniumthaimassage.com\\\/?s={search_term_string}\"},\"query-input\":{\"@type\":\"PropertyValueSpecification\",\"valueRequired\":true,\"valueName\":\"search_term_string\"}}],\"inLanguage\":\"it-IT\"},{\"@type\":[\"Person\",\"Organization\"],\"@id\":\"https:\\\/\\\/millenniumthaimassage.com\\\/#\\\/schema\\\/person\\\/5da4bdaab162dbb3348e937e27398319\",\"name\":\"JOHN\",\"image\":{\"@type\":\"ImageObject\",\"inLanguage\":\"it-IT\",\"@id\":\"https:\\\/\\\/millenniumthaimassage.com\\\/wp-content\\\/uploads\\\/2024\\\/12\\\/LOGO-04-Millennium-Thai-Massage-png-scaled.webp\",\"url\":\"https:\\\/\\\/millenniumthaimassage.com\\\/wp-content\\\/uploads\\\/2024\\\/12\\\/LOGO-04-Millennium-Thai-Massage-png-scaled.webp\",\"contentUrl\":\"https:\\\/\\\/millenniumthaimassage.com\\\/wp-content\\\/uploads\\\/2024\\\/12\\\/LOGO-04-Millennium-Thai-Massage-png-scaled.webp\",\"width\":2560,\"height\":2560,\"caption\":\"JOHN\"},\"logo\":{\"@id\":\"https:\\\/\\\/millenniumthaimassage.com\\\/wp-content\\\/uploads\\\/2024\\\/12\\\/LOGO-04-Millennium-Thai-Massage-png-scaled.webp\"},\"sameAs\":[\"http:\\\/\\\/millenniumthaimassage.com\"],\"description\":\"At Millennium Massage, we\u2019re committed to helping you feel and look your best. Our range of special treatments is designed to address a variety of health concerns, including improving circulation, reducing stress and anxiety, and alleviating the unique physical stresses of pregnancy with our pregnancy massage. We also offer beauty services like facials to help you achieve your desired look.\",\"telephone\":\"+34692475239\",\"legalName\":\"MILLENNIUM THAI MASSAGE\"}]}<\/script>\n<!-- \/ Yoast SEO Premium plugin. -->","yoast_head_json":{"title":"Condizioni d'uso - MILLENNIUM THAI MASSAGE","description":"Termini e condizioni I presenti termini regolano l'accesso e l'utilizzo di tutti i contenuti, i prodotti e i servizi disponibili sul sito web https:\/\/millenniumthaimassage.com.","robots":{"index":"index","follow":"follow","max-snippet":"max-snippet:-1","max-image-preview":"max-image-preview:large","max-video-preview":"max-video-preview:-1"},"canonical":"https:\/\/millenniumthaimassage.com\/it\/condizioni-di-utilizzo-2\/","og_locale":"it_IT","og_type":"article","og_title":"Terms of Use","og_description":"Terms and Conditions These Terms govern your access to, usage of all content, Product and Services available at https:\/\/millenniumthaimassage.com website","og_url":"https:\/\/millenniumthaimassage.com\/it\/condizioni-di-utilizzo-2\/","og_site_name":"MILLENNIUM THAI MASSAGE","article_modified_time":"2024-06-27T13:46:48+00:00","twitter_card":"summary_large_image","twitter_misc":{"Tempo di lettura stimato":"4 minuti"},"schema":{"@context":"https:\/\/schema.org","@graph":[{"@type":"WebPage","@id":"https:\/\/millenniumthaimassage.com\/terms-of-use-2\/","url":"https:\/\/millenniumthaimassage.com\/terms-of-use-2\/","name":"Condizioni d'uso - MILLENNIUM THAI MASSAGE","isPartOf":{"@id":"https:\/\/millenniumthaimassage.com\/#website"},"datePublished":"2023-05-21T18:20:47+00:00","dateModified":"2024-06-27T13:46:48+00:00","description":"Termini e condizioni I presenti termini regolano l'accesso e l'utilizzo di tutti i contenuti, i prodotti e i servizi disponibili sul sito web https:\/\/millenniumthaimassage.com.","breadcrumb":{"@id":"https:\/\/millenniumthaimassage.com\/terms-of-use-2\/#breadcrumb"},"inLanguage":"it-IT","potentialAction":[{"@type":"ReadAction","target":["https:\/\/millenniumthaimassage.com\/terms-of-use-2\/"]}]},{"@type":"BreadcrumbList","@id":"https:\/\/millenniumthaimassage.com\/terms-of-use-2\/#breadcrumb","itemListElement":[{"@type":"ListItem","position":1,"name":"Home","item":"https:\/\/millenniumthaimassage.com\/"},{"@type":"ListItem","position":2,"name":"Terms of Use"}]},{"@type":"WebSite","@id":"https:\/\/millenniumthaimassage.com\/#website","url":"https:\/\/millenniumthaimassage.com\/","name":"MASSAGGIO THAILANDESE MILLENNIUM","description":"Massaggio thailandese","publisher":{"@id":"https:\/\/millenniumthaimassage.com\/#\/schema\/person\/5da4bdaab162dbb3348e937e27398319"},"potentialAction":[{"@type":"SearchAction","target":{"@type":"EntryPoint","urlTemplate":"https:\/\/millenniumthaimassage.com\/?s={search_term_string}"},"query-input":{"@type":"PropertyValueSpecification","valueRequired":true,"valueName":"search_term_string"}}],"inLanguage":"it-IT"},{"@type":["Person","Organization"],"@id":"https:\/\/millenniumthaimassage.com\/#\/schema\/person\/5da4bdaab162dbb3348e937e27398319","name":"GIOVANNI","image":{"@type":"ImageObject","inLanguage":"it-IT","@id":"https:\/\/millenniumthaimassage.com\/wp-content\/uploads\/2024\/12\/LOGO-04-Millennium-Thai-Massage-png-scaled.webp","url":"https:\/\/millenniumthaimassage.com\/wp-content\/uploads\/2024\/12\/LOGO-04-Millennium-Thai-Massage-png-scaled.webp","contentUrl":"https:\/\/millenniumthaimassage.com\/wp-content\/uploads\/2024\/12\/LOGO-04-Millennium-Thai-Massage-png-scaled.webp","width":2560,"height":2560,"caption":"JOHN"},"logo":{"@id":"https:\/\/millenniumthaimassage.com\/wp-content\/uploads\/2024\/12\/LOGO-04-Millennium-Thai-Massage-png-scaled.webp"},"sameAs":["http:\/\/millenniumthaimassage.com"],"description":"Al Millennium Massage ci impegniamo ad aiutarvi a sentirvi e ad apparire al meglio. La nostra gamma di trattamenti speciali \u00e8 pensata per affrontare una serie di problemi di salute, tra cui il miglioramento della circolazione, la riduzione dello stress e dell'ansia e l'alleviamento dello stress fisico della gravidanza con il nostro massaggio in gravidanza. Offriamo anche servizi di bellezza come trattamenti per il viso per aiutarvi a raggiungere l'aspetto che desiderate.","telephone":"+34692475239","legalName":"MILLENNIUM THAI MASSAGE"}]}},"_links":{"self":[{"href":"https:\/\/millenniumthaimassage.com\/it\/wp-json\/wp\/v2\/pages\/5811","targetHints":{"allow":["GET"]}}],"collection":[{"href":"https:\/\/millenniumthaimassage.com\/it\/wp-json\/wp\/v2\/pages"}],"about":[{"href":"https:\/\/millenniumthaimassage.com\/it\/wp-json\/wp\/v2\/types\/page"}],"author":[{"embeddable":true,"href":"https:\/\/millenniumthaimassage.com\/it\/wp-json\/wp\/v2\/users\/8"}],"replies":[{"embeddable":true,"href":"https:\/\/millenniumthaimassage.com\/it\/wp-json\/wp\/v2\/comments?post=5811"}],"version-history":[{"count":1,"href":"https:\/\/millenniumthaimassage.com\/it\/wp-json\/wp\/v2\/pages\/5811\/revisions"}],"predecessor-version":[{"id":7712,"href":"https:\/\/millenniumthaimassage.com\/it\/wp-json\/wp\/v2\/pages\/5811\/revisions\/7712"}],"wp:attachment":[{"href":"https:\/\/millenniumthaimassage.com\/it\/wp-json\/wp\/v2\/media?parent=5811"}],"curies":[{"name":"wp","href":"https:\/\/api.w.org\/{rel}","templated":true}]}}