{"id":5816,"date":"2023-05-21T18:25:07","date_gmt":"2023-05-21T18:25:07","guid":{"rendered":"https:\/\/millenniumthaimassage.com\/?page_id=5816"},"modified":"2024-06-27T15:44:36","modified_gmt":"2024-06-27T13:44:36","slug":"politica-dei-massaggi","status":"publish","type":"page","link":"https:\/\/millenniumthaimassage.com\/it\/massage-policy\/","title":{"rendered":"Politica sui massaggi"},"content":{"rendered":"<h1>Politica sui massaggi<\/h1>\n<p>Benvenuti al Millennium Thai Massage, dove intendiamo fornire servizi professionali e terapeutici in un ambiente rilassante e amichevole, su misura per le vostre esigenze. Ci impegniamo ad offrire a tutti i nostri clienti un'esperienza unica ed eccezionale.<\/p>\n\n\n\n<p>Tenendo conto del tempo dei nostri terapisti e del vostro, abbiamo stabilito le seguenti politiche e procedure per le vostre prime e ripetute visite.<\/p>\n\n\n\n<h6 class=\"wp-block-heading\" id=\"h-nbsp-nbsp-nbsp-arrival-at-your-massage-treatment\"><strong>&nbsp; &nbsp; &nbsp; Arrivo al trattamento di massaggio<\/strong><\/h6>\n\n\n\n<ul class=\"wp-block-list\">\n<li>Assicuratevi di arrivare almeno 10 minuti prima dell'orario di inizio dell'appuntamento. In questo modo avrete tempo a sufficienza per compilare i moduli necessari, cambiarvi e prepararvi per il servizio. Poich\u00e9 tutte le sessioni di trattamento hanno un programma specifico, arrivare in anticipo garantir\u00e0 un'esperienza rilassata e senza fretta. In caso di inevitabile ritardo, il servizio potrebbe essere ridotto per rispettare l'orario e potrebbe essere addebitato il tempo di trattamento originale.<\/li>\n<\/ul>\n\n\n\n<h6 class=\"wp-block-heading\" id=\"h-nbsp-nbsp-nbsp-cancellation-policy-and-fees\">&nbsp; &nbsp; &nbsp; <strong>Politica di cancellazione e tariffe<\/strong><\/h6>\n\n\n\n<ul class=\"wp-block-list\">\n<li>Apprezziamo la vostra attivit\u00e0 e abbiamo riservato gli orari di terapia esclusivamente per voi. Vi preghiamo di rispettare le politiche di programmazione del nostro ufficio, avvisandoci almeno 24 ore prima di dover cancellare o riprogrammare il vostro appuntamento. Ai clienti che non si presentano all'appuntamento senza preavviso verr\u00e0 addebitato l'intero importo della seduta programmata. Eventuali cancellazioni di servizi con meno di 24 ore di preavviso comporteranno l'addebito di una tassa di cancellazione. Siamo consapevoli che possono verificarsi eventi imprevisti e vi invitiamo a chiamarci se dovete cambiare il vostro appuntamento.<\/li>\n<\/ul>\n\n\n\n<h6 class=\"wp-block-heading\" id=\"h-nbsp-nbsp-nbsp-nbsp-late-arrival-policy\">&nbsp; &nbsp; &nbsp; &nbsp;<strong>Politica degli arrivi tardivi<\/strong><\/h6>\n\n\n\n<ul class=\"wp-block-list\">\n<li>Tutte le sessioni di trattamento sono programmate per orari specifici e, purtroppo, chi arriva in ritardo non pu\u00f2 ricevere un'estensione degli appuntamenti previsti. Se il nostro programma lo consente, in casi particolari possiamo accettare un appuntamento parziale o completo, solo con una corretta notifica anticipata dell'arrivo in ritardo. Ci riserviamo il diritto di addebitare il costo della prenotazione originale.<\/li>\n<\/ul>\n\n\n\n<h6 class=\"wp-block-heading\" id=\"h-nbsp-nbsp-nbsp-no-show-policy\">&nbsp; &nbsp; &nbsp; <strong>Politica di mancata presentazione<\/strong><\/h6>\n\n\n\n<ul class=\"wp-block-list\">\n<li>Siamo consapevoli che nella vita di ognuno di noi si verificano situazioni impreviste. Se non potete rispettare l'appuntamento, chiamateci per avvisarci. I clienti che saltano gli appuntamenti senza preavviso possono incorrere nel costo totale del servizio programmato.<\/li>\n<\/ul>\n\n\n\n<h6 class=\"wp-block-heading\" id=\"h-nbsp-nbsp-nbsp-informed-consent\">&nbsp; &nbsp; &nbsp; <strong>Consenso informato<\/strong><\/h6>\n\n\n\n<ul class=\"wp-block-list\">\n<li>Prima di ogni seduta di massaggio, i nostri terapisti discuteranno con voi il piano di trattamento. Leggete e firmate il nostro modulo di consenso al trattamento, indicando che avete compreso e accettato di rispettare le nostre politiche e procedure professionali di massoterapia. Anche ai clienti che non ci visitano da almeno un anno pu\u00f2 essere richiesto di compilare questo modulo.<\/li>\n<\/ul>\n\n\n\n<h6 class=\"wp-block-heading\" id=\"h-nbsp-nbsp-nbsp-scope-of-practice\">&nbsp; &nbsp; &nbsp;<strong> Ambito di applicazione<\/strong><\/h6>\n\n\n\n<ul class=\"wp-block-list\">\n<li>I nostri professionisti autorizzati sono tenuti a rispettare i pi\u00f9 alti standard della professione di massaggiatore. La massoterapia, l'agopuntura e la riflessologia comportano tecniche manuali e possono includere terapie aggiuntive per influire positivamente sulla salute e sul benessere del cliente. Tuttavia, i nostri terapisti non diagnosticano o prescrivono condizioni mediche, e possiamo indirizzarvi a un medico per la diagnosi o il trattamento. I nostri servizi non intendono essere un'alternativa a un'adeguata assistenza medica per condizioni specifiche, pertanto vi invitiamo a consultare un medico per qualsiasi condizione che richieda un trattamento medico.<\/li>\n<\/ul>\n\n\n\n<h6 class=\"wp-block-heading\" id=\"h-nbsp-nbsp-nbsp-respect-for-client-needs-and-boundaries\">&nbsp; &nbsp; &nbsp; <strong>Rispetto delle esigenze e dei limiti del cliente<\/strong><\/h6>\n\n\n\n<ul class=\"wp-block-list\">\n<li>Per garantire che tutti si sentano a proprio agio, ci aspettiamo che tutti i clienti seguano determinate linee guida di decoro quando si trovano nei nostri locali. I clienti devono comportarsi in modo rispettoso e appropriato nei confronti del personale e degli altri clienti. Ci\u00f2 include l'astensione dall'uso di un linguaggio o di un comportamento discriminatorio, offensivo o minaccioso. Inoltre, i clienti devono sempre rispettare i limiti personali e i livelli di comfort dei nostri massaggiatori. Al momento dell'arrivo nel nostro centro, forniremo ai clienti delle linee guida chiare, che includono informazioni sull'abbigliamento appropriato, sul comportamento durante il massaggio e su qualsiasi altra politica pertinente. Chiediamo ai clienti di leggere e rispettare queste linee guida per tutta la durata della loro visita.<\/li>\n<\/ul>\n\n\n\n<h6 class=\"wp-block-heading\" id=\"h-nbsp-nbsp-nbsp-nbsp-payment-policy\">&nbsp; &nbsp; &nbsp; &nbsp;<strong>Politica di pagamento<\/strong><\/h6>\n\n\n\n<ul class=\"wp-block-list\">\n<li>Al MillenniumThai Massage accettiamo varie forme di pagamento, tra cui carte di credito\/debito, contanti e carte regalo. Il pagamento \u00e8 dovuto al momento di ogni servizio e non forniamo servizi di credito o di fatturazione. Non raccogliamo i dati della vostra carta di credito per usi futuri e non addebiteremo la vostra carta senza il vostro consenso.<\/li>\n<\/ul>\n\n\n\n<h6 class=\"wp-block-heading\" id=\"h-nbsp-nbsp-nbsp-gratuity-policy\">&nbsp; &nbsp; &nbsp; <strong>Politica sulla mancia<\/strong><\/h6>\n\n\n\n<ul class=\"wp-block-list\">\n<li>La mancia non fa parte del prezzo del servizio. Anche se non \u00e8 obbligatorio, \u00e8 consuetudine lasciare una mancia al terapeuta se si \u00e8 soddisfatti del suo servizio e l'importo dipende da voi. Potete lasciare la mancia in contanti o aggiungerla al pagamento con carta di credito alla fine dell'appuntamento.<\/li>\n<\/ul>\n\n\n\n<h6 class=\"wp-block-heading\" id=\"h-nbsp-nbsp-nbsp-mobile-phone-policy\">&nbsp; &nbsp; &nbsp;<strong> Politica sui telefoni cellulari<\/strong><\/h6>\n\n\n\n<ul class=\"wp-block-list\">\n<li>Per garantire un ambiente rilassante a tutti gli ospiti, si prega di spegnere il cellulare o di attivarne la modalit\u00e0 silenziosa durante la permanenza nel centro terapeutico. In caso di chiamata urgente, si prega di uscire dalla sala trattamenti per non disturbare gli altri ospiti.<\/li>\n<\/ul>\n\n\n\n<h6 class=\"wp-block-heading\" id=\"h-nbsp-nbsp-nbsp-health-conditions-and-medications\">&nbsp; &nbsp; &nbsp; <strong>Condizioni di salute e farmaci<\/strong><\/h6>\n\n\n\n<ul class=\"wp-block-list\">\n<li>Prima dell'appuntamento \u00e8 necessario informare il terapeuta di eventuali condizioni di salute, lesioni o farmaci assunti. Questo ci aiuter\u00e0 ad adattare il trattamento alle vostre esigenze e a garantire la vostra sicurezza. Se avete dubbi sulla sicurezza della terapia di massaggio, consultate il vostro medico prima di fissare un appuntamento.<\/li>\n<\/ul>\n\n\n\n<h6 class=\"wp-block-heading\" id=\"h-nbsp-nbsp-nbsp-child-policy\"><strong>&nbsp; &nbsp; &nbsp;Politica per i bambini<\/strong><\/h6>\n\n\n\n<ul class=\"wp-block-list\">\n<li>Non forniamo servizi di assistenza ai bambini e vi chiediamo di portare i bambini all'appuntamento solo se ricevono un servizio. Se dovete portare un bambino, assicuratevi che sia ben educato e che possa occuparsi tranquillamente durante l'appuntamento. I minori di 18 anni devono essere accompagnati da un genitore o da un tutore legale.<\/li>\n<\/ul>\n\n\n\n<h6 class=\"wp-block-heading\" id=\"h-nbsp-nbsp-nbsp-feedback-policy\"><strong>&nbsp; &nbsp; &nbsp; Politica di feedback<\/strong><\/h6>\n\n\n\n<ul class=\"wp-block-list\">\n<li>Apprezziamo il vostro feedback e ci impegniamo a fornire un servizio eccezionale. Vi preghiamo di farci sapere se avete dubbi o suggerimenti sul vostro trattamento o sulle nostre politiche. Accogliamo con piacere i vostri commenti e faremo del nostro meglio per risolvere tempestivamente qualsiasi problema.<\/li>\n<\/ul>\n\n\n\n<h6 class=\"wp-block-heading\" id=\"h-nbsp-nbsp-nbsp-violence-policy\"><strong>&nbsp; &nbsp; &nbsp;Politica sulla violenza<\/strong><\/h6>\n\n\n\n<ul class=\"wp-block-list\">\n<li>Al MillenniumThai Massage offriamo un ambiente sicuro e rispettoso per tutti i clienti e i dipendenti. Abbiamo una politica di tolleranza zero per la violenza, l'aggressione o le molestie. A chiunque si renda protagonista di tali comportamenti verr\u00e0 chiesto di andarsene immediatamente e, se necessario, potremo coinvolgere le autorit\u00e0. Inoltre, i clienti che si comportano in modo violento o aggressivo saranno banditi dalla nostra struttura e potremmo sporgere denuncia contro di loro. Ci riserviamo il diritto di intraprendere le azioni necessarie per garantire la sicurezza e il benessere dei nostri clienti e dipendenti.<\/li>\n<\/ul>\n\n\n\n<p>Fissando un appuntamento con Millennium Thai Massage, riconoscete e accettate queste politiche e procedure. Saremo lieti di offrirvi un'esperienza rilassante e terapeutica.<\/p>","protected":false},"excerpt":{"rendered":"<p>Massage Policy Welcome to Millennium Thai Massage, where we intend to provide professional and therapeutic services in a relaxing and friendly environment tailored to your needs. We are committed to offering all our clients an outstanding and unique experience. Considering our therapists\u2019 and your time, we have established the following policies and procedures for your [&hellip;]<\/p>\n","protected":false},"author":8,"featured_media":0,"parent":0,"menu_order":0,"comment_status":"closed","ping_status":"closed","template":"","meta":{"footnotes":""},"class_list":["post-5816","page","type-page","status-publish","hentry"],"blocksy_meta":[],"yoast_head":"<!-- This site is optimized with the Yoast SEO Premium plugin v27.4 (Yoast SEO v27.4) - https:\/\/yoast.com\/product\/yoast-seo-premium-wordpress\/ -->\n<title>Know Millennium Thai Massage\u2019s Massage Policy<\/title>\n<meta name=\"description\" content=\"Take some time to read all about our massage policy. We provide professional therapeutic services. Experience our calming Thai massages today.\" \/>\n<meta name=\"robots\" content=\"index, follow, max-snippet:-1, max-image-preview:large, max-video-preview:-1\" \/>\n<link rel=\"canonical\" href=\"https:\/\/millenniumthaimassage.com\/it\/politica-dei-massaggi\/\" \/>\n<meta property=\"og:locale\" content=\"it_IT\" \/>\n<meta property=\"og:type\" content=\"article\" \/>\n<meta property=\"og:title\" content=\"Massage Policy\" \/>\n<meta property=\"og:description\" content=\"Take some time to read all about our massage policy. We provide professional therapeutic services. Experience our calming Thai massages today.\" \/>\n<meta property=\"og:url\" content=\"https:\/\/millenniumthaimassage.com\/it\/politica-dei-massaggi\/\" \/>\n<meta property=\"og:site_name\" content=\"MILLENNIUM THAI MASSAGE\" \/>\n<meta property=\"article:modified_time\" content=\"2024-06-27T13:44:36+00:00\" \/>\n<meta name=\"twitter:card\" content=\"summary_large_image\" \/>\n<meta name=\"twitter:label1\" content=\"Tempo di lettura stimato\" \/>\n\t<meta name=\"twitter:data1\" content=\"5 minuti\" \/>\n<script type=\"application\/ld+json\" class=\"yoast-schema-graph\">{\"@context\":\"https:\\\/\\\/schema.org\",\"@graph\":[{\"@type\":\"WebPage\",\"@id\":\"https:\\\/\\\/millenniumthaimassage.com\\\/massage-policy\\\/\",\"url\":\"https:\\\/\\\/millenniumthaimassage.com\\\/massage-policy\\\/\",\"name\":\"Know Millennium Thai Massage\u2019s Massage Policy\",\"isPartOf\":{\"@id\":\"https:\\\/\\\/millenniumthaimassage.com\\\/#website\"},\"datePublished\":\"2023-05-21T18:25:07+00:00\",\"dateModified\":\"2024-06-27T13:44:36+00:00\",\"description\":\"Take some time to read all about our massage policy. We provide professional therapeutic services. Experience our calming Thai massages today.\",\"breadcrumb\":{\"@id\":\"https:\\\/\\\/millenniumthaimassage.com\\\/massage-policy\\\/#breadcrumb\"},\"inLanguage\":\"it-IT\",\"potentialAction\":[{\"@type\":\"ReadAction\",\"target\":[\"https:\\\/\\\/millenniumthaimassage.com\\\/massage-policy\\\/\"]}]},{\"@type\":\"BreadcrumbList\",\"@id\":\"https:\\\/\\\/millenniumthaimassage.com\\\/massage-policy\\\/#breadcrumb\",\"itemListElement\":[{\"@type\":\"ListItem\",\"position\":1,\"name\":\"Home\",\"item\":\"https:\\\/\\\/millenniumthaimassage.com\\\/\"},{\"@type\":\"ListItem\",\"position\":2,\"name\":\"Massage Policy\"}]},{\"@type\":\"WebSite\",\"@id\":\"https:\\\/\\\/millenniumthaimassage.com\\\/#website\",\"url\":\"https:\\\/\\\/millenniumthaimassage.com\\\/\",\"name\":\"MILLENNIUM THAI MASSAGE\",\"description\":\"Thai massage\",\"publisher\":{\"@id\":\"https:\\\/\\\/millenniumthaimassage.com\\\/#\\\/schema\\\/person\\\/5da4bdaab162dbb3348e937e27398319\"},\"potentialAction\":[{\"@type\":\"SearchAction\",\"target\":{\"@type\":\"EntryPoint\",\"urlTemplate\":\"https:\\\/\\\/millenniumthaimassage.com\\\/?s={search_term_string}\"},\"query-input\":{\"@type\":\"PropertyValueSpecification\",\"valueRequired\":true,\"valueName\":\"search_term_string\"}}],\"inLanguage\":\"it-IT\"},{\"@type\":[\"Person\",\"Organization\"],\"@id\":\"https:\\\/\\\/millenniumthaimassage.com\\\/#\\\/schema\\\/person\\\/5da4bdaab162dbb3348e937e27398319\",\"name\":\"JOHN\",\"image\":{\"@type\":\"ImageObject\",\"inLanguage\":\"it-IT\",\"@id\":\"https:\\\/\\\/millenniumthaimassage.com\\\/wp-content\\\/uploads\\\/2024\\\/12\\\/LOGO-04-Millennium-Thai-Massage-png-scaled.webp\",\"url\":\"https:\\\/\\\/millenniumthaimassage.com\\\/wp-content\\\/uploads\\\/2024\\\/12\\\/LOGO-04-Millennium-Thai-Massage-png-scaled.webp\",\"contentUrl\":\"https:\\\/\\\/millenniumthaimassage.com\\\/wp-content\\\/uploads\\\/2024\\\/12\\\/LOGO-04-Millennium-Thai-Massage-png-scaled.webp\",\"width\":2560,\"height\":2560,\"caption\":\"JOHN\"},\"logo\":{\"@id\":\"https:\\\/\\\/millenniumthaimassage.com\\\/wp-content\\\/uploads\\\/2024\\\/12\\\/LOGO-04-Millennium-Thai-Massage-png-scaled.webp\"},\"sameAs\":[\"http:\\\/\\\/millenniumthaimassage.com\"],\"description\":\"At Millennium Massage, we\u2019re committed to helping you feel and look your best. Our range of special treatments is designed to address a variety of health concerns, including improving circulation, reducing stress and anxiety, and alleviating the unique physical stresses of pregnancy with our pregnancy massage. We also offer beauty services like facials to help you achieve your desired look.\",\"telephone\":\"+34692475239\",\"legalName\":\"MILLENNIUM THAI MASSAGE\"}]}<\/script>\n<!-- \/ Yoast SEO Premium plugin. -->","yoast_head_json":{"title":"Conoscere la politica dei massaggi del Millennium Thai Massage","description":"Prendetevi un po' di tempo per leggere la nostra politica sui massaggi. Forniamo servizi terapeutici professionali. Provate oggi stesso i nostri massaggi tailandesi rilassanti.","robots":{"index":"index","follow":"follow","max-snippet":"max-snippet:-1","max-image-preview":"max-image-preview:large","max-video-preview":"max-video-preview:-1"},"canonical":"https:\/\/millenniumthaimassage.com\/it\/politica-dei-massaggi\/","og_locale":"it_IT","og_type":"article","og_title":"Massage Policy","og_description":"Take some time to read all about our massage policy. We provide professional therapeutic services. Experience our calming Thai massages today.","og_url":"https:\/\/millenniumthaimassage.com\/it\/politica-dei-massaggi\/","og_site_name":"MILLENNIUM THAI MASSAGE","article_modified_time":"2024-06-27T13:44:36+00:00","twitter_card":"summary_large_image","twitter_misc":{"Tempo di lettura stimato":"5 minuti"},"schema":{"@context":"https:\/\/schema.org","@graph":[{"@type":"WebPage","@id":"https:\/\/millenniumthaimassage.com\/massage-policy\/","url":"https:\/\/millenniumthaimassage.com\/massage-policy\/","name":"Conoscere la politica dei massaggi del Millennium Thai Massage","isPartOf":{"@id":"https:\/\/millenniumthaimassage.com\/#website"},"datePublished":"2023-05-21T18:25:07+00:00","dateModified":"2024-06-27T13:44:36+00:00","description":"Prendetevi un po' di tempo per leggere la nostra politica sui massaggi. Forniamo servizi terapeutici professionali. Provate oggi stesso i nostri massaggi tailandesi rilassanti.","breadcrumb":{"@id":"https:\/\/millenniumthaimassage.com\/massage-policy\/#breadcrumb"},"inLanguage":"it-IT","potentialAction":[{"@type":"ReadAction","target":["https:\/\/millenniumthaimassage.com\/massage-policy\/"]}]},{"@type":"BreadcrumbList","@id":"https:\/\/millenniumthaimassage.com\/massage-policy\/#breadcrumb","itemListElement":[{"@type":"ListItem","position":1,"name":"Home","item":"https:\/\/millenniumthaimassage.com\/"},{"@type":"ListItem","position":2,"name":"Massage Policy"}]},{"@type":"WebSite","@id":"https:\/\/millenniumthaimassage.com\/#website","url":"https:\/\/millenniumthaimassage.com\/","name":"MASSAGGIO THAILANDESE MILLENNIUM","description":"Massaggio thailandese","publisher":{"@id":"https:\/\/millenniumthaimassage.com\/#\/schema\/person\/5da4bdaab162dbb3348e937e27398319"},"potentialAction":[{"@type":"SearchAction","target":{"@type":"EntryPoint","urlTemplate":"https:\/\/millenniumthaimassage.com\/?s={search_term_string}"},"query-input":{"@type":"PropertyValueSpecification","valueRequired":true,"valueName":"search_term_string"}}],"inLanguage":"it-IT"},{"@type":["Person","Organization"],"@id":"https:\/\/millenniumthaimassage.com\/#\/schema\/person\/5da4bdaab162dbb3348e937e27398319","name":"GIOVANNI","image":{"@type":"ImageObject","inLanguage":"it-IT","@id":"https:\/\/millenniumthaimassage.com\/wp-content\/uploads\/2024\/12\/LOGO-04-Millennium-Thai-Massage-png-scaled.webp","url":"https:\/\/millenniumthaimassage.com\/wp-content\/uploads\/2024\/12\/LOGO-04-Millennium-Thai-Massage-png-scaled.webp","contentUrl":"https:\/\/millenniumthaimassage.com\/wp-content\/uploads\/2024\/12\/LOGO-04-Millennium-Thai-Massage-png-scaled.webp","width":2560,"height":2560,"caption":"JOHN"},"logo":{"@id":"https:\/\/millenniumthaimassage.com\/wp-content\/uploads\/2024\/12\/LOGO-04-Millennium-Thai-Massage-png-scaled.webp"},"sameAs":["http:\/\/millenniumthaimassage.com"],"description":"Al Millennium Massage ci impegniamo ad aiutarvi a sentirvi e ad apparire al meglio. La nostra gamma di trattamenti speciali \u00e8 pensata per affrontare una serie di problemi di salute, tra cui il miglioramento della circolazione, la riduzione dello stress e dell'ansia e l'alleviamento dello stress fisico della gravidanza con il nostro massaggio in gravidanza. Offriamo anche servizi di bellezza come trattamenti per il viso per aiutarvi a raggiungere l'aspetto che desiderate.","telephone":"+34692475239","legalName":"MILLENNIUM THAI MASSAGE"}]}},"_links":{"self":[{"href":"https:\/\/millenniumthaimassage.com\/it\/wp-json\/wp\/v2\/pages\/5816","targetHints":{"allow":["GET"]}}],"collection":[{"href":"https:\/\/millenniumthaimassage.com\/it\/wp-json\/wp\/v2\/pages"}],"about":[{"href":"https:\/\/millenniumthaimassage.com\/it\/wp-json\/wp\/v2\/types\/page"}],"author":[{"embeddable":true,"href":"https:\/\/millenniumthaimassage.com\/it\/wp-json\/wp\/v2\/users\/8"}],"replies":[{"embeddable":true,"href":"https:\/\/millenniumthaimassage.com\/it\/wp-json\/wp\/v2\/comments?post=5816"}],"version-history":[{"count":19,"href":"https:\/\/millenniumthaimassage.com\/it\/wp-json\/wp\/v2\/pages\/5816\/revisions"}],"predecessor-version":[{"id":7649,"href":"https:\/\/millenniumthaimassage.com\/it\/wp-json\/wp\/v2\/pages\/5816\/revisions\/7649"}],"wp:attachment":[{"href":"https:\/\/millenniumthaimassage.com\/it\/wp-json\/wp\/v2\/media?parent=5816"}],"curies":[{"name":"wp","href":"https:\/\/api.w.org\/{rel}","templated":true}]}}