{"id":5809,"date":"2023-05-21T18:20:36","date_gmt":"2023-05-21T18:20:36","guid":{"rendered":"https:\/\/millenniumthaimassage.com\/terms-of-use\/"},"modified":"2024-06-27T15:46:39","modified_gmt":"2024-06-27T13:46:39","slug":"vilkar-for-bruk","status":"publish","type":"page","link":"https:\/\/millenniumthaimassage.com\/nb\/terms-of-use\/","title":{"rendered":"Vilk\u00e5r for bruk"},"content":{"rendered":"<h1>Vilk\u00e5r og betingelser<\/h1>\n<p>Disse vilk\u00e5rene regulerer din tilgang til og bruk av alt innhold, alle produkter og tjenester som er tilgjengelige p\u00e5 nettstedet https:\/\/millenniumthaimassage.com (\"Tjenesten\") som drives av Millennium Thai Massage (\"oss\", \"vi\" eller \"v\u00e5r\").<\/p>\n<p>Din tilgang til v\u00e5re tjenester er underlagt din aksept, uten endringer, av alle vilk\u00e5rene og betingelsene i dette dokumentet og alle andre driftsregler og retningslinjer som er publisert og som kan bli publisert fra tid til annen av oss.<\/p>\n<p>Vennligst les Avtalen n\u00f8ye f\u00f8r du f\u00e5r tilgang til eller bruker Tjenestene v\u00e5re. Ved \u00e5 f\u00e5 tilgang til eller bruke noen del av v\u00e5re tjenester, samtykker du i \u00e5 v\u00e6re bundet av disse vilk\u00e5rene. Hvis du ikke godtar noen del av vilk\u00e5rene i Avtalen, kan du ikke f\u00e5 tilgang til eller bruke Tjenestene v\u00e5re.<\/p>\n<h2>Intellektuell eiendom<\/h2>\n<p>Avtalen overf\u00f8rer ikke fra oss til deg noen av v\u00e5re eller tredjeparts immaterielle rettigheter, og all rett, tittel og interesse i og til slik eiendom vil forbli (som mellom partene) utelukkende med Millennium Thai Massage og dets lisensgivere.<\/p>\n<h3>Tredjepartstjenester<\/h3>\n<p>N\u00e5r du bruker Tjenestene, kan du bruke tjenester, produkter, programvare, innebygde elementer eller applikasjoner som er utviklet av en tredjepart (\"Tredjepartstjenester\").<\/p>\n<p>Hvis du bruker tredjepartstjenester, er du innforst\u00e5tt med dette:<\/p>\n<ul>\n<li>Enhver bruk av en tredjepartstjeneste skjer p\u00e5 egen risiko, og vi skal ikke v\u00e6re ansvarlige eller erstatningspliktige overfor noen for tredjeparts nettsteder eller tjenester.<\/li>\n<li>Du erkjenner og samtykker i at vi ikke skal v\u00e6re ansvarlige eller erstatningspliktige for skader eller tap for\u00e5rsaket eller p\u00e5st\u00e5tt \u00e5 v\u00e6re for\u00e5rsaket av eller i forbindelse med bruk av slikt innhold, varer eller tjenester som er tilgjengelige p\u00e5 eller gjennom slike nettsteder eller tjenester.<\/li>\n<\/ul>\n<h2>Regnskap<\/h2>\n<p>N\u00e5r bruk av noen del av v\u00e5re tjenester krever en konto, samtykker du i \u00e5 gi oss fullstendig og n\u00f8yaktig informasjon n\u00e5r du registrerer deg for en konto.<\/p>\n<p>Du er ene og alene ansvarlig for all aktivitet som skjer under kontoen din. Du er ansvarlig for \u00e5 holde kontoinformasjonen din oppdatert og for \u00e5 holde passordet ditt sikkert.<\/p>\n<p>Du er ansvarlig for \u00e5 opprettholde sikkerheten til kontoen din som du bruker for \u00e5 f\u00e5 tilgang til tjenesten. Du skal ikke dele eller misbruke tilgangsinformasjonen din. Du m\u00e5 varsle oss umiddelbart om uautorisert bruk av kontoen din eller n\u00e5r du blir oppmerksom p\u00e5 andre brudd p\u00e5 sikkerheten.<\/p>\n<h2>Oppsigelse<\/h2>\n<p>Vi kan avslutte eller suspendere din tilgang til hele eller deler av v\u00e5re tjenester n\u00e5r som helst, med eller uten grunn, med eller uten varsel, med umiddelbar virkning.<\/p>\n<p>Hvis du \u00f8nsker \u00e5 si opp avtalen eller Millennium Thai Massage-kontoen din, kan du ganske enkelt slutte \u00e5 bruke tjenestene v\u00e5re.<\/p>\n<p>Alle bestemmelser i Avtalen som etter sin art skal overleve oppsigelsen, skal overleve oppsigelsen, inkludert, men ikke begrenset til, bestemmelser om eierskap, ansvarsfraskrivelser, skadesl\u00f8sholdelse og ansvarsbegrensninger.<\/p>\n<h2>Ansvarsfraskrivelse<\/h2>\n<p>V\u00e5re tjenester leveres \"SOM DE ER.\" og \"SOM TILGJENGELIG\" -basis. Millennium Thai Massage og dets leverand\u00f8rer og lisensgivere fraskriver seg herved alle garantier av noe slag, uttrykkelig eller underforst\u00e5tt, inkludert, uten begrensning, garantiene for salgbarhet, egnethet for et bestemt form\u00e5l og ikke-krenkelse. Verken Millennium Thai Massage, eller dets leverand\u00f8rer og lisensgivere, gir noen garanti for at tjenestene v\u00e5re vil v\u00e6re feilfrie eller at tilgangen til dem vil v\u00e6re kontinuerlig eller uavbrutt. Du forst\u00e5r at du laster ned fra, eller p\u00e5 annen m\u00e5te skaffer deg innhold eller tjenester gjennom, v\u00e5re tjenester etter eget skj\u00f8nn og risiko.<\/p>\n<h3>Jurisdiksjon og gjeldende lov<\/h3>\n<p>Med mindre annet f\u00f8lger av gjeldende lovgivning, vil Avtalen og enhver tilgang til eller bruk av v\u00e5re Tjenester v\u00e6re underlagt spansk lov.<\/p>\n<p>Det rette verneting for eventuelle tvister som oppst\u00e5r som f\u00f8lge av eller i forbindelse med Avtalen og enhver tilgang til eller bruk av v\u00e5re Tjenester vil v\u00e6re de statlige og f\u00f8derale domstolene i Spania.<\/p>\n<h2>Endringer<\/h2>\n<p>Millennium Thai Massage forbeholder seg retten til, etter eget skj\u00f8nn, \u00e5 endre eller erstatte disse vilk\u00e5rene n\u00e5r som helst.<\/p>\n<p>Hvis vi gj\u00f8r endringer som er vesentlige, vil vi gi deg beskjed om dette ved \u00e5 legge det ut p\u00e5 nettstedet v\u00e5rt, eller ved \u00e5 sende deg en e-post eller annen kommunikasjon f\u00f8r endringene trer i kraft. Varselet vil angi en rimelig tidsperiode etter hvilken de nye vilk\u00e5rene trer i kraft.<\/p>\n<p>Hvis du er uenig i endringene v\u00e5re, b\u00f8r du slutte \u00e5 bruke tjenestene v\u00e5re innen den angitte varslingsperioden, eller s\u00e5 snart endringene trer i kraft.<\/p>\n<p>Din fortsatte bruk av v\u00e5re tjenester vil v\u00e6re underlagt de nye vilk\u00e5rene.<\/p>","protected":false},"excerpt":{"rendered":"<p>Terms and Conditions These Terms govern your access to, usage of all content, Product and Services available at https:\/\/millenniumthaimassage.com website (the \u201cService\u201d) operated by Millennium Thai Massage (\u201cus\u201d, \u201cwe\u201d, or \u201cour\u201d). Your access to our services are subject to your acceptance, without modification, of all of the terms and conditions contained herein and all other [&hellip;]<\/p>\n","protected":false},"author":8,"featured_media":0,"parent":0,"menu_order":0,"comment_status":"closed","ping_status":"closed","template":"","meta":{"footnotes":""},"class_list":["post-5809","page","type-page","status-publish","hentry"],"blocksy_meta":[],"featured_image_urls":{"full":"","thumbnail":"","medium":"","medium_large":"","large":"","1536x1536":"","2048x2048":"","trp-custom-language-flag":"","voucher-thumb":"","voucher-medium":""},"post_excerpt_stackable":"<p>Terms and Conditions These Terms govern your access to, usage of all content, Product and Services available at https:\/\/millenniumthaimassage.com website (the \u201cService\u201d) operated by Millennium Thai Massage (\u201cus\u201d, \u201cwe\u201d, or \u201cour\u201d). Your access to our services are subject to your acceptance, without modification, of all of the terms and conditions contained herein and all other operating rules and policies published and that may be published from time to time by us. Please read the Agreement carefully before accessing or using our Services. By accessing or using any part of our Services, you agree to be bound by these Terms. If&hellip;<\/p>\n","category_list":"","author_info":{"name":"JOHN","url":"https:\/\/millenniumthaimassage.com\/nb\/author\/john\/"},"comments_num":"0 kommentarer","yoast_head":"<!-- This site is optimized with the Yoast SEO Premium plugin v27.2 (Yoast SEO v27.3) - https:\/\/yoast.com\/product\/yoast-seo-premium-wordpress\/ -->\n<title>Terms of Use for Our Website - Millennium Thai Massage<\/title>\n<meta name=\"description\" content=\"Before using our website, read our terms. Be aware of our policies as you use the site \u2013 we hope to provide you a comfortable experience. Call: 34692475239\" \/>\n<meta name=\"robots\" content=\"index, follow, max-snippet:-1, max-image-preview:large, max-video-preview:-1\" \/>\n<link rel=\"canonical\" href=\"https:\/\/millenniumthaimassage.com\/nb\/vilkar-for-bruk\/\" \/>\n<meta property=\"og:locale\" content=\"nb_NO\" \/>\n<meta property=\"og:type\" content=\"article\" \/>\n<meta property=\"og:title\" content=\"Terms of Use\" \/>\n<meta property=\"og:description\" content=\"Before using our website, read our terms. Be aware of our policies as you use the site \u2013 we hope to provide you a comfortable experience. Call: 34692475239\" \/>\n<meta property=\"og:url\" content=\"https:\/\/millenniumthaimassage.com\/nb\/vilkar-for-bruk\/\" \/>\n<meta property=\"og:site_name\" content=\"MILLENNIUM THAI MASSAGE\" \/>\n<meta property=\"article:modified_time\" content=\"2024-06-27T13:46:39+00:00\" \/>\n<meta name=\"twitter:card\" content=\"summary_large_image\" \/>\n<meta name=\"twitter:label1\" content=\"Ansl. lesetid\" \/>\n\t<meta name=\"twitter:data1\" content=\"4 minutter\" \/>\n<script type=\"application\/ld+json\" class=\"yoast-schema-graph\">{\"@context\":\"https:\\\/\\\/schema.org\",\"@graph\":[{\"@type\":\"WebPage\",\"@id\":\"https:\\\/\\\/millenniumthaimassage.com\\\/terms-of-use\\\/\",\"url\":\"https:\\\/\\\/millenniumthaimassage.com\\\/terms-of-use\\\/\",\"name\":\"Terms of Use for Our Website - Millennium Thai Massage\",\"isPartOf\":{\"@id\":\"https:\\\/\\\/millenniumthaimassage.com\\\/#website\"},\"datePublished\":\"2023-05-21T18:20:36+00:00\",\"dateModified\":\"2024-06-27T13:46:39+00:00\",\"description\":\"Before using our website, read our terms. Be aware of our policies as you use the site \u2013 we hope to provide you a comfortable experience. Call: 34692475239\",\"breadcrumb\":{\"@id\":\"https:\\\/\\\/millenniumthaimassage.com\\\/terms-of-use\\\/#breadcrumb\"},\"inLanguage\":\"nb-NO\",\"potentialAction\":[{\"@type\":\"ReadAction\",\"target\":[\"https:\\\/\\\/millenniumthaimassage.com\\\/terms-of-use\\\/\"]}]},{\"@type\":\"BreadcrumbList\",\"@id\":\"https:\\\/\\\/millenniumthaimassage.com\\\/terms-of-use\\\/#breadcrumb\",\"itemListElement\":[{\"@type\":\"ListItem\",\"position\":1,\"name\":\"Home\",\"item\":\"https:\\\/\\\/millenniumthaimassage.com\\\/\"},{\"@type\":\"ListItem\",\"position\":2,\"name\":\"Terms of Use\"}]},{\"@type\":\"WebSite\",\"@id\":\"https:\\\/\\\/millenniumthaimassage.com\\\/#website\",\"url\":\"https:\\\/\\\/millenniumthaimassage.com\\\/\",\"name\":\"MILLENNIUM THAI MASSAGE\",\"description\":\"Thai massage\",\"publisher\":{\"@id\":\"https:\\\/\\\/millenniumthaimassage.com\\\/#\\\/schema\\\/person\\\/5da4bdaab162dbb3348e937e27398319\"},\"potentialAction\":[{\"@type\":\"SearchAction\",\"target\":{\"@type\":\"EntryPoint\",\"urlTemplate\":\"https:\\\/\\\/millenniumthaimassage.com\\\/?s={search_term_string}\"},\"query-input\":{\"@type\":\"PropertyValueSpecification\",\"valueRequired\":true,\"valueName\":\"search_term_string\"}}],\"inLanguage\":\"nb-NO\"},{\"@type\":[\"Person\",\"Organization\"],\"@id\":\"https:\\\/\\\/millenniumthaimassage.com\\\/#\\\/schema\\\/person\\\/5da4bdaab162dbb3348e937e27398319\",\"name\":\"JOHN\",\"image\":{\"@type\":\"ImageObject\",\"inLanguage\":\"nb-NO\",\"@id\":\"https:\\\/\\\/millenniumthaimassage.com\\\/wp-content\\\/uploads\\\/2024\\\/12\\\/LOGO-04-Millennium-Thai-Massage-png-scaled.webp\",\"url\":\"https:\\\/\\\/millenniumthaimassage.com\\\/wp-content\\\/uploads\\\/2024\\\/12\\\/LOGO-04-Millennium-Thai-Massage-png-scaled.webp\",\"contentUrl\":\"https:\\\/\\\/millenniumthaimassage.com\\\/wp-content\\\/uploads\\\/2024\\\/12\\\/LOGO-04-Millennium-Thai-Massage-png-scaled.webp\",\"width\":2560,\"height\":2560,\"caption\":\"JOHN\"},\"logo\":{\"@id\":\"https:\\\/\\\/millenniumthaimassage.com\\\/wp-content\\\/uploads\\\/2024\\\/12\\\/LOGO-04-Millennium-Thai-Massage-png-scaled.webp\"},\"sameAs\":[\"http:\\\/\\\/millenniumthaimassage.com\"],\"description\":\"At Millennium Massage, we\u2019re committed to helping you feel and look your best. Our range of special treatments is designed to address a variety of health concerns, including improving circulation, reducing stress and anxiety, and alleviating the unique physical stresses of pregnancy with our pregnancy massage. We also offer beauty services like facials to help you achieve your desired look.\",\"telephone\":\"+34692475239\",\"legalName\":\"MILLENNIUM THAI MASSAGE\"}]}<\/script>\n<!-- \/ Yoast SEO Premium plugin. -->","yoast_head_json":{"title":"Vilk\u00e5r for bruk av nettstedet v\u00e5rt - Millennium Thai Massage","description":"Les vilk\u00e5rene v\u00e5re f\u00f8r du bruker nettstedet v\u00e5rt. V\u00e6r oppmerksom p\u00e5 retningslinjene v\u00e5re n\u00e5r du bruker nettstedet - vi h\u00e5per \u00e5 gi deg en behagelig opplevelse. Ring oss p\u00e5 tlf: 34692475239","robots":{"index":"index","follow":"follow","max-snippet":"max-snippet:-1","max-image-preview":"max-image-preview:large","max-video-preview":"max-video-preview:-1"},"canonical":"https:\/\/millenniumthaimassage.com\/nb\/vilkar-for-bruk\/","og_locale":"nb_NO","og_type":"article","og_title":"Terms of Use","og_description":"Before using our website, read our terms. Be aware of our policies as you use the site \u2013 we hope to provide you a comfortable experience. Call: 34692475239","og_url":"https:\/\/millenniumthaimassage.com\/nb\/vilkar-for-bruk\/","og_site_name":"MILLENNIUM THAI MASSAGE","article_modified_time":"2024-06-27T13:46:39+00:00","twitter_card":"summary_large_image","twitter_misc":{"Ansl. lesetid":"4 minutter"},"schema":{"@context":"https:\/\/schema.org","@graph":[{"@type":"WebPage","@id":"https:\/\/millenniumthaimassage.com\/terms-of-use\/","url":"https:\/\/millenniumthaimassage.com\/terms-of-use\/","name":"Vilk\u00e5r for bruk av nettstedet v\u00e5rt - Millennium Thai Massage","isPartOf":{"@id":"https:\/\/millenniumthaimassage.com\/#website"},"datePublished":"2023-05-21T18:20:36+00:00","dateModified":"2024-06-27T13:46:39+00:00","description":"Les vilk\u00e5rene v\u00e5re f\u00f8r du bruker nettstedet v\u00e5rt. V\u00e6r oppmerksom p\u00e5 retningslinjene v\u00e5re n\u00e5r du bruker nettstedet - vi h\u00e5per \u00e5 gi deg en behagelig opplevelse. Ring oss p\u00e5 tlf: 34692475239","breadcrumb":{"@id":"https:\/\/millenniumthaimassage.com\/terms-of-use\/#breadcrumb"},"inLanguage":"nb-NO","potentialAction":[{"@type":"ReadAction","target":["https:\/\/millenniumthaimassage.com\/terms-of-use\/"]}]},{"@type":"BreadcrumbList","@id":"https:\/\/millenniumthaimassage.com\/terms-of-use\/#breadcrumb","itemListElement":[{"@type":"ListItem","position":1,"name":"Home","item":"https:\/\/millenniumthaimassage.com\/"},{"@type":"ListItem","position":2,"name":"Terms of Use"}]},{"@type":"WebSite","@id":"https:\/\/millenniumthaimassage.com\/#website","url":"https:\/\/millenniumthaimassage.com\/","name":"MILLENNIUM THAI MASSASJE","description":"Thaimassasje","publisher":{"@id":"https:\/\/millenniumthaimassage.com\/#\/schema\/person\/5da4bdaab162dbb3348e937e27398319"},"potentialAction":[{"@type":"SearchAction","target":{"@type":"EntryPoint","urlTemplate":"https:\/\/millenniumthaimassage.com\/?s={search_term_string}"},"query-input":{"@type":"PropertyValueSpecification","valueRequired":true,"valueName":"search_term_string"}}],"inLanguage":"nb-NO"},{"@type":["Person","Organization"],"@id":"https:\/\/millenniumthaimassage.com\/#\/schema\/person\/5da4bdaab162dbb3348e937e27398319","name":"JOHN","image":{"@type":"ImageObject","inLanguage":"nb-NO","@id":"https:\/\/millenniumthaimassage.com\/wp-content\/uploads\/2024\/12\/LOGO-04-Millennium-Thai-Massage-png-scaled.webp","url":"https:\/\/millenniumthaimassage.com\/wp-content\/uploads\/2024\/12\/LOGO-04-Millennium-Thai-Massage-png-scaled.webp","contentUrl":"https:\/\/millenniumthaimassage.com\/wp-content\/uploads\/2024\/12\/LOGO-04-Millennium-Thai-Massage-png-scaled.webp","width":2560,"height":2560,"caption":"JOHN"},"logo":{"@id":"https:\/\/millenniumthaimassage.com\/wp-content\/uploads\/2024\/12\/LOGO-04-Millennium-Thai-Massage-png-scaled.webp"},"sameAs":["http:\/\/millenniumthaimassage.com"],"description":"Hos Millennium Massage er vi opptatt av \u00e5 hjelpe deg med \u00e5 f\u00f8le deg og se best mulig ut. V\u00e5rt utvalg av spesialbehandlinger er utviklet for \u00e5 l\u00f8se en rekke helseproblemer, inkludert \u00e5 forbedre sirkulasjonen, redusere stress og angst, og lindre de unike fysiske p\u00e5kjenningene ved graviditet med v\u00e5r graviditetsmassasje. Vi tilbyr ogs\u00e5 skj\u00f8nnhetstjenester som ansiktsbehandlinger for \u00e5 hjelpe deg med \u00e5 oppn\u00e5 det utseendet du \u00f8nsker.","telephone":"+34692475239","legalName":"MILLENNIUM THAI MASSAGE"}]}},"_links":{"self":[{"href":"https:\/\/millenniumthaimassage.com\/nb\/wp-json\/wp\/v2\/pages\/5809","targetHints":{"allow":["GET"]}}],"collection":[{"href":"https:\/\/millenniumthaimassage.com\/nb\/wp-json\/wp\/v2\/pages"}],"about":[{"href":"https:\/\/millenniumthaimassage.com\/nb\/wp-json\/wp\/v2\/types\/page"}],"author":[{"embeddable":true,"href":"https:\/\/millenniumthaimassage.com\/nb\/wp-json\/wp\/v2\/users\/8"}],"replies":[{"embeddable":true,"href":"https:\/\/millenniumthaimassage.com\/nb\/wp-json\/wp\/v2\/comments?post=5809"}],"version-history":[{"count":2,"href":"https:\/\/millenniumthaimassage.com\/nb\/wp-json\/wp\/v2\/pages\/5809\/revisions"}],"predecessor-version":[{"id":7167,"href":"https:\/\/millenniumthaimassage.com\/nb\/wp-json\/wp\/v2\/pages\/5809\/revisions\/7167"}],"wp:attachment":[{"href":"https:\/\/millenniumthaimassage.com\/nb\/wp-json\/wp\/v2\/media?parent=5809"}],"curies":[{"name":"wp","href":"https:\/\/api.w.org\/{rel}","templated":true}]}}