{"id":5810,"date":"2023-05-21T18:20:40","date_gmt":"2023-05-21T18:20:40","guid":{"rendered":"https:\/\/millenniumthaimassage.com\/privacy-policy\/"},"modified":"2024-06-27T15:45:27","modified_gmt":"2024-06-27T13:45:27","slug":"personvernerklaering","status":"publish","type":"page","link":"https:\/\/millenniumthaimassage.com\/nb\/privacy-policy\/","title":{"rendered":"Retningslinjer for personvern"},"content":{"rendered":"<h1>Retningslinjer for personvern<\/h1>\n<p>Velkommen til https:\/\/millenniumthaimassage.com (\"Nettstedet\"). Vi forst\u00e5r at personvern p\u00e5 nettet er viktig for brukere av nettstedet v\u00e5rt, spesielt n\u00e5r de driver forretninger. Denne erkl\u00e6ringen regulerer personvernreglene v\u00e5re med hensyn til de brukerne av nettstedet (\"Bes\u00f8kende\") som bes\u00f8ker uten \u00e5 gj\u00f8re forretninger og Bes\u00f8kende som registrerer seg for \u00e5 gj\u00f8re forretninger p\u00e5 nettstedet og gj\u00f8re bruk av de forskjellige tjenestene som tilbys av Millennium Thai Massage (samlet \"Tjenester\") (\"Autoriserte kunder\").<\/p>\n<p><span style=\"font-weight: bold;\">\"Personlig identifiserbar informasjon\" <\/span><\/p>\n<p>refererer til all informasjon som identifiserer eller kan brukes til \u00e5 identifisere, kontakte eller lokalisere personen som slik informasjon gjelder, inkludert, men ikke begrenset til, navn, adresse, telefonnummer, faksnummer, e-postadresse, \u00f8konomiske profiler, personnummer og kredittkortinformasjon. Personlig identifiserbar informasjon omfatter ikke informasjon som samles inn anonymt (det vil si uten identifikasjon av den enkelte bruker) eller demografisk informasjon som ikke er knyttet til en identifisert person.<\/p>\n<p><span style=\"font-weight: bold;\">Hvilken personlig identifiserbar informasjon samles inn? <\/span><\/p>\n<p>Vi kan samle inn grunnleggende brukerprofilinformasjon fra alle v\u00e5re bes\u00f8kende. Vi samler inn f\u00f8lgende tilleggsinformasjon fra v\u00e5re autoriserte kunder: navn, adresser, telefonnumre og e-postadresser til autoriserte kunder, virksomhetens art og st\u00f8rrelse, og arten og st\u00f8rrelsen p\u00e5 reklamebeholdningen som den autoriserte kunden har til hensikt \u00e5 kj\u00f8pe eller selge.<\/p>\n<p><span style=\"font-weight: bold;\">Hvilke organisasjoner samler inn informasjonen? <\/span><\/p>\n<p>I tillegg til v\u00e5r direkte innsamling av informasjon, kan v\u00e5re tredjepartsleverand\u00f8rer (for eksempel kredittkortselskaper, oppgj\u00f8rssentraler og banker) som kan tilby tjenester som kreditt-, forsikrings- og deponeringstjenester, samle inn denne informasjonen fra v\u00e5re bes\u00f8kende og autoriserte kunder. Vi kontrollerer ikke hvordan disse tredjepartene bruker slik informasjon, men vi ber dem om \u00e5 opplyse om hvordan de bruker personopplysninger de f\u00e5r fra bes\u00f8kende og autoriserte kunder. Noen av disse tredjepartene kan v\u00e6re mellommenn som kun fungerer som ledd i distribusjonskjeden, og som ikke lagrer, oppbevarer eller bruker informasjonen de f\u00e5r.<\/p>\n<p><span style=\"font-weight: bold;\">Hvordan bruker nettstedet personlig identifiserbar informasjon?<\/span><\/p>\n<p>Vi bruker personlig identifiserbar informasjon til \u00e5 tilpasse nettstedet, til \u00e5 tilby passende tjenester og til \u00e5 oppfylle kj\u00f8ps- og salgsforesp\u00f8rsler p\u00e5 nettstedet. Vi kan sende e-post til bes\u00f8kende og autoriserte kunder om forskning eller kj\u00f8ps- og salgsmuligheter p\u00e5 nettstedet eller informasjon relatert til emnet p\u00e5 nettstedet. Vi kan ogs\u00e5 bruke personlig identifiserbar informasjon til \u00e5 kontakte bes\u00f8kende og autoriserte kunder som svar p\u00e5 spesifikke foresp\u00f8rsler, eller for \u00e5 gi forespurt informasjon.<\/p>\n<p><span style=\"font-weight: bold;\">Hvem kan informasjonen deles med?<\/span><\/p>\n<p>Personlig identifiserbar informasjon om autoriserte kunder kan deles med andre autoriserte kunder som \u00f8nsker \u00e5 evaluere potensielle transaksjoner med andre autoriserte kunder. Vi kan dele aggregert informasjon om v\u00e5re bes\u00f8kende, inkludert demografiske opplysninger om v\u00e5re bes\u00f8kende og autoriserte kunder, med v\u00e5re tilknyttede byr\u00e5er og tredjepartsleverand\u00f8rer. Vi tilbyr ogs\u00e5 muligheten til \u00e5 reservere seg mot \u00e5 motta informasjon eller bli kontaktet av oss eller av et byr\u00e5 som opptrer p\u00e5 v\u00e5re vegne.<\/p>\n<p><span style=\"font-weight: bold;\">Hvordan lagres personlig identifiserbar informasjon?<\/span><\/p>\n<p>Personlig identifiserbar informasjon samlet inn av Millennium Thai Massage lagres sikkert og er ikke tilgjengelig for tredjeparter eller ansatte i Millennium Thai Massage, bortsett fra for bruk som angitt ovenfor.<\/p>\n<p><span style=\"font-weight: bold;\">Hvilke valgmuligheter har de bes\u00f8kende n\u00e5r det gjelder innsamling, bruk og distribusjon av informasjonen?<\/span><\/p>\n<p>Bes\u00f8kende og autoriserte kunder kan reservere seg mot \u00e5 motta u\u00f8nsket informasjon fra eller bli kontaktet av oss og\/eller v\u00e5re leverand\u00f8rer og tilknyttede byr\u00e5er ved \u00e5 svare p\u00e5 e-post som anvist, eller ved \u00e5 kontakte oss p\u00e5 Llevante beach, Av. Madrid 1 Edi. Estacha Local 1, 03503 Benidorm, Spania<\/p>\n<p><span style=\"font-weight: bold;\">Brukes informasjonskapsler p\u00e5 nettstedet?<\/span><\/p>\n<p>Informasjonskapsler brukes av en rekke \u00e5rsaker. Vi bruker informasjonskapsler for \u00e5 innhente informasjon om preferansene til v\u00e5re bes\u00f8kende og hvilke tjenester de velger. Vi bruker ogs\u00e5 informasjonskapsler av sikkerhetshensyn for \u00e5 beskytte v\u00e5re autoriserte kunder. Hvis en autorisert kunde for eksempel er logget p\u00e5 og nettstedet ikke brukes i mer enn 10 minutter, logger vi automatisk av den autoriserte kunden.<\/p>\n<p><span style=\"font-weight: bold;\">Hvordan bruker Millennium Thai Massage p\u00e5loggingsinformasjon? <\/span><\/p>\n<p>Millennium Thai Massage bruker p\u00e5loggingsinformasjon, inkludert, men ikke begrenset til, IP-adresser, Internett-leverand\u00f8rer og nettlesertyper, for \u00e5 analysere trender, administrere nettstedet, spore en brukers bevegelse og bruk og samle bred demografisk informasjon.<\/p>\n<p><span style=\"font-weight: bold;\">Hvilke partnere eller tjenesteleverand\u00f8rer har tilgang til personlig identifiserbar informasjon fra bes\u00f8kende og\/eller autoriserte kunder p\u00e5 nettstedet?<\/span><\/p>\n<p>Millennium Thai Massage har inng\u00e5tt og vil fortsette \u00e5 inng\u00e5 partnerskap og andre tilknytninger med en rekke leverand\u00f8rer. Slike leverand\u00f8rer kan ha tilgang til visse personlig identifiserbare opplysninger p\u00e5 et behov for \u00e5 vite grunnlag for \u00e5 evaluere autoriserte kunder for tjenesteberettigelse. V\u00e5r personvernerkl\u00e6ring dekker ikke deres innsamling eller bruk av denne informasjonen. Utlevering av personlig identifiserbar informasjon for \u00e5 overholde loven. Vi vil utlevere personlig identifiserbar informasjon for \u00e5 etterkomme en rettskjennelse eller stevning eller en anmodning fra et politimyndighet om \u00e5 utlevere informasjon. Vi vil ogs\u00e5 utlevere personlig identifiserbar informasjon n\u00e5r det er rimelig n\u00f8dvendig for \u00e5 beskytte sikkerheten til v\u00e5re bes\u00f8kende og autoriserte kunder.<\/p>\n<p><span style=\"font-weight: bold;\">Hvordan holder nettstedet personlig identifiserbar informasjon sikker?<\/span><\/p>\n<p>Alle v\u00e5re ansatte er kjent med v\u00e5re sikkerhetspolicyer og -praksis. Personlig identifiserbar informasjon om v\u00e5re bes\u00f8kende og autoriserte kunder er kun tilgjengelig for et begrenset antall kvalifiserte ansatte som har f\u00e5tt passord for \u00e5 f\u00e5 tilgang til informasjonen. Vi reviderer sikkerhetssystemene og -prosessene v\u00e5re jevnlig. Sensitiv informasjon, for eksempel kredittkortnumre eller personnummer, er beskyttet av krypteringsprotokoller som er p\u00e5 plass for \u00e5 beskytte informasjon som sendes over Internett. Selv om vi iverksetter kommersielt rimelige tiltak for \u00e5 opprettholde et sikkert nettsted, er elektronisk kommunikasjon og databaser utsatt for feil, manipulering og innbrudd, og vi kan ikke garantere eller garantere at slike hendelser ikke vil finne sted, og vi vil ikke v\u00e6re ansvarlige overfor bes\u00f8kende eller autoriserte kunder for slike hendelser.<\/p>\n<p><span style=\"font-weight: bold;\">Hvordan kan bes\u00f8kende korrigere eventuelle un\u00f8yaktigheter i personlig identifiserbar informasjon?<\/span><\/p>\n<p>Bes\u00f8kende og autoriserte kunder kan kontakte oss for \u00e5 oppdatere personlig identifiserbar informasjon om dem eller for \u00e5 korrigere eventuelle un\u00f8yaktigheter ved \u00e5 sende oss en e-post til info@millenniumthaimassage.com<\/p>\n<p><span style=\"font-weight: bold;\">Kan en bes\u00f8kende slette eller deaktivere personlig identifiserbar informasjon som er samlet inn av nettstedet?<\/span><\/p>\n<p>Vi tilbyr bes\u00f8kende og autoriserte kunder en mekanisme for \u00e5 slette\/deaktivere personlig identifiserbar informasjon fra nettstedets database ved \u00e5 kontakte . P\u00e5 grunn av sikkerhetskopier og registrering av slettinger kan det imidlertid v\u00e6re umulig \u00e5 slette en bes\u00f8kendes oppf\u00f8ring uten \u00e5 beholde noe gjenv\u00e6rende informasjon. En person som ber om \u00e5 f\u00e5 personlig identifiserbar informasjon deaktivert, vil f\u00e5 denne informasjonen funksjonelt slettet, og vi vil ikke selge, overf\u00f8re eller bruke personlig identifiserbar informasjon knyttet til denne personen p\u00e5 noen m\u00e5te i fremtiden.<\/p>\n<p><span style=\"font-weight: bold;\">Hva skjer hvis personvernerkl\u00e6ringen endres?<\/span><\/p>\n<p>Vi vil informere v\u00e5re bes\u00f8kende og autoriserte kunder om endringer i v\u00e5re retningslinjer for personvern ved \u00e5 legge ut slike endringer p\u00e5 nettstedet. Hvis vi imidlertid endrer personvernerkl\u00e6ringen v\u00e5r p\u00e5 en m\u00e5te som kan f\u00f8re til utlevering av personlig identifiserbar informasjon som en bes\u00f8kende eller autorisert kunde tidligere har bedt om ikke \u00e5 bli utlevert, vil vi kontakte den bes\u00f8kende eller autoriserte kunden for \u00e5 gi den bes\u00f8kende eller autoriserte kunden mulighet til \u00e5 forhindre slik utlevering.<\/p>\n<p><span style=\"font-weight: bold;\">Lenker:<\/span><\/p>\n<p>https:\/\/millenniumthaimassage.com inneholder lenker til andre nettsteder. V\u00e6r oppmerksom p\u00e5 at n\u00e5r du klikker p\u00e5 en av disse lenkene, flyttes du til et annet nettsted. Vi oppfordrer deg til \u00e5 lese personvernerkl\u00e6ringene til disse nettstedene, da deres retningslinjer for personvern kan avvike fra v\u00e5re.<\/p>","protected":false},"excerpt":{"rendered":"<p>Privacy Policy Welcome to https:\/\/millenniumthaimassage.com (the \u201dSite\u201d).We understand that privacy online is important to users of our Site, especially when conducting business.This statement governs our privacy policies with respect to those users of the Site (\u201dVisitors\u201d) who visit without transacting business and Visitors who register to transact business on the Site and make use of [&hellip;]<\/p>\n","protected":false},"author":8,"featured_media":0,"parent":0,"menu_order":0,"comment_status":"closed","ping_status":"closed","template":"","meta":{"footnotes":""},"class_list":["post-5810","page","type-page","status-publish","hentry"],"blocksy_meta":[],"featured_image_urls":{"full":"","thumbnail":"","medium":"","medium_large":"","large":"","1536x1536":"","2048x2048":"","trp-custom-language-flag":"","voucher-thumb":"","voucher-medium":""},"post_excerpt_stackable":"<p>Privacy Policy Welcome to https:\/\/millenniumthaimassage.com (the \u201dSite\u201d).We understand that privacy online is important to users of our Site, especially when conducting business.This statement governs our privacy policies with respect to those users of the Site (\u201dVisitors\u201d) who visit without transacting business and Visitors who register to transact business on the Site and make use of the various services offered by Millennium Thai Massage (collectively, \u201dServices\u201d) (\u201dAuthorized Customers\u201d). \u201dPersonally Identifiable Information\u201d refers to any information that identifies or can be used to identify, contact, or locate the person to whom such information pertains, including, but not limited to, name, address, phone&hellip;<\/p>\n","category_list":"","author_info":{"name":"JOHN","url":"https:\/\/millenniumthaimassage.com\/nb\/author\/john\/"},"comments_num":"0 kommentarer","yoast_head":"<!-- This site is optimized with the Yoast SEO Premium plugin v27.2 (Yoast SEO v27.3) - https:\/\/yoast.com\/product\/yoast-seo-premium-wordpress\/ -->\n<title>Read Millennium Thai Massage\u2019s Privacy Policy<\/title>\n<meta name=\"description\" content=\"Your privacy comes first for us. Get details on how we collect and use private information and how we protect it. Call: 34692475239\" \/>\n<meta name=\"robots\" content=\"index, follow, max-snippet:-1, max-image-preview:large, max-video-preview:-1\" \/>\n<link rel=\"canonical\" href=\"https:\/\/millenniumthaimassage.com\/nb\/personvernerklaering\/\" \/>\n<meta property=\"og:locale\" content=\"nb_NO\" \/>\n<meta property=\"og:type\" content=\"article\" \/>\n<meta property=\"og:title\" content=\"Privacy Policy\" \/>\n<meta property=\"og:description\" content=\"Your privacy comes first for us. Get details on how we collect and use private information and how we protect it. Call: 34692475239\" \/>\n<meta property=\"og:url\" content=\"https:\/\/millenniumthaimassage.com\/nb\/personvernerklaering\/\" \/>\n<meta property=\"og:site_name\" content=\"MILLENNIUM THAI MASSAGE\" \/>\n<meta property=\"article:modified_time\" content=\"2024-06-27T13:45:27+00:00\" \/>\n<meta name=\"twitter:card\" content=\"summary_large_image\" \/>\n<meta name=\"twitter:label1\" content=\"Ansl. lesetid\" \/>\n\t<meta name=\"twitter:data1\" content=\"6 minutter\" \/>\n<script type=\"application\/ld+json\" class=\"yoast-schema-graph\">{\"@context\":\"https:\\\/\\\/schema.org\",\"@graph\":[{\"@type\":\"WebPage\",\"@id\":\"https:\\\/\\\/millenniumthaimassage.com\\\/privacy-policy\\\/\",\"url\":\"https:\\\/\\\/millenniumthaimassage.com\\\/privacy-policy\\\/\",\"name\":\"Read Millennium Thai Massage\u2019s Privacy Policy\",\"isPartOf\":{\"@id\":\"https:\\\/\\\/millenniumthaimassage.com\\\/#website\"},\"datePublished\":\"2023-05-21T18:20:40+00:00\",\"dateModified\":\"2024-06-27T13:45:27+00:00\",\"description\":\"Your privacy comes first for us. Get details on how we collect and use private information and how we protect it. Call: 34692475239\",\"breadcrumb\":{\"@id\":\"https:\\\/\\\/millenniumthaimassage.com\\\/privacy-policy\\\/#breadcrumb\"},\"inLanguage\":\"nb-NO\",\"potentialAction\":[{\"@type\":\"ReadAction\",\"target\":[\"https:\\\/\\\/millenniumthaimassage.com\\\/privacy-policy\\\/\"]}]},{\"@type\":\"BreadcrumbList\",\"@id\":\"https:\\\/\\\/millenniumthaimassage.com\\\/privacy-policy\\\/#breadcrumb\",\"itemListElement\":[{\"@type\":\"ListItem\",\"position\":1,\"name\":\"Home\",\"item\":\"https:\\\/\\\/millenniumthaimassage.com\\\/\"},{\"@type\":\"ListItem\",\"position\":2,\"name\":\"Privacy Policy\"}]},{\"@type\":\"WebSite\",\"@id\":\"https:\\\/\\\/millenniumthaimassage.com\\\/#website\",\"url\":\"https:\\\/\\\/millenniumthaimassage.com\\\/\",\"name\":\"MILLENNIUM THAI MASSAGE\",\"description\":\"Thai massage\",\"publisher\":{\"@id\":\"https:\\\/\\\/millenniumthaimassage.com\\\/#\\\/schema\\\/person\\\/5da4bdaab162dbb3348e937e27398319\"},\"potentialAction\":[{\"@type\":\"SearchAction\",\"target\":{\"@type\":\"EntryPoint\",\"urlTemplate\":\"https:\\\/\\\/millenniumthaimassage.com\\\/?s={search_term_string}\"},\"query-input\":{\"@type\":\"PropertyValueSpecification\",\"valueRequired\":true,\"valueName\":\"search_term_string\"}}],\"inLanguage\":\"nb-NO\"},{\"@type\":[\"Person\",\"Organization\"],\"@id\":\"https:\\\/\\\/millenniumthaimassage.com\\\/#\\\/schema\\\/person\\\/5da4bdaab162dbb3348e937e27398319\",\"name\":\"JOHN\",\"image\":{\"@type\":\"ImageObject\",\"inLanguage\":\"nb-NO\",\"@id\":\"https:\\\/\\\/millenniumthaimassage.com\\\/wp-content\\\/uploads\\\/2024\\\/12\\\/LOGO-04-Millennium-Thai-Massage-png-scaled.webp\",\"url\":\"https:\\\/\\\/millenniumthaimassage.com\\\/wp-content\\\/uploads\\\/2024\\\/12\\\/LOGO-04-Millennium-Thai-Massage-png-scaled.webp\",\"contentUrl\":\"https:\\\/\\\/millenniumthaimassage.com\\\/wp-content\\\/uploads\\\/2024\\\/12\\\/LOGO-04-Millennium-Thai-Massage-png-scaled.webp\",\"width\":2560,\"height\":2560,\"caption\":\"JOHN\"},\"logo\":{\"@id\":\"https:\\\/\\\/millenniumthaimassage.com\\\/wp-content\\\/uploads\\\/2024\\\/12\\\/LOGO-04-Millennium-Thai-Massage-png-scaled.webp\"},\"sameAs\":[\"http:\\\/\\\/millenniumthaimassage.com\"],\"description\":\"At Millennium Massage, we\u2019re committed to helping you feel and look your best. Our range of special treatments is designed to address a variety of health concerns, including improving circulation, reducing stress and anxiety, and alleviating the unique physical stresses of pregnancy with our pregnancy massage. We also offer beauty services like facials to help you achieve your desired look.\",\"telephone\":\"+34692475239\",\"legalName\":\"MILLENNIUM THAI MASSAGE\"}]}<\/script>\n<!-- \/ Yoast SEO Premium plugin. -->","yoast_head_json":{"title":"Les Millennium Thai Massages personvernerkl\u00e6ring","description":"Personvernet ditt kommer f\u00f8rst for oss. F\u00e5 mer informasjon om hvordan vi samler inn og bruker privat informasjon, og hvordan vi beskytter den. Ring oss p\u00e5 34692475239","robots":{"index":"index","follow":"follow","max-snippet":"max-snippet:-1","max-image-preview":"max-image-preview:large","max-video-preview":"max-video-preview:-1"},"canonical":"https:\/\/millenniumthaimassage.com\/nb\/personvernerklaering\/","og_locale":"nb_NO","og_type":"article","og_title":"Privacy Policy","og_description":"Your privacy comes first for us. Get details on how we collect and use private information and how we protect it. Call: 34692475239","og_url":"https:\/\/millenniumthaimassage.com\/nb\/personvernerklaering\/","og_site_name":"MILLENNIUM THAI MASSAGE","article_modified_time":"2024-06-27T13:45:27+00:00","twitter_card":"summary_large_image","twitter_misc":{"Ansl. lesetid":"6 minutter"},"schema":{"@context":"https:\/\/schema.org","@graph":[{"@type":"WebPage","@id":"https:\/\/millenniumthaimassage.com\/privacy-policy\/","url":"https:\/\/millenniumthaimassage.com\/privacy-policy\/","name":"Les Millennium Thai Massages personvernerkl\u00e6ring","isPartOf":{"@id":"https:\/\/millenniumthaimassage.com\/#website"},"datePublished":"2023-05-21T18:20:40+00:00","dateModified":"2024-06-27T13:45:27+00:00","description":"Personvernet ditt kommer f\u00f8rst for oss. F\u00e5 mer informasjon om hvordan vi samler inn og bruker privat informasjon, og hvordan vi beskytter den. Ring oss p\u00e5 34692475239","breadcrumb":{"@id":"https:\/\/millenniumthaimassage.com\/privacy-policy\/#breadcrumb"},"inLanguage":"nb-NO","potentialAction":[{"@type":"ReadAction","target":["https:\/\/millenniumthaimassage.com\/privacy-policy\/"]}]},{"@type":"BreadcrumbList","@id":"https:\/\/millenniumthaimassage.com\/privacy-policy\/#breadcrumb","itemListElement":[{"@type":"ListItem","position":1,"name":"Home","item":"https:\/\/millenniumthaimassage.com\/"},{"@type":"ListItem","position":2,"name":"Privacy Policy"}]},{"@type":"WebSite","@id":"https:\/\/millenniumthaimassage.com\/#website","url":"https:\/\/millenniumthaimassage.com\/","name":"MILLENNIUM THAI MASSASJE","description":"Thaimassasje","publisher":{"@id":"https:\/\/millenniumthaimassage.com\/#\/schema\/person\/5da4bdaab162dbb3348e937e27398319"},"potentialAction":[{"@type":"SearchAction","target":{"@type":"EntryPoint","urlTemplate":"https:\/\/millenniumthaimassage.com\/?s={search_term_string}"},"query-input":{"@type":"PropertyValueSpecification","valueRequired":true,"valueName":"search_term_string"}}],"inLanguage":"nb-NO"},{"@type":["Person","Organization"],"@id":"https:\/\/millenniumthaimassage.com\/#\/schema\/person\/5da4bdaab162dbb3348e937e27398319","name":"JOHN","image":{"@type":"ImageObject","inLanguage":"nb-NO","@id":"https:\/\/millenniumthaimassage.com\/wp-content\/uploads\/2024\/12\/LOGO-04-Millennium-Thai-Massage-png-scaled.webp","url":"https:\/\/millenniumthaimassage.com\/wp-content\/uploads\/2024\/12\/LOGO-04-Millennium-Thai-Massage-png-scaled.webp","contentUrl":"https:\/\/millenniumthaimassage.com\/wp-content\/uploads\/2024\/12\/LOGO-04-Millennium-Thai-Massage-png-scaled.webp","width":2560,"height":2560,"caption":"JOHN"},"logo":{"@id":"https:\/\/millenniumthaimassage.com\/wp-content\/uploads\/2024\/12\/LOGO-04-Millennium-Thai-Massage-png-scaled.webp"},"sameAs":["http:\/\/millenniumthaimassage.com"],"description":"Hos Millennium Massage er vi opptatt av \u00e5 hjelpe deg med \u00e5 f\u00f8le deg og se best mulig ut. V\u00e5rt utvalg av spesialbehandlinger er utviklet for \u00e5 l\u00f8se en rekke helseproblemer, inkludert \u00e5 forbedre sirkulasjonen, redusere stress og angst, og lindre de unike fysiske p\u00e5kjenningene ved graviditet med v\u00e5r graviditetsmassasje. Vi tilbyr ogs\u00e5 skj\u00f8nnhetstjenester som ansiktsbehandlinger for \u00e5 hjelpe deg med \u00e5 oppn\u00e5 det utseendet du \u00f8nsker.","telephone":"+34692475239","legalName":"MILLENNIUM THAI MASSAGE"}]}},"_links":{"self":[{"href":"https:\/\/millenniumthaimassage.com\/nb\/wp-json\/wp\/v2\/pages\/5810","targetHints":{"allow":["GET"]}}],"collection":[{"href":"https:\/\/millenniumthaimassage.com\/nb\/wp-json\/wp\/v2\/pages"}],"about":[{"href":"https:\/\/millenniumthaimassage.com\/nb\/wp-json\/wp\/v2\/types\/page"}],"author":[{"embeddable":true,"href":"https:\/\/millenniumthaimassage.com\/nb\/wp-json\/wp\/v2\/users\/8"}],"replies":[{"embeddable":true,"href":"https:\/\/millenniumthaimassage.com\/nb\/wp-json\/wp\/v2\/comments?post=5810"}],"version-history":[{"count":4,"href":"https:\/\/millenniumthaimassage.com\/nb\/wp-json\/wp\/v2\/pages\/5810\/revisions"}],"predecessor-version":[{"id":7675,"href":"https:\/\/millenniumthaimassage.com\/nb\/wp-json\/wp\/v2\/pages\/5810\/revisions\/7675"}],"wp:attachment":[{"href":"https:\/\/millenniumthaimassage.com\/nb\/wp-json\/wp\/v2\/media?parent=5810"}],"curies":[{"name":"wp","href":"https:\/\/api.w.org\/{rel}","templated":true}]}}