{"id":5816,"date":"2023-05-21T18:25:07","date_gmt":"2023-05-21T18:25:07","guid":{"rendered":"https:\/\/millenniumthaimassage.com\/?page_id=5816"},"modified":"2024-06-27T15:44:36","modified_gmt":"2024-06-27T13:44:36","slug":"massasjepolicy","status":"publish","type":"page","link":"https:\/\/millenniumthaimassage.com\/nb\/massage-policy\/","title":{"rendered":"Retningslinjer for massasje"},"content":{"rendered":"<h1>Retningslinjer for massasje<\/h1>\n<p>Velkommen til Millennium Thai Massage, hvor vi \u00f8nsker \u00e5 tilby profesjonelle og terapeutiske tjenester i et avslappende og vennlig milj\u00f8 som er skreddersydd til dine behov. Vi er opptatt av \u00e5 tilby alle v\u00e5re kunder en enest\u00e5ende og unik opplevelse.<\/p>\n\n\n\n<p>Av hensyn til terapeutenes og din tid har vi etablert f\u00f8lgende retningslinjer og prosedyrer for f\u00f8rstegangs- og gjenbes\u00f8k.<\/p>\n\n\n\n<h6 class=\"wp-block-heading\" id=\"h-nbsp-nbsp-nbsp-arrival-at-your-massage-treatment\"><strong>&nbsp; &nbsp; &nbsp; Ankomst til massasjebehandlingen<\/strong><\/h6>\n\n\n\n<ul class=\"wp-block-list\">\n<li>S\u00f8rg for \u00e5 ankomme minst 10 minutter f\u00f8r timen din starter. Da har du nok tid til \u00e5 fylle ut n\u00f8dvendige kundeskjemaer, skifte og forberede deg til behandlingen. Siden alle behandlinger har et bestemt tidsskjema, er det viktig at du kommer tidlig for \u00e5 sikre en avslappet og rolig opplevelse. Hvis du uunng\u00e5elig kommer for sent, kan behandlingen bli forkortet for \u00e5 holde tidsplanen, og den opprinnelige behandlingstiden kan bli belastet.<\/li>\n<\/ul>\n\n\n\n<h6 class=\"wp-block-heading\" id=\"h-nbsp-nbsp-nbsp-cancellation-policy-and-fees\">&nbsp; &nbsp; &nbsp; <strong>Avbestillingsregler og gebyrer<\/strong><\/h6>\n\n\n\n<ul class=\"wp-block-list\">\n<li>Vi setter pris p\u00e5 at du kommer til oss, og vi har reservert behandlingstidene dine eksklusivt for deg. Vennligst respekter v\u00e5re retningslinjer for timeplanlegging ved \u00e5 varsle oss minst 24 timer f\u00f8r du trenger \u00e5 avbestille eller flytte timen din. Klienter som uteblir fra en time uten \u00e5 varsle p\u00e5 forh\u00e5nd, vil bli belastet for hele den planlagte timen. Hvis du avbestiller en time mindre enn 24 timer i forveien, m\u00e5 du betale et avbestillingsgebyr. Vi forst\u00e5r at uforutsette hendelser kan oppst\u00e5, og vi oppfordrer deg til \u00e5 ringe oss hvis du trenger \u00e5 endre avtalen din.<\/li>\n<\/ul>\n\n\n\n<h6 class=\"wp-block-heading\" id=\"h-nbsp-nbsp-nbsp-nbsp-late-arrival-policy\">&nbsp; &nbsp; &nbsp; &nbsp;<strong>Retningslinjer for sen ankomst<\/strong><\/h6>\n\n\n\n<ul class=\"wp-block-list\">\n<li>Alle behandlingstimer er planlagt til bestemte tider, og det er dessverre ikke mulig \u00e5 forlenge timen hvis du kommer for sent. Hvis timeplanen v\u00e5r tillater det, kan vi i spesielle tilfeller gi deg en delvis eller full time, men da m\u00e5 du varsle oss p\u00e5 forh\u00e5nd om at du kommer for sent. Vi forbeholder oss retten til \u00e5 belaste den opprinnelige reservasjonsavgiften.<\/li>\n<\/ul>\n\n\n\n<h6 class=\"wp-block-heading\" id=\"h-nbsp-nbsp-nbsp-no-show-policy\">&nbsp; &nbsp; &nbsp; <strong>Retningslinjer for manglende oppm\u00f8te<\/strong><\/h6>\n\n\n\n<ul class=\"wp-block-list\">\n<li>Vi forst\u00e5r at uforutsette situasjoner oppst\u00e5r i alles liv. Hvis du ikke kan holde avtalen din, m\u00e5 du ringe oss for \u00e5 varsle oss. Kunder som uteblir fra avtaler uten \u00e5 varsle oss p\u00e5 forh\u00e5nd, kan komme til \u00e5 betale full pris for den planlagte tjenesten.<\/li>\n<\/ul>\n\n\n\n<h6 class=\"wp-block-heading\" id=\"h-nbsp-nbsp-nbsp-informed-consent\">&nbsp; &nbsp; &nbsp; <strong>Informert samtykke<\/strong><\/h6>\n\n\n\n<ul class=\"wp-block-list\">\n<li>F\u00f8r hver massasjebehandling vil v\u00e5re terapeuter diskutere behandlingsplanen med deg. Les og signer v\u00e5rt samtykkeskjema for behandling, som viser at du forst\u00e5r og samtykker i \u00e5 overholde v\u00e5re profesjonelle retningslinjer og prosedyrer for massasjeterapi. Kunder som ikke har bes\u00f8kt oss p\u00e5 minst ett \u00e5r, kan ogs\u00e5 bli bedt om \u00e5 fylle ut dette skjemaet.<\/li>\n<\/ul>\n\n\n\n<h6 class=\"wp-block-heading\" id=\"h-nbsp-nbsp-nbsp-scope-of-practice\">&nbsp; &nbsp; &nbsp;<strong> Omfanget av praksis<\/strong><\/h6>\n\n\n\n<ul class=\"wp-block-list\">\n<li>V\u00e5re lisensierte fagfolk holder seg til de h\u00f8yeste standardene i massasjeterapifaget. Massasjeterapi, akupunktur og soneterapi inneb\u00e6rer manuelle teknikker og kan inkludere tilleggsbehandlinger for \u00e5 p\u00e5virke klientens helse og velv\u00e6re positivt. V\u00e5re terapeuter diagnostiserer eller foreskriver imidlertid ikke medisinske tilstander, og vi kan henvise deg til en lege for diagnose eller behandling. V\u00e5re tjenester er ikke ment \u00e5 v\u00e6re et alternativ til riktig medisinsk behandling for spesifikke tilstander, s\u00e5 kontakt lege for eventuelle tilstander som krever medisinsk behandling.<\/li>\n<\/ul>\n\n\n\n<h6 class=\"wp-block-heading\" id=\"h-nbsp-nbsp-nbsp-respect-for-client-needs-and-boundaries\">&nbsp; &nbsp; &nbsp; <strong>Respekt for kundens behov og grenser<\/strong><\/h6>\n\n\n\n<ul class=\"wp-block-list\">\n<li>For \u00e5 sikre at alle f\u00f8ler seg komfortable og trygge, forventer vi at alle kunder f\u00f8lger visse retningslinjer for oppf\u00f8rsel i lokalene v\u00e5re. Kundene m\u00e5 oppf\u00f8re seg p\u00e5 en m\u00e5te som er respektfull og passende overfor v\u00e5re ansatte og andre kunder. Dette inneb\u00e6rer blant annet \u00e5 avst\u00e5 fra \u00e5 bruke et spr\u00e5k eller oppf\u00f8re seg p\u00e5 en m\u00e5te som er diskriminerende, st\u00f8tende eller truende. I tillegg m\u00e5 kundene til enhver tid respektere massasjeterapeutenes personlige grenser og komfortniv\u00e5. Vi vil gi kundene v\u00e5re klare retningslinjer ved ankomst til senteret, inkludert informasjon om passende bekledning, oppf\u00f8rsel under massasjen og andre relevante retningslinjer. Vi ber kundene om \u00e5 lese og f\u00f8lge disse retningslinjene under hele bes\u00f8ket.<\/li>\n<\/ul>\n\n\n\n<h6 class=\"wp-block-heading\" id=\"h-nbsp-nbsp-nbsp-nbsp-payment-policy\">&nbsp; &nbsp; &nbsp; &nbsp;<strong>Retningslinjer for betaling<\/strong><\/h6>\n\n\n\n<ul class=\"wp-block-list\">\n<li>Hos MillenniumThai Massage aksepterer vi ulike former for betaling, inkludert kreditt-\/debetkort, kontanter og gavekort. Betaling skal skje p\u00e5 tidspunktet for enhver tjeneste, og vi tilbyr ikke kreditt- eller faktureringstjenester. Vi samler ikke inn kredittkortinformasjonen din for fremtidig bruk, og vi vil ikke belaste kortet ditt uten ditt samtykke.<\/li>\n<\/ul>\n\n\n\n<h6 class=\"wp-block-heading\" id=\"h-nbsp-nbsp-nbsp-gratuity-policy\">&nbsp; &nbsp; &nbsp; <strong>Retningslinjer for drikkepenger<\/strong><\/h6>\n\n\n\n<ul class=\"wp-block-list\">\n<li>Drikkepenger er ikke en del av v\u00e5re servicepriser. Selv om det ikke er p\u00e5krevd, er det vanlig \u00e5 gi terapeuten din drikkepenger hvis du er forn\u00f8yd med behandlingen, og bel\u00f8pet er opp til deg. Du kan betale kontant eller legge til drikkepengene p\u00e5 kredittkortbetalingen n\u00e5r timen er over.<\/li>\n<\/ul>\n\n\n\n<h6 class=\"wp-block-heading\" id=\"h-nbsp-nbsp-nbsp-mobile-phone-policy\">&nbsp; &nbsp; &nbsp;<strong> Retningslinjer for mobiltelefoner<\/strong><\/h6>\n\n\n\n<ul class=\"wp-block-list\">\n<li>For \u00e5 sikre et avslappende milj\u00f8 for alle gjester, ber vi deg sl\u00e5 av mobiltelefonen eller sette den i lydl\u00f8s modus mens du er p\u00e5 behandlingssenteret. Hvis du har et viktig anrop, vennligst g\u00e5 utenfor behandlingsrommet for \u00e5 unng\u00e5 \u00e5 forstyrre andre gjester.<\/li>\n<\/ul>\n\n\n\n<h6 class=\"wp-block-heading\" id=\"h-nbsp-nbsp-nbsp-health-conditions-and-medications\">&nbsp; &nbsp; &nbsp; <strong>Helsetilstander og medisiner<\/strong><\/h6>\n\n\n\n<ul class=\"wp-block-list\">\n<li>Du m\u00e5 informere terapeuten din om eventuelle helsetilstander, skader eller medisiner du tar f\u00f8r timen din. Dette vil hjelpe oss med \u00e5 skreddersy behandlingen til dine behov og sikre din sikkerhet. Hvis du er usikker p\u00e5 om massasjeterapi er trygt for deg, ber vi deg r\u00e5df\u00f8re deg med legen din f\u00f8r du bestiller time.<\/li>\n<\/ul>\n\n\n\n<h6 class=\"wp-block-heading\" id=\"h-nbsp-nbsp-nbsp-child-policy\"><strong>&nbsp; &nbsp; &nbsp;Retningslinjer for barn<\/strong><\/h6>\n\n\n\n<ul class=\"wp-block-list\">\n<li>Vi tilbyr ikke barnepass, og vi ber om at du bare tar med barn til timen din hvis de f\u00e5r en tjeneste. Hvis du m\u00e5 ta med barn, m\u00e5 du s\u00f8rge for at de er veloppdragne og kan oppholde seg i ro under timen. V\u00e6r oppmerksom p\u00e5 at barn under 18 \u00e5r m\u00e5 v\u00e6re i f\u00f8lge med en forelder eller foresatt.<\/li>\n<\/ul>\n\n\n\n<h6 class=\"wp-block-heading\" id=\"h-nbsp-nbsp-nbsp-feedback-policy\"><strong>&nbsp; &nbsp; &nbsp; Retningslinjer for tilbakemelding<\/strong><\/h6>\n\n\n\n<ul class=\"wp-block-list\">\n<li>Vi setter pris p\u00e5 tilbakemeldingene dine og streber etter \u00e5 yte enest\u00e5ende service. Gi oss beskjed hvis du har noen bekymringer eller forslag om behandlingen din eller retningslinjene v\u00e5re. Vi setter pris p\u00e5 tilbakemeldingene dine og vil gj\u00f8re v\u00e5rt beste for \u00e5 l\u00f8se eventuelle problemer s\u00e5 raskt som mulig.<\/li>\n<\/ul>\n\n\n\n<h6 class=\"wp-block-heading\" id=\"h-nbsp-nbsp-nbsp-violence-policy\"><strong>&nbsp; &nbsp; &nbsp;Retningslinjer for vold<\/strong><\/h6>\n\n\n\n<ul class=\"wp-block-list\">\n<li>Hos MillenniumThai Massage tilbyr vi et trygt og respektfullt milj\u00f8 for alle kunder og ansatte. Vi har nulltoleranse for vold, aggresjon eller trakassering. Enhver person som ut\u00f8ver slik atferd, vil bli bedt om \u00e5 forlate stedet umiddelbart, og vi kan involvere myndighetene om n\u00f8dvendig. I tillegg vil enhver kunde som opptrer voldelig eller aggressivt, bli utestengt fra anlegget v\u00e5rt, og vi kan anmelde vedkommende. Vi forbeholder oss retten til \u00e5 iverksette n\u00f8dvendige tiltak for \u00e5 sikre v\u00e5re kunders og ansattes sikkerhet og velv\u00e6re.<\/li>\n<\/ul>\n\n\n\n<p>Ved \u00e5 bestille time hos Millennium Thai Massage godtar du disse retningslinjene og prosedyrene. Vi ser frem til \u00e5 gi deg en avslappende og terapeutisk opplevelse.<\/p>","protected":false},"excerpt":{"rendered":"<p>Massage Policy Welcome to Millennium Thai Massage, where we intend to provide professional and therapeutic services in a relaxing and friendly environment tailored to your needs. We are committed to offering all our clients an outstanding and unique experience. Considering our therapists\u2019 and your time, we have established the following policies and procedures for your [&hellip;]<\/p>\n","protected":false},"author":8,"featured_media":0,"parent":0,"menu_order":0,"comment_status":"closed","ping_status":"closed","template":"","meta":{"footnotes":""},"class_list":["post-5816","page","type-page","status-publish","hentry"],"blocksy_meta":[],"featured_image_urls":{"full":"","thumbnail":"","medium":"","medium_large":"","large":"","1536x1536":"","2048x2048":"","trp-custom-language-flag":"","voucher-thumb":"","voucher-medium":""},"post_excerpt_stackable":"<p>Massage Policy Welcome to Millennium Thai Massage, where we intend to provide professional and therapeutic services in a relaxing and friendly environment tailored to your needs. We are committed to offering all our clients an outstanding and unique experience. Considering our therapists\u2019 and your time, we have established the following policies and procedures for your first-time and repeat visits. &nbsp; &nbsp; &nbsp; Arrival at Your Massage Treatment Make sure to arrive at least 10 minutes before your appointment\u2019s starting time. This will give you enough time to fill out any necessary client forms, change and prepare for your service. Since&hellip;<\/p>\n","category_list":"","author_info":{"name":"JOHN","url":"https:\/\/millenniumthaimassage.com\/nb\/author\/john\/"},"comments_num":"0 kommentarer","yoast_head":"<!-- This site is optimized with the Yoast SEO Premium plugin v27.2 (Yoast SEO v27.3) - https:\/\/yoast.com\/product\/yoast-seo-premium-wordpress\/ -->\n<title>Know Millennium Thai Massage\u2019s Massage Policy<\/title>\n<meta name=\"description\" content=\"Take some time to read all about our massage policy. We provide professional therapeutic services. Experience our calming Thai massages today.\" \/>\n<meta name=\"robots\" content=\"index, follow, max-snippet:-1, max-image-preview:large, max-video-preview:-1\" \/>\n<link rel=\"canonical\" href=\"https:\/\/millenniumthaimassage.com\/nb\/massasjepolicy\/\" \/>\n<meta property=\"og:locale\" content=\"nb_NO\" \/>\n<meta property=\"og:type\" content=\"article\" \/>\n<meta property=\"og:title\" content=\"Massage Policy\" \/>\n<meta property=\"og:description\" content=\"Take some time to read all about our massage policy. We provide professional therapeutic services. Experience our calming Thai massages today.\" \/>\n<meta property=\"og:url\" content=\"https:\/\/millenniumthaimassage.com\/nb\/massasjepolicy\/\" \/>\n<meta property=\"og:site_name\" content=\"MILLENNIUM THAI MASSAGE\" \/>\n<meta property=\"article:modified_time\" content=\"2024-06-27T13:44:36+00:00\" \/>\n<meta name=\"twitter:card\" content=\"summary_large_image\" \/>\n<meta name=\"twitter:label1\" content=\"Ansl. lesetid\" \/>\n\t<meta name=\"twitter:data1\" content=\"5 minutter\" \/>\n<script type=\"application\/ld+json\" class=\"yoast-schema-graph\">{\"@context\":\"https:\\\/\\\/schema.org\",\"@graph\":[{\"@type\":\"WebPage\",\"@id\":\"https:\\\/\\\/millenniumthaimassage.com\\\/massage-policy\\\/\",\"url\":\"https:\\\/\\\/millenniumthaimassage.com\\\/massage-policy\\\/\",\"name\":\"Know Millennium Thai Massage\u2019s Massage Policy\",\"isPartOf\":{\"@id\":\"https:\\\/\\\/millenniumthaimassage.com\\\/#website\"},\"datePublished\":\"2023-05-21T18:25:07+00:00\",\"dateModified\":\"2024-06-27T13:44:36+00:00\",\"description\":\"Take some time to read all about our massage policy. We provide professional therapeutic services. Experience our calming Thai massages today.\",\"breadcrumb\":{\"@id\":\"https:\\\/\\\/millenniumthaimassage.com\\\/massage-policy\\\/#breadcrumb\"},\"inLanguage\":\"nb-NO\",\"potentialAction\":[{\"@type\":\"ReadAction\",\"target\":[\"https:\\\/\\\/millenniumthaimassage.com\\\/massage-policy\\\/\"]}]},{\"@type\":\"BreadcrumbList\",\"@id\":\"https:\\\/\\\/millenniumthaimassage.com\\\/massage-policy\\\/#breadcrumb\",\"itemListElement\":[{\"@type\":\"ListItem\",\"position\":1,\"name\":\"Home\",\"item\":\"https:\\\/\\\/millenniumthaimassage.com\\\/\"},{\"@type\":\"ListItem\",\"position\":2,\"name\":\"Massage Policy\"}]},{\"@type\":\"WebSite\",\"@id\":\"https:\\\/\\\/millenniumthaimassage.com\\\/#website\",\"url\":\"https:\\\/\\\/millenniumthaimassage.com\\\/\",\"name\":\"MILLENNIUM THAI MASSAGE\",\"description\":\"Thai massage\",\"publisher\":{\"@id\":\"https:\\\/\\\/millenniumthaimassage.com\\\/#\\\/schema\\\/person\\\/5da4bdaab162dbb3348e937e27398319\"},\"potentialAction\":[{\"@type\":\"SearchAction\",\"target\":{\"@type\":\"EntryPoint\",\"urlTemplate\":\"https:\\\/\\\/millenniumthaimassage.com\\\/?s={search_term_string}\"},\"query-input\":{\"@type\":\"PropertyValueSpecification\",\"valueRequired\":true,\"valueName\":\"search_term_string\"}}],\"inLanguage\":\"nb-NO\"},{\"@type\":[\"Person\",\"Organization\"],\"@id\":\"https:\\\/\\\/millenniumthaimassage.com\\\/#\\\/schema\\\/person\\\/5da4bdaab162dbb3348e937e27398319\",\"name\":\"JOHN\",\"image\":{\"@type\":\"ImageObject\",\"inLanguage\":\"nb-NO\",\"@id\":\"https:\\\/\\\/millenniumthaimassage.com\\\/wp-content\\\/uploads\\\/2024\\\/12\\\/LOGO-04-Millennium-Thai-Massage-png-scaled.webp\",\"url\":\"https:\\\/\\\/millenniumthaimassage.com\\\/wp-content\\\/uploads\\\/2024\\\/12\\\/LOGO-04-Millennium-Thai-Massage-png-scaled.webp\",\"contentUrl\":\"https:\\\/\\\/millenniumthaimassage.com\\\/wp-content\\\/uploads\\\/2024\\\/12\\\/LOGO-04-Millennium-Thai-Massage-png-scaled.webp\",\"width\":2560,\"height\":2560,\"caption\":\"JOHN\"},\"logo\":{\"@id\":\"https:\\\/\\\/millenniumthaimassage.com\\\/wp-content\\\/uploads\\\/2024\\\/12\\\/LOGO-04-Millennium-Thai-Massage-png-scaled.webp\"},\"sameAs\":[\"http:\\\/\\\/millenniumthaimassage.com\"],\"description\":\"At Millennium Massage, we\u2019re committed to helping you feel and look your best. Our range of special treatments is designed to address a variety of health concerns, including improving circulation, reducing stress and anxiety, and alleviating the unique physical stresses of pregnancy with our pregnancy massage. We also offer beauty services like facials to help you achieve your desired look.\",\"telephone\":\"+34692475239\",\"legalName\":\"MILLENNIUM THAI MASSAGE\"}]}<\/script>\n<!-- \/ Yoast SEO Premium plugin. -->","yoast_head_json":{"title":"Kjenn til Millennium Thai Massages massasjepolicy","description":"Ta deg tid til \u00e5 lese alt om v\u00e5r massasjepolicy. Vi tilbyr profesjonelle terapeutiske tjenester. Opplev v\u00e5r beroligende thaimassasje i dag.","robots":{"index":"index","follow":"follow","max-snippet":"max-snippet:-1","max-image-preview":"max-image-preview:large","max-video-preview":"max-video-preview:-1"},"canonical":"https:\/\/millenniumthaimassage.com\/nb\/massasjepolicy\/","og_locale":"nb_NO","og_type":"article","og_title":"Massage Policy","og_description":"Take some time to read all about our massage policy. We provide professional therapeutic services. Experience our calming Thai massages today.","og_url":"https:\/\/millenniumthaimassage.com\/nb\/massasjepolicy\/","og_site_name":"MILLENNIUM THAI MASSAGE","article_modified_time":"2024-06-27T13:44:36+00:00","twitter_card":"summary_large_image","twitter_misc":{"Ansl. lesetid":"5 minutter"},"schema":{"@context":"https:\/\/schema.org","@graph":[{"@type":"WebPage","@id":"https:\/\/millenniumthaimassage.com\/massage-policy\/","url":"https:\/\/millenniumthaimassage.com\/massage-policy\/","name":"Kjenn til Millennium Thai Massages massasjepolicy","isPartOf":{"@id":"https:\/\/millenniumthaimassage.com\/#website"},"datePublished":"2023-05-21T18:25:07+00:00","dateModified":"2024-06-27T13:44:36+00:00","description":"Ta deg tid til \u00e5 lese alt om v\u00e5r massasjepolicy. Vi tilbyr profesjonelle terapeutiske tjenester. Opplev v\u00e5r beroligende thaimassasje i dag.","breadcrumb":{"@id":"https:\/\/millenniumthaimassage.com\/massage-policy\/#breadcrumb"},"inLanguage":"nb-NO","potentialAction":[{"@type":"ReadAction","target":["https:\/\/millenniumthaimassage.com\/massage-policy\/"]}]},{"@type":"BreadcrumbList","@id":"https:\/\/millenniumthaimassage.com\/massage-policy\/#breadcrumb","itemListElement":[{"@type":"ListItem","position":1,"name":"Home","item":"https:\/\/millenniumthaimassage.com\/"},{"@type":"ListItem","position":2,"name":"Massage Policy"}]},{"@type":"WebSite","@id":"https:\/\/millenniumthaimassage.com\/#website","url":"https:\/\/millenniumthaimassage.com\/","name":"MILLENNIUM THAI MASSASJE","description":"Thaimassasje","publisher":{"@id":"https:\/\/millenniumthaimassage.com\/#\/schema\/person\/5da4bdaab162dbb3348e937e27398319"},"potentialAction":[{"@type":"SearchAction","target":{"@type":"EntryPoint","urlTemplate":"https:\/\/millenniumthaimassage.com\/?s={search_term_string}"},"query-input":{"@type":"PropertyValueSpecification","valueRequired":true,"valueName":"search_term_string"}}],"inLanguage":"nb-NO"},{"@type":["Person","Organization"],"@id":"https:\/\/millenniumthaimassage.com\/#\/schema\/person\/5da4bdaab162dbb3348e937e27398319","name":"JOHN","image":{"@type":"ImageObject","inLanguage":"nb-NO","@id":"https:\/\/millenniumthaimassage.com\/wp-content\/uploads\/2024\/12\/LOGO-04-Millennium-Thai-Massage-png-scaled.webp","url":"https:\/\/millenniumthaimassage.com\/wp-content\/uploads\/2024\/12\/LOGO-04-Millennium-Thai-Massage-png-scaled.webp","contentUrl":"https:\/\/millenniumthaimassage.com\/wp-content\/uploads\/2024\/12\/LOGO-04-Millennium-Thai-Massage-png-scaled.webp","width":2560,"height":2560,"caption":"JOHN"},"logo":{"@id":"https:\/\/millenniumthaimassage.com\/wp-content\/uploads\/2024\/12\/LOGO-04-Millennium-Thai-Massage-png-scaled.webp"},"sameAs":["http:\/\/millenniumthaimassage.com"],"description":"Hos Millennium Massage er vi opptatt av \u00e5 hjelpe deg med \u00e5 f\u00f8le deg og se best mulig ut. V\u00e5rt utvalg av spesialbehandlinger er utviklet for \u00e5 l\u00f8se en rekke helseproblemer, inkludert \u00e5 forbedre sirkulasjonen, redusere stress og angst, og lindre de unike fysiske p\u00e5kjenningene ved graviditet med v\u00e5r graviditetsmassasje. Vi tilbyr ogs\u00e5 skj\u00f8nnhetstjenester som ansiktsbehandlinger for \u00e5 hjelpe deg med \u00e5 oppn\u00e5 det utseendet du \u00f8nsker.","telephone":"+34692475239","legalName":"MILLENNIUM THAI MASSAGE"}]}},"_links":{"self":[{"href":"https:\/\/millenniumthaimassage.com\/nb\/wp-json\/wp\/v2\/pages\/5816","targetHints":{"allow":["GET"]}}],"collection":[{"href":"https:\/\/millenniumthaimassage.com\/nb\/wp-json\/wp\/v2\/pages"}],"about":[{"href":"https:\/\/millenniumthaimassage.com\/nb\/wp-json\/wp\/v2\/types\/page"}],"author":[{"embeddable":true,"href":"https:\/\/millenniumthaimassage.com\/nb\/wp-json\/wp\/v2\/users\/8"}],"replies":[{"embeddable":true,"href":"https:\/\/millenniumthaimassage.com\/nb\/wp-json\/wp\/v2\/comments?post=5816"}],"version-history":[{"count":19,"href":"https:\/\/millenniumthaimassage.com\/nb\/wp-json\/wp\/v2\/pages\/5816\/revisions"}],"predecessor-version":[{"id":7649,"href":"https:\/\/millenniumthaimassage.com\/nb\/wp-json\/wp\/v2\/pages\/5816\/revisions\/7649"}],"wp:attachment":[{"href":"https:\/\/millenniumthaimassage.com\/nb\/wp-json\/wp\/v2\/media?parent=5816"}],"curies":[{"name":"wp","href":"https:\/\/api.w.org\/{rel}","templated":true}]}}